{"id":2701,"date":"2021-10-08T11:58:25","date_gmt":"2021-10-08T09:58:25","guid":{"rendered":"https:\/\/antcube.shop\/produkt\/camponotus-ligniperdus-braunschwarze-rossameise\/"},"modified":"2023-03-21T16:35:04","modified_gmt":"2023-03-21T15:35:04","slug":"camponotus-ligniperdus-braunschwarze-rossameise","status":"publish","type":"product","link":"https:\/\/antcube.shop\/es\/producto\/camponotus-ligniperdus-braunschwarze-rossameise\/","title":{"rendered":"Camponotus ligniperdus"},"content":{"rendered":"<table border=\"1\" cellspacing=\"1\" cellpadding=\"1\">\n<tbody>\n<tr>\n<td><strong>Nombre latino:<\/strong><\/td>\n<td><strong><img data-recalc-dims=\"1\" loading=\"lazy\" decoding=\"async\" src=\"https:\/\/i0.wp.com\/www.antstore.net\/shop\/images\/icons\/ants\/lateinname.jpg?resize=30%2C30&#038;ssl=1\" alt=\"\" width=\"30\" height=\"30\" \/><\/strong><\/td>\n<td><em>Camponotus ligniperdus<\/em><br \/>\n<strong>Sin\u00f3nimos:<\/strong> Camponotus ligniperda<\/td>\n<\/tr>\n<tr>\n<td><strong>Nombre trivial:<\/strong><\/td>\n<td><strong><img data-recalc-dims=\"1\" loading=\"lazy\" decoding=\"async\" src=\"https:\/\/i0.wp.com\/www.antstore.net\/shop\/images\/icons\/ants\/trivialname.jpg?resize=30%2C30&#038;ssl=1\" alt=\"\" width=\"30\" height=\"30\" \/><\/strong><\/td>\n<td>hormiga carpintera negra y marr\u00f3n<\/td>\n<\/tr>\n<tr>\n<td><strong>Taxonom\u00eda:<\/strong><\/td>\n<td><strong><img data-recalc-dims=\"1\" loading=\"lazy\" decoding=\"async\" src=\"https:\/\/i0.wp.com\/www.antstore.net\/shop\/images\/icons\/ants\/taxonomie.jpg?resize=30%2C30&#038;ssl=1\" alt=\"\" width=\"30\" height=\"30\" \/><\/strong><\/td>\n<td><strong>Subfamilia:<\/strong> Formicinae <strong>Tribu:<\/strong> Camponotini<\/td>\n<\/tr>\n<tr>\n<td><strong>Mantener el nivel:<\/strong><\/td>\n<td><strong><img data-recalc-dims=\"1\" loading=\"lazy\" decoding=\"async\" src=\"https:\/\/i0.wp.com\/www.antstore.net\/shop\/images\/icons\/ants\/haltungsklasse.jpg?resize=30%2C30&#038;ssl=1\" alt=\"\" width=\"30\" height=\"30\" \/><\/strong><\/td>\n<td><strong>(1)<\/strong> para principiantes con una colonia de al menos 10 trabajadores \/ es muy inactiva<\/td>\n<\/tr>\n<tr>\n<td><strong><span style=\"font-family: Arial;\">Distribuci\u00f3n:<\/span><\/strong><\/td>\n<td><strong><img data-recalc-dims=\"1\" loading=\"lazy\" decoding=\"async\" src=\"https:\/\/i0.wp.com\/www.antstore.net\/shop\/images\/icons\/ants\/verbreitung.jpg?resize=30%2C30&#038;ssl=1\" alt=\"\" width=\"30\" height=\"30\" \/><\/strong><\/td>\n<td>Europa Central (en toda Alemania en lugares soleados)<\/td>\n<\/tr>\n<tr>\n<td><span style=\"font-family: Arial;\"><b>H\u00e1bitat<\/b><\/span><\/td>\n<td><strong><img data-recalc-dims=\"1\" loading=\"lazy\" decoding=\"async\" src=\"https:\/\/i0.wp.com\/www.antstore.net\/shop\/images\/icons\/ants\/habitat.jpg?resize=30%2C30&#038;ssl=1\" alt=\"\" width=\"30\" height=\"30\" \/><\/strong><\/td>\n<td>prefiere los bosques mixtos con una gran parte de abetos, tambi\u00e9n en pastizales x\u00e9ricos y semix\u00e9ricos<\/td>\n<\/tr>\n<tr>\n<td><strong>Colonyform:<\/strong><\/td>\n<td><strong><img data-recalc-dims=\"1\" loading=\"lazy\" decoding=\"async\" src=\"https:\/\/i0.wp.com\/www.antstore.net\/shop\/images\/icons\/ants\/Kolonieform.jpg?resize=30%2C30&#038;ssl=1\" alt=\"\" width=\"30\" height=\"30\" \/><\/strong><\/td>\n<td><span style=\"font-family: Arial;\">mon\u00f3gino, raramente olig\u00f3gino<\/span><\/td>\n<\/tr>\n<tr>\n<td><strong>La reina:<\/strong><\/td>\n<td><strong><img data-recalc-dims=\"1\" loading=\"lazy\" decoding=\"async\" src=\"https:\/\/i0.wp.com\/www.antstore.net\/shop\/images\/icons\/ants\/koenigin.jpg?resize=30%2C30&#038;ssl=1\" alt=\"\" width=\"30\" height=\"30\" \/><\/strong><\/td>\n<td><strong>Tama\u00f1o:<\/strong> 14 - 16 mm <strong>Color:<\/strong> negro; pecho: parcialmente de color rojo como el abdomen<\/td>\n<\/tr>\n<tr>\n<td><strong>Trabajador:<\/strong><\/td>\n<td><img data-recalc-dims=\"1\" loading=\"lazy\" decoding=\"async\" src=\"https:\/\/i0.wp.com\/www.antstore.net\/shop\/images\/icons\/ants\/arbeiterin.jpg?resize=30%2C30&#038;ssl=1\" alt=\"\" width=\"30\" height=\"30\" \/><\/td>\n<td><strong>Tama\u00f1o:<\/strong><span style=\"font-family: Arial;\"> 6 - 13 mm <\/span><strong>Color:<\/strong><span style=\"font-family: Arial;\"> rojo-negro; t\u00f3rax: parcialmente rojo como el abdomen, extremadamente polimorfo (trabajador menor, medio y mayor)<\/span>s)<\/td>\n<\/tr>\n<tr>\n<td><strong>Soldado:<\/strong><\/td>\n<td><img data-recalc-dims=\"1\" loading=\"lazy\" decoding=\"async\" src=\"https:\/\/i0.wp.com\/www.antstore.net\/shop\/images\/icons\/ants\/soldaten.jpg?resize=30%2C30&#038;ssl=1\" alt=\"\" width=\"30\" height=\"30\" \/><\/td>\n<td>no est\u00e1 presente<\/td>\n<\/tr>\n<tr>\n<td><strong>Hombres:<\/strong><\/td>\n<td><img data-recalc-dims=\"1\" loading=\"lazy\" decoding=\"async\" src=\"https:\/\/i0.wp.com\/www.antstore.net\/shop\/images\/icons\/ants\/maennchen.jpg?resize=30%2C30&#038;ssl=1\" alt=\"\" width=\"30\" height=\"30\" \/><\/td>\n<td><strong>Tama\u00f1o:<\/strong> 8 - 12 mm <strong>Color:<\/strong> negro , delgado<\/td>\n<\/tr>\n<tr>\n<td><span style=\"font-family: Arial;\"><b>Nutrici\u00f3n<\/b><\/span><\/td>\n<td><img data-recalc-dims=\"1\" loading=\"lazy\" decoding=\"async\" src=\"https:\/\/i0.wp.com\/www.antstore.net\/shop\/images\/icons\/ants\/nahrung.jpg?resize=30%2C30&#038;ssl=1\" alt=\"\" width=\"30\" height=\"30\" \/><\/td>\n<td>Agua de miel e insectos, por ejemplo, d\u00edpteros como moscas o mosquitos<\/td>\n<\/tr>\n<tr>\n<td><strong>La humedad del aire:<\/strong><\/td>\n<td><strong><img data-recalc-dims=\"1\" loading=\"lazy\" decoding=\"async\" src=\"https:\/\/i0.wp.com\/www.antstore.net\/shop\/images\/icons\/ants\/feuchtigkeit.jpg?resize=30%2C30&#038;ssl=1\" alt=\"\" width=\"30\" height=\"30\" \/><\/strong><\/td>\n<td><strong>Arena:<\/strong> 30 &#8211; 50% <strong>Nestpart:<\/strong> 50 &#8211; 60%<\/td>\n<\/tr>\n<tr>\n<td><strong>La temperatura:<\/strong><\/td>\n<td><strong><img data-recalc-dims=\"1\" loading=\"lazy\" decoding=\"async\" src=\"https:\/\/i0.wp.com\/www.antstore.net\/shop\/images\/icons\/ants\/temperatur.jpg?resize=30%2C30&#038;ssl=1\" alt=\"\" width=\"30\" height=\"30\" \/><\/strong><\/td>\n<td><strong>Arena:<\/strong> 18 - 28\u00b0C <strong>Nestpart:<\/strong> 21 - 24\u00b0C<\/td>\n<\/tr>\n<tr>\n<td><strong>Hibernaci\u00f3n:<\/strong><\/td>\n<td><img data-recalc-dims=\"1\" loading=\"lazy\" decoding=\"async\" src=\"https:\/\/i0.wp.com\/www.antstore.net\/shop\/images\/icons\/ants\/winterruhe.jpg?resize=30%2C30&#038;ssl=1\" alt=\"\" width=\"30\" height=\"30\" \/><\/td>\n<td>s\u00ed, desde finales de octubre hasta finales de marzo a 5 - 8\u00b0C ( tiene un Biorritmo end\u00f3geno)<\/td>\n<\/tr>\n<tr>\n<td><strong>Forma de nido:<\/strong><\/td>\n<td><img data-recalc-dims=\"1\" loading=\"lazy\" decoding=\"async\" src=\"https:\/\/i0.wp.com\/www.antstore.net\/shop\/images\/icons\/ants\/nestform.jpg?resize=30%2C30&#038;ssl=1\" alt=\"\" width=\"30\" height=\"30\" \/><\/td>\n<td>Construyen sus nidos bajo la madera con grandes \u00e1reas subterr\u00e1neas; s\u00f3lo nidos en el suelo<\/td>\n<\/tr>\n<tr>\n<td><strong>Tipo de Formicaria:<\/strong><\/td>\n<td><img data-recalc-dims=\"1\" loading=\"lazy\" decoding=\"async\" src=\"https:\/\/i0.wp.com\/www.antstore.net\/shop\/images\/icons\/ants\/formicarienart.jpg?resize=30%2C30&#038;ssl=1\" alt=\"\" width=\"30\" height=\"30\" \/><\/td>\n<td>Granja, Farmbasin, Cuenca, Framebasin, Isla, Acrylcylinder, Digfix<\/td>\n<\/tr>\n<tr>\n<td><strong>Tama\u00f1o de la formicaria:<\/strong><\/td>\n<td><strong><img data-recalc-dims=\"1\" loading=\"lazy\" decoding=\"async\" src=\"https:\/\/i0.wp.com\/www.antstore.net\/shop\/images\/icons\/ants\/formicariengroesse.jpg?resize=30%2C30&#038;ssl=1\" alt=\"\" width=\"30\" height=\"30\" \/><\/strong><\/td>\n<td><strong>Tama\u00f1o:<\/strong> <strong><span style=\"color: #339966;\">M<\/span><\/strong> &#8211; <strong>L<\/strong><\/td>\n<\/tr>\n<tr>\n<td><strong>Sustrato:<\/strong><\/td>\n<td><strong><img data-recalc-dims=\"1\" loading=\"lazy\" decoding=\"async\" src=\"https:\/\/i0.wp.com\/www.antstore.net\/shop\/images\/icons\/ants\/substrat.jpg?resize=30%2C30&#038;ssl=1\" alt=\"\" width=\"30\" height=\"30\" \/><\/strong><\/td>\n<td>Granja: Arena-arena, corcho, madera blanda Arena: Arena\/Espuma de arena<\/td>\n<\/tr>\n<tr>\n<td><strong>La plantaci\u00f3n:<\/strong><\/td>\n<td><img data-recalc-dims=\"1\" loading=\"lazy\" decoding=\"async\" src=\"https:\/\/i0.wp.com\/www.antstore.net\/shop\/images\/icons\/ants\/bepflanzung.jpg?resize=30%2C30&#038;ssl=1\" alt=\"\" width=\"30\" height=\"30\" \/><\/td>\n<td>similar a la zona de bosque y monta\u00f1a con musgo, hierba y otras plantas<\/td>\n<\/tr>\n<tr>\n<td><strong>Decoraci\u00f3n:<\/strong><\/td>\n<td><img data-recalc-dims=\"1\" loading=\"lazy\" decoding=\"async\" src=\"https:\/\/i0.wp.com\/www.antstore.net\/shop\/images\/icons\/ants\/dekoration.jpg?resize=30%2C30&#038;ssl=1\" alt=\"\" width=\"30\" height=\"30\" \/><\/td>\n<td>Ramas, Ra\u00edces, Semillas de Tr\u00e9bol,<\/td>\n<\/tr>\n<tr>\n<td><strong>Descripci\u00f3n:<\/strong><\/td>\n<td><img data-recalc-dims=\"1\" loading=\"lazy\" decoding=\"async\" src=\"https:\/\/i0.wp.com\/www.antstore.net\/shop\/images\/icons\/ants\/beschreibung.jpg?resize=30%2C30&#038;ssl=1\" alt=\"\" width=\"30\" height=\"30\" \/><\/td>\n<td>El Camponotus pertenece a las hormigas m\u00e1s grandes de Europa. Muy inactivas y fortificadas. Atacan a los seres humanos s\u00f3lo en caso de perturbaci\u00f3n del nido. Muestra actividad de d\u00eda y de noche (diurna y nocturna). Construyen los nidos preferentemente bajo la madera o las piedras. Un calentador radiante debe calentar de vez en cuando una piedra o una parte del hormiguero.<\/td>\n<\/tr>\n<tr>\n<td><strong>Desarrollo:<\/strong><\/td>\n<td><strong><img data-recalc-dims=\"1\" loading=\"lazy\" decoding=\"async\" src=\"https:\/\/i0.wp.com\/www.antstore.net\/shop\/images\/icons\/ants\/entwicklung.jpg?resize=30%2C30&#038;ssl=1\" alt=\"\" width=\"30\" height=\"30\" \/><\/strong><\/td>\n<td><strong>vuelo de apareamiento:<\/strong><span style=\"font-family: Arial;\"> en d\u00edas c\u00e1lidos de mediados de mayo a finales de junio a 22 - 28\u00b0C , <\/span><br \/>\n<strong>fundando:<\/strong><span style=\"font-family: Arial;\">\u00a0 claustral (sin alimentaci\u00f3n) pero tambi\u00e9n son posibles la Pleometrosis o las Adopciones.<\/span><br \/>\n<span style=\"font-family: Arial;\">desde el huevo hasta la obrera adulta aprox. 8 - 10 semanas (huevo a larva: aprox. 10 - 16 d\u00edas, larva a pupa: aprox. 10 - 14 d\u00edas, pupa a obrera: aprox. 10 - 24 d\u00edas, dependiendo de la temperatura).<\/span><br \/>\n<span style=\"font-family: Arial;\">La principal \u00e9poca de actividad es entre abril y septiembre, y la vida de la reina puede ser de hasta 15 a\u00f1os (a\u00fan no est\u00e1 del todo claro). <\/span><br \/>\n<strong>tama\u00f1o de la colonia:<\/strong><span style=\"font-family: Arial;\"> hasta 10.000 personas<\/span><\/td>\n<\/tr>\n<tr>\n<td><strong>Cantidad:<\/strong><\/td>\n<td><img data-recalc-dims=\"1\" loading=\"lazy\" decoding=\"async\" src=\"https:\/\/i0.wp.com\/www.antstore.net\/shop\/images\/icons\/ants\/menge.jpg?resize=30%2C30&#038;ssl=1\" alt=\"\" width=\"30\" height=\"30\" \/><\/td>\n<td>una reina fecundada con obreras (ver selecci\u00f3n); cr\u00eda (seg\u00fan la temporada y el desarrollo)<\/td>\n<\/tr>\n<tr>\n<td><strong>Enlaces web:<\/strong><\/td>\n<td><a href=\"http:\/\/www.antstore.net\/viewforum.php?f=9\"><span style=\"color: #0000ff;\"><img data-recalc-dims=\"1\" loading=\"lazy\" decoding=\"async\" src=\"https:\/\/i0.wp.com\/www.antstore.net\/shop\/images\/icons\/ants\/weblinks.jpg?resize=30%2C30&#038;ssl=1\" alt=\"\" width=\"30\" height=\"30\" \/><\/span><\/a><\/td>\n<td><a href=\"http:\/\/www.antstore.net\/viewforum.php?f=9\"><span style=\"color: #0000ff;\">- Foro<\/span><\/a><\/p>\n<p><span style=\"color: #0000ff;\"><a href=\"http:\/\/www.antweb.org\/description.do?subfamily=formicinae&amp;genus=camponotus&amp;name=ligniperda&amp;rank=species&amp;project=allantwebants\">- Referencia<\/a><\/span><\/td>\n<\/tr>\n<\/tbody>\n<\/table>","protected":false},"excerpt":{"rendered":"<p>Mantener el nivel 1<br \/>\n<span style=\"font-family: Arial;\">Tama\u00f1o:<strong> <span style=\"color: #339966;\">M<\/span> - L<\/strong><\/span><\/p>","protected":false},"featured_media":3376,"comment_status":"open","ping_status":"closed","template":"","meta":{"_acf_changed":false,"content-type":"","_monsterinsights_skip_tracking":false,"_monsterinsights_sitenote_active":false,"_monsterinsights_sitenote_note":"","_monsterinsights_sitenote_category":0},"product_brand":[],"product_cat":[107,112,108,109],"product_tag":[],"class_list":{"0":"post-2701","1":"product","2":"type-product","3":"status-publish","4":"has-post-thumbnail","6":"product_cat-ants","7":"product_cat-asia","8":"product_cat-northern-europe","9":"product_cat-southern-europe","11":"first","12":"instock","13":"product-type-external"},"acf":[],"aioseo_notices":[],"jetpack_sharing_enabled":true,"_links":{"self":[{"href":"https:\/\/antcube.shop\/es\/wp-json\/wp\/v2\/product\/2701","targetHints":{"allow":["GET"]}}],"collection":[{"href":"https:\/\/antcube.shop\/es\/wp-json\/wp\/v2\/product"}],"about":[{"href":"https:\/\/antcube.shop\/es\/wp-json\/wp\/v2\/types\/product"}],"replies":[{"embeddable":true,"href":"https:\/\/antcube.shop\/es\/wp-json\/wp\/v2\/comments?post=2701"}],"wp:featuredmedia":[{"embeddable":true,"href":"https:\/\/antcube.shop\/es\/wp-json\/wp\/v2\/media\/3376"}],"wp:attachment":[{"href":"https:\/\/antcube.shop\/es\/wp-json\/wp\/v2\/media?parent=2701"}],"wp:term":[{"taxonomy":"product_brand","embeddable":true,"href":"https:\/\/antcube.shop\/es\/wp-json\/wp\/v2\/product_brand?post=2701"},{"taxonomy":"product_cat","embeddable":true,"href":"https:\/\/antcube.shop\/es\/wp-json\/wp\/v2\/product_cat?post=2701"},{"taxonomy":"product_tag","embeddable":true,"href":"https:\/\/antcube.shop\/es\/wp-json\/wp\/v2\/product_tag?post=2701"}],"curies":[{"name":"wp","href":"https:\/\/api.w.org\/{rel}","templated":true}]}}