{"id":2673,"date":"2021-10-04T15:33:49","date_gmt":"2021-10-04T13:33:49","guid":{"rendered":"https:\/\/antcube.shop\/produkt\/antcube-starter-set-l-20x20-combi\/"},"modified":"2026-04-03T11:58:39","modified_gmt":"2026-04-03T09:58:39","slug":"antcube-starter-set-l-20x20-combi","status":"publish","type":"product","link":"https:\/\/antcube.shop\/es\/producto\/antcube-starter-set-l-20x20-combi\/","title":{"rendered":"ANTCUBE Starter Set L - 20\u00d720 - Combi"},"content":{"rendered":"<p><strong>Contenido:<\/strong><br \/>\n1x ANTCUBE - Arena 20x20x20 - Combi L<br \/>\n1x cubierta de hormigueros 20\u00d720<br \/>\n4x puntos de fijaci\u00f3n para la cubierta de la arena<br \/>\n2x tapones Formicarium para agujero de 27mm<br \/>\n2x tap\u00f3n Formicarium para agujero de 50mm<br \/>\n1x sustrato - arena-marfil - 1000g<br \/>\n1x bebedero 2ml - 360 grados<br \/>\n1x dish clear 1&#215;20 &#8211; sponge<br \/>\n1x lupa de mano - 2x - 30mm<br \/>\n1x pinzas de pl\u00e1stico transparente<br \/>\n1x pipeta de pl\u00e1stico de 3ml<br \/>\n1x Aceite de escape para hormigas 10ml<br \/>\n1x limpiador de espuma 150x18x2,5mm<\/p>\n<p><strong>Descripci\u00f3n:<\/strong><br \/>\nEste set de iniciaci\u00f3n - Combi es adecuado para la mayor\u00eda de las especies de hormigas que excavan en el suelo.<br \/>\nEl juego es muy compacto y los accesorios incluidos se reducen a lo m\u00e1s importante.<br \/>\nPor lo tanto, se trata de un conjunto econ\u00f3mico fabricado con materiales de alta calidad, que es ideal para los principiantes en la cr\u00eda de hormigas.<br \/>\nEl sustrato incluido, arena-arcilla beige, es bien aceptado por la mayor\u00eda de las especies de hormigas excavadoras.<\/p>\n<p>Opcionalmente, se pueden colocar otros sustratos de tierra o insertos de nido en la zona de nido de la arena.<br \/>\nEn las sugerencias (v\u00e9ase m\u00e1s abajo) encontrar\u00e1 m\u00e1s accesorios \u00fatiles.<\/p>\n<p><strong>Recomendaci\u00f3n:<\/strong> Recomendamos una capa de sustrato de 2 mm de altura, para que los animales no puedan escarbar en la arena y, en cambio, utilicen la granja proporcionada para este fin. Tambi\u00e9n recomendamos que el material de anidaci\u00f3n de la granja (arena\/arcilla, Digfix, etc.) est\u00e9 ligeramente pinchado en un lugar para facilitar la excavaci\u00f3n a los animales.<\/p>\n<p><strong>Es importante:<\/strong> Por favor, humedezca el sustrato antes de utilizarlo para que la mezcla pueda aglutinarse y desarrollarse firmemente en el hormiguero. Adem\u00e1s, un sustrato demasiado seco y polvoriento puede provocar la obstrucci\u00f3n de las v\u00edas respiratorias de las hormigas y, en el peor de los casos, los animales pueden asfixiarse.<\/p>\n<p><strong>Aviso:<\/strong><br \/>\nCuando utilice nuestros insertos para nidos, tenga en cuenta que son 8 mm m\u00e1s estrechos, ya que fueron dise\u00f1ados originalmente para adaptarse a nuestros hormigueros m\u00e1s estrechos, as\u00ed como a los insertos para arenas. En este caso, el espacio intermedio tendr\u00eda que rellenarse con material de relleno, como yeso o arcilla.<\/p>\n<p><strong>Notas sobre la producci\u00f3n<\/strong><br \/>\nEl vidrio se corta seg\u00fan la norma DIN 1249 con una tolerancia de +\/- 1 mm. En el caso de especies de hormigas extremadamente peque\u00f1as, es imprescindible una protecci\u00f3n adicional contra el escape.<\/p>\n<p><strong>Instrucciones:<\/strong><br \/>\n- DE Instrucciones de uso Starter Set Combi (PDF 7,98 MB)<br \/>\n- ES Instrucciones de uso - Starter Set Combi (PDF 7,94 MB)<br \/>\n- ES Manual de instrucciones - Set de inicio Combi (PDF 7,94 MB)<br \/>\n- FR Manuel d'instruction - Kit de d\u00e9marrage Combi (PDF 7,95 MB)<\/p>","protected":false},"excerpt":{"rendered":"<p>El juego consta de 18 piezas y es adecuado para todas las especies de hormigas.<br \/>\nTama\u00f1o: <span style=\"color: #0000ff;\"><strong>L<\/strong><\/span><\/p>","protected":false},"featured_media":5445,"comment_status":"open","ping_status":"closed","template":"","meta":{"_acf_changed":false,"content-type":"","_monsterinsights_skip_tracking":false,"_monsterinsights_sitenote_active":false,"_monsterinsights_sitenote_note":"","_monsterinsights_sitenote_category":0},"product_brand":[],"product_cat":[73,78],"product_tag":[],"class_list":{"0":"post-2673","1":"product","2":"type-product","3":"status-publish","4":"has-post-thumbnail","6":"product_cat-starter-sets","7":"product_cat-starter-sets-combi","9":"first","10":"instock","11":"taxable","12":"shipping-taxable","13":"purchasable","14":"product-type-simple"},"acf":[],"aioseo_notices":[],"jetpack_sharing_enabled":true,"_links":{"self":[{"href":"https:\/\/antcube.shop\/es\/wp-json\/wp\/v2\/product\/2673","targetHints":{"allow":["GET"]}}],"collection":[{"href":"https:\/\/antcube.shop\/es\/wp-json\/wp\/v2\/product"}],"about":[{"href":"https:\/\/antcube.shop\/es\/wp-json\/wp\/v2\/types\/product"}],"replies":[{"embeddable":true,"href":"https:\/\/antcube.shop\/es\/wp-json\/wp\/v2\/comments?post=2673"}],"wp:featuredmedia":[{"embeddable":true,"href":"https:\/\/antcube.shop\/es\/wp-json\/wp\/v2\/media\/5445"}],"wp:attachment":[{"href":"https:\/\/antcube.shop\/es\/wp-json\/wp\/v2\/media?parent=2673"}],"wp:term":[{"taxonomy":"product_brand","embeddable":true,"href":"https:\/\/antcube.shop\/es\/wp-json\/wp\/v2\/product_brand?post=2673"},{"taxonomy":"product_cat","embeddable":true,"href":"https:\/\/antcube.shop\/es\/wp-json\/wp\/v2\/product_cat?post=2673"},{"taxonomy":"product_tag","embeddable":true,"href":"https:\/\/antcube.shop\/es\/wp-json\/wp\/v2\/product_tag?post=2673"}],"curies":[{"name":"wp","href":"https:\/\/api.w.org\/{rel}","templated":true}]}}