{"id":12442,"date":"2025-09-30T10:07:24","date_gmt":"2025-09-30T08:07:24","guid":{"rendered":"https:\/\/antcube.shop\/en\/product\/poster-anatomie-der-ameisen-lasius-niger-50x70\/"},"modified":"2026-03-20T11:30:21","modified_gmt":"2026-03-20T10:30:21","slug":"poster-anatomia-de-las-hormigas-lasius-niger-50x70","status":"publish","type":"product","link":"https:\/\/antcube.shop\/es\/producto\/poster-anatomia-de-las-hormigas-lasius-niger-50x70\/","title":{"rendered":"P\u00f3ster - Anatom\u00eda de las hormigas - Lasius niger - 50\u00d770"},"content":{"rendered":"<p><strong>Dimensiones:<\/strong> 50\u00d770 cm<\/p>\n<p><strong>Material:<\/strong> Papel de l\u00e1tex<br \/>\nEste papel es impermeable, lavable, resistente, respetuoso con el medio ambiente, ya que no contiene disolventes nocivos para el medio ambiente, y produce una calidad de impresi\u00f3n brillante.<\/p>\n<p><strong>Descripci\u00f3n:<\/strong> Este p\u00f3ster ilustra la anatom\u00eda de la hormiga negra (Lasius niger). Las detalladas ilustraciones muestran las caracter\u00edsticas corporales internas y externas y los \u00f3rganos m\u00e1s importantes, lo que facilita la comprensi\u00f3n de la estructura de esta especie de hormiga tan extendida. Ideal como material did\u00e1ctico para escuelas y universidades o como objeto decorativo de coleccionista.<\/p>\n<p><strong>Importante - informaci\u00f3n adicional:<\/strong> Aqu\u00ed encontrar\u00e1 una descripci\u00f3n detallada de cada una de las escenas del cartel. Estas descripciones no se suministran con el cartel, pero puede acceder a ellas e imprimirlas por separado a trav\u00e9s del siguiente enlace. https:\/\/www.ants.de\/link\/1101<\/p>","protected":false},"excerpt":{"rendered":"<p>Tama\u00f1o: 50\u00d770 cm<\/p>","protected":false},"featured_media":12454,"comment_status":"open","ping_status":"closed","template":"","meta":{"_acf_changed":false,"content-type":"","_monsterinsights_skip_tracking":false,"_monsterinsights_sitenote_active":false,"_monsterinsights_sitenote_note":"","_monsterinsights_sitenote_category":0},"product_brand":[484],"product_cat":[547,500,245],"product_tag":[],"class_list":{"0":"post-12442","1":"product","2":"type-product","3":"status-publish","4":"has-post-thumbnail","6":"product_brand-antcube","7":"product_cat-all-products","8":"product_cat-ant-posters-and-teaching-aids","9":"product_cat-merchandise","11":"first","12":"instock","13":"taxable","14":"shipping-taxable","15":"purchasable","16":"product-type-simple"},"acf":[],"aioseo_notices":[],"jetpack_sharing_enabled":true,"_links":{"self":[{"href":"https:\/\/antcube.shop\/es\/wp-json\/wp\/v2\/product\/12442","targetHints":{"allow":["GET"]}}],"collection":[{"href":"https:\/\/antcube.shop\/es\/wp-json\/wp\/v2\/product"}],"about":[{"href":"https:\/\/antcube.shop\/es\/wp-json\/wp\/v2\/types\/product"}],"replies":[{"embeddable":true,"href":"https:\/\/antcube.shop\/es\/wp-json\/wp\/v2\/comments?post=12442"}],"wp:featuredmedia":[{"embeddable":true,"href":"https:\/\/antcube.shop\/es\/wp-json\/wp\/v2\/media\/12454"}],"wp:attachment":[{"href":"https:\/\/antcube.shop\/es\/wp-json\/wp\/v2\/media?parent=12442"}],"wp:term":[{"taxonomy":"product_brand","embeddable":true,"href":"https:\/\/antcube.shop\/es\/wp-json\/wp\/v2\/product_brand?post=12442"},{"taxonomy":"product_cat","embeddable":true,"href":"https:\/\/antcube.shop\/es\/wp-json\/wp\/v2\/product_cat?post=12442"},{"taxonomy":"product_tag","embeddable":true,"href":"https:\/\/antcube.shop\/es\/wp-json\/wp\/v2\/product_tag?post=12442"}],"curies":[{"name":"wp","href":"https:\/\/api.w.org\/{rel}","templated":true}]}}