{"id":12436,"date":"2025-09-30T10:01:57","date_gmt":"2025-09-30T08:01:57","guid":{"rendered":"https:\/\/antcube.shop\/en\/product\/antcube-digfix-20x20-liegend\/"},"modified":"2026-03-31T15:11:54","modified_gmt":"2026-03-31T13:11:54","slug":"antcube-digfix-20x20-tumbado","status":"publish","type":"product","link":"https:\/\/antcube.shop\/es\/producto\/antcube-digfix-20x20-tumbado\/","title":{"rendered":"ANTCUBE - Digfix 20\u00d720 - tumbado"},"content":{"rendered":"<p><strong>Dimensiones:<\/strong> 180x180x28mm<\/p>\n<p><strong>Material:<\/strong> Digfix<\/p>\n<p><strong>Aplicaci\u00f3n:<\/strong><br \/>\nS\u00f3lo cabe en nuestro ANTCUBE - Nido 20\u00d720 - horizontal<\/p>\n<p><strong>Descripci\u00f3n:<\/strong><br \/>\nEste nido Digfix, fabricado con un material especial en el que se puede excavar, est\u00e1 dise\u00f1ado para encajar perfectamente en nuestros nidos horizontales ANTCUBE 20\u00d720. La placa puede utilizarse seca o h\u00fameda y es adecuada para muchas especies de hormigas, especialmente las que anidan en arena o madera (muerta). Es una alternativa pr\u00e1ctica a las mezclas de arena y arcilla o a los nidos de corcho.<\/p>\n<p>Una ventaja particular es la facilidad con la que se puede controlar el nivel de humedad: la placa cambia visiblemente de color, lo que permite evaluar el nivel de humedad de forma \u00f3ptima. A diferencia de las mezclas areno-arcillosas, los cristales interiores del hormiguero permanecen limpios, ya que no se les pega ning\u00fan sustrato suelto.<\/p>\n<p>Gracias a su s\u00f3lida estructura, el material retiene permanentemente los t\u00faneles y c\u00e1maras creados por las hormigas sin derrumbarse, para una experiencia de excavaci\u00f3n segura y natural.<\/p>","protected":false},"excerpt":{"rendered":"<p>Ma\u00dfe: 180x180x28mm<\/p>","protected":false},"featured_media":0,"comment_status":"open","ping_status":"closed","template":"","meta":{"_acf_changed":false,"content-type":"","_monsterinsights_skip_tracking":false,"_monsterinsights_sitenote_active":false,"_monsterinsights_sitenote_note":"","_monsterinsights_sitenote_category":0},"product_brand":[484],"product_cat":[547,257,87,88],"product_tag":[],"class_list":{"0":"post-12436","1":"product","2":"type-product","3":"status-publish","5":"product_brand-antcube","6":"product_cat-all-products","7":"product_cat-new-innovatve-products","8":"product_cat-nest-insets","9":"product_cat-digfix","11":"first","12":"instock","13":"taxable","14":"shipping-taxable","15":"purchasable","16":"product-type-simple"},"acf":[],"aioseo_notices":[],"jetpack_sharing_enabled":true,"_links":{"self":[{"href":"https:\/\/antcube.shop\/es\/wp-json\/wp\/v2\/product\/12436","targetHints":{"allow":["GET"]}}],"collection":[{"href":"https:\/\/antcube.shop\/es\/wp-json\/wp\/v2\/product"}],"about":[{"href":"https:\/\/antcube.shop\/es\/wp-json\/wp\/v2\/types\/product"}],"replies":[{"embeddable":true,"href":"https:\/\/antcube.shop\/es\/wp-json\/wp\/v2\/comments?post=12436"}],"wp:attachment":[{"href":"https:\/\/antcube.shop\/es\/wp-json\/wp\/v2\/media?parent=12436"}],"wp:term":[{"taxonomy":"product_brand","embeddable":true,"href":"https:\/\/antcube.shop\/es\/wp-json\/wp\/v2\/product_brand?post=12436"},{"taxonomy":"product_cat","embeddable":true,"href":"https:\/\/antcube.shop\/es\/wp-json\/wp\/v2\/product_cat?post=12436"},{"taxonomy":"product_tag","embeddable":true,"href":"https:\/\/antcube.shop\/es\/wp-json\/wp\/v2\/product_tag?post=12436"}],"curies":[{"name":"wp","href":"https:\/\/api.w.org\/{rel}","templated":true}]}}