{"id":12288,"date":"2025-09-02T09:53:21","date_gmt":"2025-09-02T07:53:21","guid":{"rendered":"https:\/\/antcube.shop\/en\/product\/antcube-nest-30x30-liegend\/"},"modified":"2026-02-26T10:38:03","modified_gmt":"2026-02-26T09:38:03","slug":"antcube-nido-30x30-tumbado","status":"publish","type":"product","link":"https:\/\/antcube.shop\/es\/producto\/antcube-nido-30x30-tumbado\/","title":{"rendered":"ANTCUBE - Nido 30\u00d730 - tumbado"},"content":{"rendered":"<p><strong>Dimensiones:<\/strong><br \/>\nNido: 290 x 290 x 28 mm<br \/>\nCubierta de cristal: 290 x 290 x 4 mm<\/p>\n<p><strong>Material:<\/strong><br \/>\nVidrio flotante, pl\u00e1stico<\/p>\n<p><strong>Color:<\/strong><br \/>\nCristalino<\/p>\n<p><strong>Contenido:<\/strong><br \/>\n1x ANTCUBO - Nido 30\u00d730 - horizontal con dos tomas de conexi\u00f3n L 20\/16<br \/>\n1x tapa de cristal con orificio de 27 mm<\/p>\n<p><strong>Conexi\u00f3n: <\/strong>2x 14\/16\/18\/20 x 20mm z\u00f3calo<\/p>\n<p>La manguera 14\/10 se inserta firmemente en la toma de 14 mm<br \/>\nLa manguera 20\/16 se inserta firmemente en el primer paso de 16 mm<br \/>\nLa manguera 22\/18 se inserta firmemente en el segundo paso de 20 mm<\/p>\n<p><strong>Descripci\u00f3n: <\/strong>Nuestro nido horizontal tiene dos tomas de conexi\u00f3n a las que se pueden acoplar mangueras o tubos. Como alternativa, pueden cerrarse de forma segura con tapones de pl\u00e1stico o malla a juego.<\/p>\n<p>Para especies de hormigas m\u00e1s grandes, como varias especies de Camponotus, recomendamos combinarlo con uno de nuestros nidos de corcho disponibles por separado. No obstante, el nido tambi\u00e9n puede rellenarse con sustrato.<\/p>\n<p>La tapa se puede quitar y se ajusta firmemente al hormiguero gracias a su borde engomado. En el centro hay un orificio de 27 mm, que sirve para humedecer el interior del nido. Dependiendo de la humedad deseada, este orificio puede cerrarse con un inserto de malla o con un tap\u00f3n de formicario.<\/p>\n<p>Existe la opci\u00f3n de una cubierta roja, que oscurece el nido y, dependiendo de la especie que se tenga, puede tener un efecto positivo en el desarrollo de la colonia.<\/p>\n<p><strong>Informaci\u00f3n sobre la fabricaci\u00f3n<\/strong><br \/>\nEl cristal se corta conforme a la norma DIN 1249 con una tolerancia de +\/- 1 mm. Para las especies de hormigas extremadamente peque\u00f1as es imprescindible una protecci\u00f3n adicional contra la rotura.<\/p>\n<p><strong>Nota sobre las tomas de conexi\u00f3n<\/strong><br \/>\nAl colocar o retirar las mangueras, tenga en cuenta lo siguiente:<br \/>\nSi la manguera es muy dif\u00edcil de encajar en el enchufe de conexi\u00f3n, se debe frotar ligeramente el enchufe con una gota de nuestro aceite o polvo protector contra roturas. A continuaci\u00f3n, la manguera debe introducirse en el conector gir\u00e1ndola o enrosc\u00e1ndola, sin ejercer presi\u00f3n hacia arriba o hacia abajo sobre el conector. Lo mismo se aplica al retirar las mangueras del conector. No tire simplemente de ellos.<\/p>","protected":false},"excerpt":{"rendered":"<p>Conexi\u00f3n: 2 tomas de 14\/16\/18\/20 mm<br \/>\nTalla: L<\/p>","protected":false},"featured_media":12293,"comment_status":"open","ping_status":"closed","template":"","meta":{"_acf_changed":false,"content-type":"","_monsterinsights_skip_tracking":false,"_monsterinsights_sitenote_active":false,"_monsterinsights_sitenote_note":"","_monsterinsights_sitenote_category":0},"product_brand":[484],"product_cat":[257,80,83,86],"product_tag":[],"class_list":{"0":"post-12288","1":"product","2":"type-product","3":"status-publish","4":"has-post-thumbnail","6":"product_brand-antcube","7":"product_cat-new-innovatve-products","8":"product_cat-antfarms","9":"product_cat-antfarms-l","10":"product_cat-formicariums","12":"first","13":"instock","14":"taxable","15":"shipping-taxable","16":"purchasable","17":"product-type-simple"},"acf":[],"aioseo_notices":[],"jetpack_sharing_enabled":true,"_links":{"self":[{"href":"https:\/\/antcube.shop\/es\/wp-json\/wp\/v2\/product\/12288","targetHints":{"allow":["GET"]}}],"collection":[{"href":"https:\/\/antcube.shop\/es\/wp-json\/wp\/v2\/product"}],"about":[{"href":"https:\/\/antcube.shop\/es\/wp-json\/wp\/v2\/types\/product"}],"replies":[{"embeddable":true,"href":"https:\/\/antcube.shop\/es\/wp-json\/wp\/v2\/comments?post=12288"}],"wp:featuredmedia":[{"embeddable":true,"href":"https:\/\/antcube.shop\/es\/wp-json\/wp\/v2\/media\/12293"}],"wp:attachment":[{"href":"https:\/\/antcube.shop\/es\/wp-json\/wp\/v2\/media?parent=12288"}],"wp:term":[{"taxonomy":"product_brand","embeddable":true,"href":"https:\/\/antcube.shop\/es\/wp-json\/wp\/v2\/product_brand?post=12288"},{"taxonomy":"product_cat","embeddable":true,"href":"https:\/\/antcube.shop\/es\/wp-json\/wp\/v2\/product_cat?post=12288"},{"taxonomy":"product_tag","embeddable":true,"href":"https:\/\/antcube.shop\/es\/wp-json\/wp\/v2\/product_tag?post=12288"}],"curies":[{"name":"wp","href":"https:\/\/api.w.org\/{rel}","templated":true}]}}