{"id":12286,"date":"2025-09-02T09:53:07","date_gmt":"2025-09-02T07:53:07","guid":{"rendered":"https:\/\/antcube.shop\/en\/product\/antcube-korknest-30x30-liegend\/"},"modified":"2026-04-22T11:31:59","modified_gmt":"2026-04-22T09:31:59","slug":"antcube-corknest-30x30-tumbado","status":"publish","type":"product","link":"https:\/\/antcube.shop\/es\/producto\/antcube-corknest-30x30-tumbado\/","title":{"rendered":"ANTCUBE - Corknest 30\u00d730 - tumbado"},"content":{"rendered":"<p><strong>Dimensiones:<\/strong> 280x280x28mm<\/p>\n<p><strong>Material:<\/strong> Corcho (fino)<\/p>\n<p><strong>Aplicaci\u00f3n:<\/strong><br \/>\nS\u00f3lo cabe en nuestro ANTCUBE - Nido 30\u00d730 - horizontal<\/p>\n<p><strong>Descripci\u00f3n:\u00a0<\/strong><br \/>\nEste nido de corcho con t\u00faneles y c\u00e1maras preconstruidos es adecuado para numerosas especies de hormigas, especialmente las que anidan en madera (muerta). Tiene dos orificios que sirven de entrada al nido.<\/p>\n<p>El corcho es un material natural qu\u00edmicamente neutro. Su estructura es impermeable a los l\u00edquidos, no reacciona qu\u00edmicamente y, por tanto, permanece intacta durante mucho tiempo. Sin embargo, un contenido de humedad permanentemente elevado puede favorecer la putrefacci\u00f3n y acortar su vida \u00fatil. En general, el corcho es muy resistente a la putrefacci\u00f3n y a la infestaci\u00f3n por hongos y moho. Su superficie y estructura especiales ofrecen un caldo de cultivo poco propicio para los hongos. No obstante, los restos de comida, los excrementos u otras sustancias org\u00e1nicas pueden favorecer la aparici\u00f3n de moho.<\/p>\n<p>Por ello, recomendamos mantener las especies de hormigas de regiones m\u00e1s secas en nidos de corcho. Sin embargo, las especies de h\u00e1bitats m\u00e1s h\u00famedos tambi\u00e9n pueden alojarse en ellos; para la mayor\u00eda, la putrefacci\u00f3n no es un problema. Muchas especies de hormigas del norte de Europa, como Camponotus herculeanus o Formica fusca, est\u00e1n incluso adaptadas de forma natural a la madera podrida o parcialmente descompuesta.<\/p>","protected":false},"excerpt":{"rendered":"<p>Tama\u00f1o: 280x280x28mm<\/p>","protected":false},"featured_media":12291,"comment_status":"open","ping_status":"closed","template":"","meta":{"_acf_changed":false,"content-type":"","_monsterinsights_skip_tracking":false,"_monsterinsights_sitenote_active":false,"_monsterinsights_sitenote_note":"","_monsterinsights_sitenote_category":0},"product_brand":[484],"product_cat":[257,87,89],"product_tag":[],"class_list":{"0":"post-12286","1":"product","2":"type-product","3":"status-publish","4":"has-post-thumbnail","6":"product_brand-antcube","7":"product_cat-new-innovatve-products","8":"product_cat-nest-insets","9":"product_cat-cork","11":"first","12":"instock","13":"taxable","14":"shipping-taxable","15":"purchasable","16":"product-type-simple"},"acf":[],"aioseo_notices":[],"jetpack_sharing_enabled":true,"_links":{"self":[{"href":"https:\/\/antcube.shop\/es\/wp-json\/wp\/v2\/product\/12286","targetHints":{"allow":["GET"]}}],"collection":[{"href":"https:\/\/antcube.shop\/es\/wp-json\/wp\/v2\/product"}],"about":[{"href":"https:\/\/antcube.shop\/es\/wp-json\/wp\/v2\/types\/product"}],"replies":[{"embeddable":true,"href":"https:\/\/antcube.shop\/es\/wp-json\/wp\/v2\/comments?post=12286"}],"wp:featuredmedia":[{"embeddable":true,"href":"https:\/\/antcube.shop\/es\/wp-json\/wp\/v2\/media\/12291"}],"wp:attachment":[{"href":"https:\/\/antcube.shop\/es\/wp-json\/wp\/v2\/media?parent=12286"}],"wp:term":[{"taxonomy":"product_brand","embeddable":true,"href":"https:\/\/antcube.shop\/es\/wp-json\/wp\/v2\/product_brand?post=12286"},{"taxonomy":"product_cat","embeddable":true,"href":"https:\/\/antcube.shop\/es\/wp-json\/wp\/v2\/product_cat?post=12286"},{"taxonomy":"product_tag","embeddable":true,"href":"https:\/\/antcube.shop\/es\/wp-json\/wp\/v2\/product_tag?post=12286"}],"curies":[{"name":"wp","href":"https:\/\/api.w.org\/{rel}","templated":true}]}}