{"id":11504,"date":"2025-04-25T15:16:40","date_gmt":"2025-04-25T13:16:40","guid":{"rendered":"https:\/\/antcube.shop\/en\/product\/poster-ernteameisen-messor-barbarus-lebensweise-70x50\/"},"modified":"2026-03-30T20:38:14","modified_gmt":"2026-03-30T18:38:14","slug":"poster-hormigas-cosechadoras-messor-barbarus-modo-de-vida-70x50","status":"publish","type":"product","link":"https:\/\/antcube.shop\/es\/producto\/poster-hormigas-cosechadoras-messor-barbarus-modo-de-vida-70x50\/","title":{"rendered":"P\u00f3ster - Hormigas cosechadoras - Messor barbarus way of life - 70\u00d750"},"content":{"rendered":"<p>Las hormigas cosechadoras - Messor barbarus way of life - Hormiga P\u00f3ster y material did\u00e1ctico para escuelas\/guarder\u00edas.<\/p>\n<p><strong>Descripci\u00f3n disponible en alem\u00e1n, ingl\u00e9s, espa\u00f1ol y franc\u00e9s<\/strong><\/p>\n<p><strong>Dimensiones:<\/strong> 70\u00d750 cm<\/p>\n<p><strong>Material:<\/strong> papel l\u00e1tex<br \/>\nEste papel es impermeable, lavable, resistente, respetuoso con el medio ambiente, ya que no contiene disolventes nocivos para el medio ambiente, y produce una calidad de impresi\u00f3n brillante.<\/p>\n<p><strong>Descripci\u00f3n:<\/strong> Este p\u00f3ster ofrece una visi\u00f3n general del modo de vida y la construcci\u00f3n de nidos de Messor barbarus, la especie de hormiga cosechadora del sur de Europa.<\/p>\n<p><strong>Importante - informaci\u00f3n adicional:<\/strong> <a href=\"https:\/\/www.ants.de\/link\/1005\">Aqu\u00ed<\/a> encontrar\u00e1 una descripci\u00f3n detallada de cada una de las escenas del cartel. Estas descripciones no se suministran con el cartel, pero puede acceder a ellas e imprimirlas por separado a trav\u00e9s del siguiente enlace. https:\/\/www.ants.de\/link\/1001<\/p>","protected":false},"excerpt":{"rendered":"<p>Las hormigas cosechadoras - Messor barbarus way of life - Ant P\u00f3ster y material did\u00e1ctico para escuelas\/guarder\u00edas. Descripci\u00f3n disponible en alem\u00e1n, ingl\u00e9s, espa\u00f1ol y franc\u00e9s Dimensiones: 100x70 cm Material: papel de l\u00e1tex Este papel es impermeable, se puede limpiar, es resistente, no contiene disolventes nocivos para el medio ambiente y ofrece una calidad de impresi\u00f3n brillante. Descripci\u00f3n: Este","protected":false},"featured_media":11400,"comment_status":"open","ping_status":"closed","template":"","meta":{"_acf_changed":false,"content-type":"","_monsterinsights_skip_tracking":false,"_monsterinsights_sitenote_active":false,"_monsterinsights_sitenote_note":"","_monsterinsights_sitenote_category":0},"product_brand":[484],"product_cat":[500],"product_tag":[],"class_list":{"0":"post-11504","1":"product","2":"type-product","3":"status-publish","4":"has-post-thumbnail","6":"product_brand-antcube","7":"product_cat-ant-posters-and-teaching-aids","9":"first","10":"instock","11":"taxable","12":"shipping-taxable","13":"purchasable","14":"product-type-simple"},"acf":[],"aioseo_notices":[],"jetpack_sharing_enabled":true,"_links":{"self":[{"href":"https:\/\/antcube.shop\/es\/wp-json\/wp\/v2\/product\/11504","targetHints":{"allow":["GET"]}}],"collection":[{"href":"https:\/\/antcube.shop\/es\/wp-json\/wp\/v2\/product"}],"about":[{"href":"https:\/\/antcube.shop\/es\/wp-json\/wp\/v2\/types\/product"}],"replies":[{"embeddable":true,"href":"https:\/\/antcube.shop\/es\/wp-json\/wp\/v2\/comments?post=11504"}],"wp:featuredmedia":[{"embeddable":true,"href":"https:\/\/antcube.shop\/es\/wp-json\/wp\/v2\/media\/11400"}],"wp:attachment":[{"href":"https:\/\/antcube.shop\/es\/wp-json\/wp\/v2\/media?parent=11504"}],"wp:term":[{"taxonomy":"product_brand","embeddable":true,"href":"https:\/\/antcube.shop\/es\/wp-json\/wp\/v2\/product_brand?post=11504"},{"taxonomy":"product_cat","embeddable":true,"href":"https:\/\/antcube.shop\/es\/wp-json\/wp\/v2\/product_cat?post=11504"},{"taxonomy":"product_tag","embeddable":true,"href":"https:\/\/antcube.shop\/es\/wp-json\/wp\/v2\/product_tag?post=11504"}],"curies":[{"name":"wp","href":"https:\/\/api.w.org\/{rel}","templated":true}]}}