{"id":11494,"date":"2025-04-25T14:47:21","date_gmt":"2025-04-25T12:47:21","guid":{"rendered":"https:\/\/antcube.shop\/en\/product\/poster-ameisen-lebenszyklus-lasius-niger-50x70\/"},"modified":"2026-03-13T15:03:48","modified_gmt":"2026-03-13T14:03:48","slug":"cartel-hormiga-ciclo-vital-lasius-niger-50x70","status":"publish","type":"product","link":"https:\/\/antcube.shop\/es\/producto\/cartel-hormiga-ciclo-vital-lasius-niger-50x70\/","title":{"rendered":"P\u00f3ster - Ciclo biol\u00f3gico de las hormigas - Lasius niger - 50\u00d770"},"content":{"rendered":"<p>Ciclo biol\u00f3gico de la hormiga - Lasius niger - Hormiga P\u00f3ster y material did\u00e1ctico para escuelas\/guarder\u00edas.<\/p>\n<p><strong>Descripci\u00f3n disponible en alem\u00e1n, ingl\u00e9s, espa\u00f1ol y franc\u00e9s<\/strong><\/p>\n<p><strong>Dimensiones:<\/strong> 50\u00d770 cm<\/p>\n<p><strong>Material:<\/strong> Papel de l\u00e1tex<br \/>\nEste papel es impermeable, lavable, resistente, respetuoso con el medio ambiente, ya que no contiene disolventes nocivos para el medio ambiente, y produce una calidad de impresi\u00f3n brillante.<\/p>\n<p><strong>Descripci\u00f3n:<\/strong> Este p\u00f3ster ofrece una visi\u00f3n general de las fases de desarrollo de las hormigas, desde el huevo hasta la obrera, utilizando el ejemplo de la especie de hormiga Lasius niger.<\/p>\n<p><strong>Importante - informaci\u00f3n adicional:<\/strong> <a href=\"https:\/\/www.ants.de\/link\/1100\">Aqu\u00ed<\/a> encontrar\u00e1 una descripci\u00f3n detallada de cada una de las escenas del cartel. No se adjuntan al cartel, pero puede acceder a ellas e imprimirlas por separado a trav\u00e9s del siguiente enlace. <a href=\"https:\/\/www.ants.de\/link\/1100\">https:\/\/www.ants.de\/link\/1100<\/a><\/p>","protected":false},"excerpt":{"rendered":"<p>Ciclo biol\u00f3gico de la hormiga - Lasius niger - Hormiga P\u00f3ster y material did\u00e1ctico para escuelas\/guarder\u00edas. Descripci\u00f3n disponible en alem\u00e1n, ingl\u00e9s, espa\u00f1ol y franc\u00e9s Dimensiones: 70x100 cm Material: Papel de l\u00e1tex Este papel es impermeable, se puede limpiar, es resistente al desgaste, es respetuoso con el medio ambiente ya que no contiene disolventes perjudiciales para el medio ambiente y produce una calidad de impresi\u00f3n brillante. Descripci\u00f3n: Este p\u00f3ster","protected":false},"featured_media":11403,"comment_status":"open","ping_status":"closed","template":"","meta":{"_acf_changed":false,"content-type":"","_monsterinsights_skip_tracking":false,"_monsterinsights_sitenote_active":false,"_monsterinsights_sitenote_note":"","_monsterinsights_sitenote_category":0},"product_brand":[484],"product_cat":[500],"product_tag":[],"class_list":{"0":"post-11494","1":"product","2":"type-product","3":"status-publish","4":"has-post-thumbnail","6":"product_brand-antcube","7":"product_cat-ant-posters-and-teaching-aids","9":"first","10":"instock","11":"taxable","12":"shipping-taxable","13":"purchasable","14":"product-type-simple"},"acf":[],"aioseo_notices":[],"jetpack_sharing_enabled":true,"_links":{"self":[{"href":"https:\/\/antcube.shop\/es\/wp-json\/wp\/v2\/product\/11494","targetHints":{"allow":["GET"]}}],"collection":[{"href":"https:\/\/antcube.shop\/es\/wp-json\/wp\/v2\/product"}],"about":[{"href":"https:\/\/antcube.shop\/es\/wp-json\/wp\/v2\/types\/product"}],"replies":[{"embeddable":true,"href":"https:\/\/antcube.shop\/es\/wp-json\/wp\/v2\/comments?post=11494"}],"wp:featuredmedia":[{"embeddable":true,"href":"https:\/\/antcube.shop\/es\/wp-json\/wp\/v2\/media\/11403"}],"wp:attachment":[{"href":"https:\/\/antcube.shop\/es\/wp-json\/wp\/v2\/media?parent=11494"}],"wp:term":[{"taxonomy":"product_brand","embeddable":true,"href":"https:\/\/antcube.shop\/es\/wp-json\/wp\/v2\/product_brand?post=11494"},{"taxonomy":"product_cat","embeddable":true,"href":"https:\/\/antcube.shop\/es\/wp-json\/wp\/v2\/product_cat?post=11494"},{"taxonomy":"product_tag","embeddable":true,"href":"https:\/\/antcube.shop\/es\/wp-json\/wp\/v2\/product_tag?post=11494"}],"curies":[{"name":"wp","href":"https:\/\/api.w.org\/{rel}","templated":true}]}}