{"id":11413,"date":"2025-04-11T16:43:25","date_gmt":"2025-04-11T14:43:25","guid":{"rendered":"https:\/\/antcube.shop\/en\/product\/light-strip-pro-40cm\/"},"modified":"2026-03-27T13:58:51","modified_gmt":"2026-03-27T12:58:51","slug":"tira-de-luz-pro-40cm","status":"publish","type":"product","link":"https:\/\/antcube.shop\/es\/producto\/tira-de-luz-pro-40cm\/","title":{"rendered":"Tira de luz Pro 40cm"},"content":{"rendered":"<p><strong>Contenido:<\/strong><br \/>\n1x Tira de luz LED Pro<br \/>\n1x soporte para montaje en techo incl. tornillos<br \/>\n1x enchufe con interruptor<\/p>\n<p><strong>Datos t\u00e9cnicos:<\/strong><br \/>\nDimensiones: 400x124x42 mm<br \/>\nIluminaci\u00f3n: LED<br \/>\nConsumo de energ\u00eda: 16 W<br \/>\nFlujo luminoso: 2200 lm (140 lm\/W)<br \/>\nColor de la luz: 6000K<br \/>\nVida \u00fatil: ~ 25.000 h<br \/>\nLongitud del cable: 145 cm<\/p>\n<p><strong>Material:<\/strong> pl\u00e1stico<\/p>\n<p><strong>Color:<\/strong> negro<\/p>\n<p><strong>Descripci\u00f3n:<\/strong><br \/>\nIluminaci\u00f3n LED para formicarios, vivarios y terrarios de 60x30x60.<br \/>\nProtegidas contra salpicaduras de agua seg\u00fan IP65, las tiras de luz son perfectas para terrarios tropicales. Debido al bajo desarrollo de calor, las l\u00e1mparas Light Strip tambi\u00e9n son muy adecuadas para especies con menores necesidades de calor.<\/p>","protected":false},"excerpt":{"rendered":"<p><span style=\"font-weight: 400;\">Consumo de energ\u00eda: 16 W<\/span><\/p>","protected":false},"featured_media":11368,"comment_status":"open","ping_status":"closed","template":"","meta":{"_acf_changed":false,"content-type":"","_monsterinsights_skip_tracking":false,"_monsterinsights_sitenote_active":false,"_monsterinsights_sitenote_note":"","_monsterinsights_sitenote_category":0},"product_brand":[],"product_cat":[359,257,119],"product_tag":[],"class_list":{"0":"post-11413","1":"product","2":"type-product","3":"status-publish","4":"has-post-thumbnail","6":"product_cat-light-heat-humidity","7":"product_cat-new-innovatve-products","8":"product_cat-formicarium-components","10":"first","11":"instock","12":"taxable","13":"shipping-taxable","14":"purchasable","15":"product-type-simple"},"acf":[],"aioseo_notices":[],"jetpack_sharing_enabled":true,"_links":{"self":[{"href":"https:\/\/antcube.shop\/es\/wp-json\/wp\/v2\/product\/11413","targetHints":{"allow":["GET"]}}],"collection":[{"href":"https:\/\/antcube.shop\/es\/wp-json\/wp\/v2\/product"}],"about":[{"href":"https:\/\/antcube.shop\/es\/wp-json\/wp\/v2\/types\/product"}],"replies":[{"embeddable":true,"href":"https:\/\/antcube.shop\/es\/wp-json\/wp\/v2\/comments?post=11413"}],"wp:featuredmedia":[{"embeddable":true,"href":"https:\/\/antcube.shop\/es\/wp-json\/wp\/v2\/media\/11368"}],"wp:attachment":[{"href":"https:\/\/antcube.shop\/es\/wp-json\/wp\/v2\/media?parent=11413"}],"wp:term":[{"taxonomy":"product_brand","embeddable":true,"href":"https:\/\/antcube.shop\/es\/wp-json\/wp\/v2\/product_brand?post=11413"},{"taxonomy":"product_cat","embeddable":true,"href":"https:\/\/antcube.shop\/es\/wp-json\/wp\/v2\/product_cat?post=11413"},{"taxonomy":"product_tag","embeddable":true,"href":"https:\/\/antcube.shop\/es\/wp-json\/wp\/v2\/product_tag?post=11413"}],"curies":[{"name":"wp","href":"https:\/\/api.w.org\/{rel}","templated":true}]}}