{"id":11411,"date":"2025-04-11T16:41:28","date_gmt":"2025-04-11T14:41:28","guid":{"rendered":"https:\/\/antcube.shop\/en\/product\/light-strip-20-erweiterung\/"},"modified":"2026-03-16T10:38:25","modified_gmt":"2026-03-16T09:38:25","slug":"regleta-20-prolongacion","status":"publish","type":"product","link":"https:\/\/antcube.shop\/es\/producto\/regleta-20-prolongacion\/","title":{"rendered":"Regleta de luces 20 prolongaci\u00f3n"},"content":{"rendered":"<p><strong>Contenido:<\/strong><br \/>\n1x Tira de Luz LED mini 14cm<br \/>\n1x soporte para montaje en techo incl. tornillos<br \/>\n1x cable de conexi\u00f3n<br \/>\n1x clavija de conexi\u00f3n<\/p>\n<p><strong>Datos t\u00e9cnicos:<\/strong><br \/>\nDimensiones: 140x60x9mm<br \/>\nIluminaci\u00f3n: LED<br \/>\nConsumo: 2 W<br \/>\nFlujo luminoso: 210 lm (105 lm\/W)<br \/>\nColor de la luz: 3000K \/ 4000K \/ 6500K<br \/>\nVida \u00fatil: ~ 25.000 h<br \/>\nLongitud del cable: 30 cm<br \/>\nRegulable<\/p>\n<p><strong>Material:<\/strong> Pl\u00e1stico<\/p>\n<p><strong>Color:<\/strong> blanco<\/p>\n<p><strong>Descripci\u00f3n:<\/strong><br \/>\nIdeal para todas las especies de hormigas. Espectro similar a la luz diurna con buena iluminaci\u00f3n del formicario. Sin emisi\u00f3n de calor no deseado, extremadamente ahorrador de energ\u00eda.<br \/>\nEsta l\u00e1mpara LED es adecuada para formicaria y vivaria de tama\u00f1o 20x20x20, 20x20x10 y 20x10x10. Puede colocarse simplemente sobre la tapa. La luminosidad es regulable en 10 niveles y se pueden ajustar 3 colores de luz diferentes, desde \"blanco fr\u00edo\" a \"natural\" y \"c\u00e1lido\". Para formicaria con una anchura de 40 cm, se pueden insertar dos l\u00e1mparas una dentro de la otra. A partir de una altura de m\u00e1s de 30 cm, s\u00f3lo llega un poco de luz a la parte inferior.<\/p>\n<p><strong>Es importante:<\/strong> Sin fuente de alimentaci\u00f3n S\u00f3lo funciona en combinaci\u00f3n con la Regleta 20 (1005742) o 30 (1005742).<br \/>\nPor ejemplo, 6 l\u00e1mparas 20 (hasta 12 vatios) pueden conectarse en serie con una fuente de alimentaci\u00f3n.<\/p>","protected":false},"excerpt":{"rendered":"<p><span style=\"font-weight: 400;\">Consumo: 2 W<\/span><\/p>","protected":false},"featured_media":11377,"comment_status":"open","ping_status":"closed","template":"","meta":{"_acf_changed":false,"content-type":"","_monsterinsights_skip_tracking":false,"_monsterinsights_sitenote_active":false,"_monsterinsights_sitenote_note":"","_monsterinsights_sitenote_category":0},"product_brand":[],"product_cat":[359,257,119],"product_tag":[],"class_list":{"0":"post-11411","1":"product","2":"type-product","3":"status-publish","4":"has-post-thumbnail","6":"product_cat-light-heat-humidity","7":"product_cat-new-innovatve-products","8":"product_cat-formicarium-components","10":"first","11":"instock","12":"taxable","13":"shipping-taxable","14":"purchasable","15":"product-type-simple"},"acf":[],"aioseo_notices":[],"jetpack_sharing_enabled":true,"_links":{"self":[{"href":"https:\/\/antcube.shop\/es\/wp-json\/wp\/v2\/product\/11411","targetHints":{"allow":["GET"]}}],"collection":[{"href":"https:\/\/antcube.shop\/es\/wp-json\/wp\/v2\/product"}],"about":[{"href":"https:\/\/antcube.shop\/es\/wp-json\/wp\/v2\/types\/product"}],"replies":[{"embeddable":true,"href":"https:\/\/antcube.shop\/es\/wp-json\/wp\/v2\/comments?post=11411"}],"wp:featuredmedia":[{"embeddable":true,"href":"https:\/\/antcube.shop\/es\/wp-json\/wp\/v2\/media\/11377"}],"wp:attachment":[{"href":"https:\/\/antcube.shop\/es\/wp-json\/wp\/v2\/media?parent=11411"}],"wp:term":[{"taxonomy":"product_brand","embeddable":true,"href":"https:\/\/antcube.shop\/es\/wp-json\/wp\/v2\/product_brand?post=11411"},{"taxonomy":"product_cat","embeddable":true,"href":"https:\/\/antcube.shop\/es\/wp-json\/wp\/v2\/product_cat?post=11411"},{"taxonomy":"product_tag","embeddable":true,"href":"https:\/\/antcube.shop\/es\/wp-json\/wp\/v2\/product_tag?post=11411"}],"curies":[{"name":"wp","href":"https:\/\/api.w.org\/{rel}","templated":true}]}}