{"id":11409,"date":"2025-04-11T16:39:39","date_gmt":"2025-04-11T14:39:39","guid":{"rendered":"https:\/\/antcube.shop\/en\/product\/light-strip-20\/"},"modified":"2026-04-02T09:54:22","modified_gmt":"2026-04-02T07:54:22","slug":"banda-luminosa-20","status":"publish","type":"product","link":"https:\/\/antcube.shop\/es\/producto\/banda-luminosa-20\/","title":{"rendered":"Regleta 20"},"content":{"rendered":"<p><strong>Contenido:<\/strong><br \/>\n1x Tira de Luz LED mini 14cm<br \/>\n1x soporte para montaje en techo incl. tornillos<br \/>\n1x enchufe con interruptor<\/p>\n<p><strong>Datos t\u00e9cnicos:<\/strong><br \/>\nDimensiones: 140x60x9mm<br \/>\nIluminaci\u00f3n: LED<br \/>\nConsumo: 2 W<br \/>\nFlujo luminoso: 210 lm (105 lm\/W)<br \/>\nColor de la luz: 3000K \/ 4000K \/ 6500K<br \/>\nVida \u00fatil: ~ 25.000 h<br \/>\nLongitud del cable: 156 cm<br \/>\nRegulable<\/p>\n<p><strong>Material:<\/strong> Pl\u00e1stico<\/p>\n<p><strong>Color:<\/strong> blanco<\/p>\n<p><strong>Descripci\u00f3n:<\/strong><br \/>\nIdeal para todas las especies de hormigas. Espectro similar a la luz diurna con buena iluminaci\u00f3n del formicario. Sin emisi\u00f3n de calor no deseado, extremadamente ahorrador de energ\u00eda.<br \/>\nEsta l\u00e1mpara LED es adecuada para formicaria y vivaria de tama\u00f1os 30x30x30, 30x30x20 y 30x30x10. Puede colocarse simplemente sobre la tapa. La luminosidad es regulable en 10 niveles y se pueden ajustar 3 colores de luz diferentes, desde \"blanco fr\u00edo\" a \"natural\" y \"c\u00e1lido\". Se puede pedir una extensi\u00f3n para formicaria con una anchura de 60 cm. Este enlace se encuentra m\u00e1s abajo en el art\u00edculo. A partir de una altura de m\u00e1s de 30 cm, s\u00f3lo llega un poco de luz a la parte inferior.<\/p>","protected":false},"excerpt":{"rendered":"<p><span style=\"font-weight: 400;\">Consumo: 2 W<\/span><\/p>","protected":false},"featured_media":11376,"comment_status":"open","ping_status":"closed","template":"","meta":{"_acf_changed":false,"content-type":"","_monsterinsights_skip_tracking":false,"_monsterinsights_sitenote_active":false,"_monsterinsights_sitenote_note":"","_monsterinsights_sitenote_category":0},"product_brand":[],"product_cat":[359,257,119],"product_tag":[],"class_list":{"0":"post-11409","1":"product","2":"type-product","3":"status-publish","4":"has-post-thumbnail","6":"product_cat-light-heat-humidity","7":"product_cat-new-innovatve-products","8":"product_cat-formicarium-components","10":"first","11":"instock","12":"taxable","13":"shipping-taxable","14":"purchasable","15":"product-type-simple"},"acf":[],"aioseo_notices":[],"jetpack_sharing_enabled":true,"_links":{"self":[{"href":"https:\/\/antcube.shop\/es\/wp-json\/wp\/v2\/product\/11409","targetHints":{"allow":["GET"]}}],"collection":[{"href":"https:\/\/antcube.shop\/es\/wp-json\/wp\/v2\/product"}],"about":[{"href":"https:\/\/antcube.shop\/es\/wp-json\/wp\/v2\/types\/product"}],"replies":[{"embeddable":true,"href":"https:\/\/antcube.shop\/es\/wp-json\/wp\/v2\/comments?post=11409"}],"wp:featuredmedia":[{"embeddable":true,"href":"https:\/\/antcube.shop\/es\/wp-json\/wp\/v2\/media\/11376"}],"wp:attachment":[{"href":"https:\/\/antcube.shop\/es\/wp-json\/wp\/v2\/media?parent=11409"}],"wp:term":[{"taxonomy":"product_brand","embeddable":true,"href":"https:\/\/antcube.shop\/es\/wp-json\/wp\/v2\/product_brand?post=11409"},{"taxonomy":"product_cat","embeddable":true,"href":"https:\/\/antcube.shop\/es\/wp-json\/wp\/v2\/product_cat?post=11409"},{"taxonomy":"product_tag","embeddable":true,"href":"https:\/\/antcube.shop\/es\/wp-json\/wp\/v2\/product_tag?post=11409"}],"curies":[{"name":"wp","href":"https:\/\/api.w.org\/{rel}","templated":true}]}}