{"id":11407,"date":"2025-04-11T16:38:16","date_gmt":"2025-04-11T14:38:16","guid":{"rendered":"https:\/\/antcube.shop\/en\/product\/terracube-60x30x60-terrarium-mit-schiebetur\/"},"modified":"2026-04-02T12:12:14","modified_gmt":"2026-04-02T10:12:14","slug":"terracube-60x30x60-terrario-con-puerta-corredera","status":"publish","type":"product","link":"https:\/\/antcube.shop\/es\/producto\/terracube-60x30x60-terrario-con-puerta-corredera\/","title":{"rendered":"TERRACUBO 60x30x60 Terrario con puerta corredera"},"content":{"rendered":"<p><strong>TERRACUBE Terrario 60x30x60 con puerta corredera y 2x aberturas de 50mm.<\/strong><\/p>\n<p><strong>Dimensiones:<\/strong> 600 x 300 x 600 mm; 4 mm de grosor de cristal<br \/>\n<strong>Material:<\/strong> vidrio flotado<br \/>\n<strong>Conexi\u00f3n:<\/strong> 2 orificios de 50 mm (2 laterales)<\/p>\n<p><strong>Apertura frontal (puerta corredera):<\/strong> 300\u00d7300 mm<br \/>\nAltura de la barra: 12,5 cm<br \/>\nAnchura de la barra: 4 cm<\/p>\n<p><strong>Descripci\u00f3n:<\/strong><br \/>\n<strong>TERRACUBE - El terrario modular totalmente transparente con detalles inteligentes<\/strong><br \/>\nLos terrarios TERRACUBE ofrecen la m\u00e1xima transparencia (360\u00b0) y un dise\u00f1o elegante y claro. Todos los bordes est\u00e1n pegados con precisi\u00f3n para que no se vean las molestas costuras de silicona. Adem\u00e1s, la silicona utilizada es totalmente transparente, lo que permite ver el interior con total claridad.<\/p>\n<p><strong>Ventilaci\u00f3n sofisticada y puntos de acceso t\u00e9cnicos<\/strong><br \/>\n<strong>Dos orificios laterales (\u00d8 50 mm cada uno) ofrecen opciones de uso flexibles:<\/strong><br \/>\nPueden utilizarse como ventilaci\u00f3n adicional o como acceso para tecnolog\u00eda como termohigr\u00f3metros, nebulizadores, piedras calefactoras y mucho m\u00e1s.<\/p>\n<p>La cubierta se vende por separado y est\u00e1 disponible en distintas versiones, con diferentes zonas de ventilaci\u00f3n y orificios para ventilaci\u00f3n adicional o accesorios t\u00e9cnicos como sistemas de lluvia o ventiladores, seg\u00fan el h\u00e1bitat.<\/p>\n<p><strong>Rejilla segura - tambi\u00e9n apta para animales peque\u00f1os<\/strong><br \/>\nLa rejilla de ventilaci\u00f3n de acero inoxidable de malla fina de la barra es tan herm\u00e9tica que ni siquiera pueden escapar especies diminutas como las moscas de la fruta (Drosophila) o las hormigas. Se apoya en una robusta placa de aluminio perforado. Esto hace que el concepto sea resistente a la corrosi\u00f3n (de bajo mantenimiento y duradero) y estable, incluso contra el impacto mec\u00e1nico de reptiles m\u00e1s grandes.<\/p>\n<p><strong>Puerta corredera: pr\u00e1ctica y casi invisible<\/strong><br \/>\nLa pr\u00e1ctica puerta corredera est\u00e1 equipada con un tirador transparente sobre un soporte igualmente transparente. De este modo, la atenci\u00f3n se centra siempre en el cuidado dise\u00f1o del interior o en los animales que alberga.<\/p>\n<p><strong>Sistema modular: conecte los terrarios entre s\u00ed<\/strong><br \/>\nSe pueden conectar varios terrarios TERRACUBE entre s\u00ed gracias a los orificios laterales y a los conectores o tubos acr\u00edlicos transparentes a juego.<br \/>\nPor ejemplo, se puede mantener una colonia de hormigas en un tanque vecino como fuente de alimento para los reptiles, con un refugio seguro si el reptil no puede pasar por el tubo. Tambi\u00e9n pueden ampliarse de forma flexible sistemas enteros, por ejemplo para ranas o salamandras.<\/p>\n<p><strong>Nota:<\/strong> El cristal se corta a medida seg\u00fan la norma DIN 1249 con una tolerancia de +\/- 1 mm. Para las especies de hormigas extremadamente peque\u00f1as es imprescindible una protecci\u00f3n adicional contra el escape.<\/p>","protected":false},"excerpt":{"rendered":"<p>TERRACUBO Terrario 60x30x60 con puerta corredera y 2x aberturas de 50mm. Dimensiones: 600 x 300 x 600 mm; 4 mm de grosor de vidrio Material: vidrio flotado Conexi\u00f3n: 2x orificio de 50 mm (2x en el lateral) Abertura frontal (puerta corredera): 300x300 mm Altura de la barra: 12,5 cm Anchura de la barra: 4 cm Descripci\u00f3n: TERRACUBE - El sistema modular de terrarios totalmente transparente","protected":false},"featured_media":11397,"comment_status":"open","ping_status":"closed","template":"","meta":{"_acf_changed":false,"content-type":"","_monsterinsights_skip_tracking":false,"_monsterinsights_sitenote_active":false,"_monsterinsights_sitenote_note":"","_monsterinsights_sitenote_category":0},"product_brand":[499],"product_cat":[257],"product_tag":[],"class_list":{"0":"post-11407","1":"product","2":"type-product","3":"status-publish","4":"has-post-thumbnail","6":"product_brand-terracube","7":"product_cat-new-innovatve-products","8":"product_shipping_class-forwarding-on-pallet","10":"first","11":"instock","12":"taxable","13":"shipping-taxable","14":"purchasable","15":"product-type-simple"},"acf":[],"aioseo_notices":[],"jetpack_sharing_enabled":true,"_links":{"self":[{"href":"https:\/\/antcube.shop\/es\/wp-json\/wp\/v2\/product\/11407","targetHints":{"allow":["GET"]}}],"collection":[{"href":"https:\/\/antcube.shop\/es\/wp-json\/wp\/v2\/product"}],"about":[{"href":"https:\/\/antcube.shop\/es\/wp-json\/wp\/v2\/types\/product"}],"replies":[{"embeddable":true,"href":"https:\/\/antcube.shop\/es\/wp-json\/wp\/v2\/comments?post=11407"}],"wp:featuredmedia":[{"embeddable":true,"href":"https:\/\/antcube.shop\/es\/wp-json\/wp\/v2\/media\/11397"}],"wp:attachment":[{"href":"https:\/\/antcube.shop\/es\/wp-json\/wp\/v2\/media?parent=11407"}],"wp:term":[{"taxonomy":"product_brand","embeddable":true,"href":"https:\/\/antcube.shop\/es\/wp-json\/wp\/v2\/product_brand?post=11407"},{"taxonomy":"product_cat","embeddable":true,"href":"https:\/\/antcube.shop\/es\/wp-json\/wp\/v2\/product_cat?post=11407"},{"taxonomy":"product_tag","embeddable":true,"href":"https:\/\/antcube.shop\/es\/wp-json\/wp\/v2\/product_tag?post=11407"}],"curies":[{"name":"wp","href":"https:\/\/api.w.org\/{rel}","templated":true}]}}