{"id":11406,"date":"2025-04-11T16:37:03","date_gmt":"2025-04-11T14:37:03","guid":{"rendered":"https:\/\/antcube.shop\/en\/product\/plantcube-60x30x60-schiebetur\/"},"modified":"2026-03-30T17:42:10","modified_gmt":"2026-03-30T15:42:10","slug":"plantcube-vivarium-60x30x60-con-puerta-corredera","status":"publish","type":"product","link":"https:\/\/antcube.shop\/es\/producto\/plantcube-vivarium-60x30x60-con-puerta-corredera\/","title":{"rendered":"PLANTCUBE Vivero 60x30x60 con puerta corredera"},"content":{"rendered":"<p><strong>CONSIGA UN TROZO DE NATURALEZA PARA SU HOGAR<\/strong><\/p>\n<p><strong>Contenido:<\/strong><br \/>\n1x PLANTCUBE Vivarium 60x30x60 con puerta corredera<br \/>\n2x tapones para orificio de 10 mm<\/p>\n<p>Cubo de cristal 60x30x60cm con 2x agujero lateral de 50mm y 2x agujero lateral de 10mm<br \/>\nEl agujero de 50 mm (centro) est\u00e1 a una altura de 15 cm. Borde inferior del agujero a ~ 12,5cm.<\/p>\n<p><strong>Dimensiones:<\/strong> 600 x 300 x 600 mm; 4 mm de grosor de cristal<br \/>\n<strong>Material:<\/strong> Vidrio flotado<br \/>\n<strong>Aberturas laterales:<\/strong><br \/>\n2x agujero 50mm<br \/>\n2x agujero 10mm<\/p>\n<p><strong>Apertura frontal (puerta corredera):<\/strong> 300 x 300 mm<\/p>\n<p><strong>Descripci\u00f3n:<\/strong> Con nuestros PLANTCUBE Vivariums podr\u00e1 dise\u00f1ar su propia obra de arte viviente para el sal\u00f3n de su casa. Tambi\u00e9n puedes tener peque\u00f1os animales en un PLANTCUBE, as\u00ed que tu creatividad no tiene l\u00edmites.<\/p>\n<p>Si desea obtener m\u00e1s informaci\u00f3n sobre PLANTCUBE o leer nuestra gu\u00eda paso a paso para montar su vivario, visite el siguiente enlace: <a href=\"https:\/\/antcube.shop\/plantcube\/\">antcube.shop\/PLANTCUBE<\/a><\/p>\n<p><strong>Personaliza tu PLANTCUBE seg\u00fan tus necesidades o las de tus plantas y animales:<\/strong><br \/>\nLos dos orificios laterales de 10 mm, situados a 2 cm de altura (centro) de la parte inferior, sirven para drenar el exceso de agua. Por ejemplo, puede utilizar nuestra manguera transparente de 10\/06 mm para drenar el agua. Los dos orificios de 50 mm pueden cerrarse mediante los tapones incluidos o servir como ventilaci\u00f3n adicional cuando est\u00e1n equipados con insertos de rejilla. Incluso puede conectar aqu\u00ed dos instalaciones mediante un tubo acr\u00edlico. De este modo, si tiene animales en el interior del vivario, podr\u00e1n desplazarse libremente de una instalaci\u00f3n a otra.<\/p>\n<p><strong>\u00bfC\u00f3mo convertir su PLANTCUBE en un ecosistema bioactivo?:<\/strong><br \/>\n<strong>Crear una capa de drenaje:<\/strong><br \/>\nPara sostener tus plantas debes construir primero una capa de drenaje dentro de tu vivario. Te recomendamos que utilices 2-3 cm de gr\u00e1nulos de arcilla (4-8 mm), ya que son ligeros. Aseg\u00farate de lavarlos con agua corriente antes de colocarlos para eliminar el polvo.<\/p>\n<p>Puede colocar un vell\u00f3n de drenaje encima de los gr\u00e1nulos de arcilla para separar el drenaje del sustrato.<\/p>\n<p><strong>Qu\u00e9 plantas y tierra utilizar:<\/strong><br \/>\nTodo depende del tipo de \"Ecosistema\" que quieras crear. Si quieres construir un Vivarium des\u00e9rtico o m\u00e1s bien seco, necesitar\u00e1s plantas que prosperen en ese clima y utilizar la tierra adecuada en la que les guste crecer. Para los vivarios tropicales es lo mismo. Intente utilizar plantas de regiones y\/o climas similares para que todas crezcan bien en el mismo tipo de suelo y clima. Una buena tienda de plantas deber\u00eda tener siempre informaci\u00f3n sobre el clima y el suelo adecuados para las plantas que vende.<\/p>\n<p><strong>Es importante:<\/strong> Si quieres tener plantas y animales juntos, nunca utilices plantas en las que no sepas si han estado en contacto con fertilizantes o pesticidas. Utilice s\u00f3lo plantas de tiendas de terrarios o similares que garanticen estar completamente libres de pesticidas y fertilizantes. De lo contrario, pueden provocar la muerte de tus animales.<\/p>\n<p><strong>Introduzca un \"equipo de limpieza\" para que su vivario sea bioactivo<\/strong><br \/>\n\u00bfQu\u00e9 es la bioactividad? Es lo m\u00e1s parecido a una instalaci\u00f3n autosuficiente. Se trata de a\u00f1adir la mezcla de tierra adecuada y materia org\u00e1nica para que se forme la microflora, adem\u00e1s de la microfauna necesaria para crear un ciclo de nutrientes en el vivario.<\/p>\n<p><strong>Nuestro consejo:<\/strong> Nuestro consejo: A\u00f1ada siempre peque\u00f1as criaturas como col\u00e9mbolos e is\u00f3podos. No s\u00f3lo son una buena fuente de alimento \"inagotable\" en s\u00ed mismos, si quieres tener otros animales en tu vivario. Se alimentan especialmente de los mohos que pueden formarse debido a la alta humedad y enriquecen el suelo con nutrientes, que a su vez permiten que las plantas crezcan sanas.<\/p>\n<p>A\u00f1ada un poco de carb\u00f3n vegetal a su suelo, que ayudar\u00e1 a los microbios a colonizarlo. El musgo y la corteza de corcho o la madera blanca podrida, adem\u00e1s de la hojarasca, no s\u00f3lo dan un aspecto natural a tu instalaci\u00f3n, sino que tambi\u00e9n alimentan a tu \"equipo de limpieza\", les proporcionan escondites y lugares de cr\u00eda y son f\u00e1ciles de descomponer en nutrientes para tus plantas.<\/p>\n<p><strong>En la naturaleza todo es equilibrio<\/strong><br \/>\nSin embargo, no es aconsejable utilizar determinadas especies de is\u00f3podos sin a\u00f1adir nada que los cace, ya que a una poblaci\u00f3n de is\u00f3podos sin depredadores como las hormigas, por ejemplo, le gusta descontrolarse y las plantas de su vivario se convierten entonces r\u00e1pidamente en una fuente de alimento no deseada. En la naturaleza todo es equilibrio.<\/p>\n<p><strong>Para m\u00e1s informaci\u00f3n:<\/strong><br \/>\nEl vidrio se corta seg\u00fan la norma DIN 1249 con una tolerancia de +\/- 1 mm. En el caso de especies de hormigas extremadamente peque\u00f1as, es imprescindible una protecci\u00f3n adicional contra la rotura.<\/p>","protected":false},"excerpt":{"rendered":"<p><strong>Conexi\u00f3n:<\/strong> 2 orificios laterales de 50 mm y 2 orificios laterales de 10 mm<\/p>","protected":false},"featured_media":11362,"comment_status":"open","ping_status":"closed","template":"","meta":{"_acf_changed":false,"content-type":"","_monsterinsights_skip_tracking":false,"_monsterinsights_sitenote_active":false,"_monsterinsights_sitenote_note":"","_monsterinsights_sitenote_category":0},"product_brand":[483],"product_cat":[257,341],"product_tag":[],"class_list":{"0":"post-11406","1":"product","2":"type-product","3":"status-publish","4":"has-post-thumbnail","6":"product_brand-plantcube","7":"product_cat-new-innovatve-products","8":"product_cat-vivariums","9":"product_shipping_class-forwarding-on-pallet","11":"first","12":"instock","13":"taxable","14":"shipping-taxable","15":"purchasable","16":"product-type-simple"},"acf":[],"aioseo_notices":[],"jetpack_sharing_enabled":true,"_links":{"self":[{"href":"https:\/\/antcube.shop\/es\/wp-json\/wp\/v2\/product\/11406","targetHints":{"allow":["GET"]}}],"collection":[{"href":"https:\/\/antcube.shop\/es\/wp-json\/wp\/v2\/product"}],"about":[{"href":"https:\/\/antcube.shop\/es\/wp-json\/wp\/v2\/types\/product"}],"replies":[{"embeddable":true,"href":"https:\/\/antcube.shop\/es\/wp-json\/wp\/v2\/comments?post=11406"}],"wp:featuredmedia":[{"embeddable":true,"href":"https:\/\/antcube.shop\/es\/wp-json\/wp\/v2\/media\/11362"}],"wp:attachment":[{"href":"https:\/\/antcube.shop\/es\/wp-json\/wp\/v2\/media?parent=11406"}],"wp:term":[{"taxonomy":"product_brand","embeddable":true,"href":"https:\/\/antcube.shop\/es\/wp-json\/wp\/v2\/product_brand?post=11406"},{"taxonomy":"product_cat","embeddable":true,"href":"https:\/\/antcube.shop\/es\/wp-json\/wp\/v2\/product_cat?post=11406"},{"taxonomy":"product_tag","embeddable":true,"href":"https:\/\/antcube.shop\/es\/wp-json\/wp\/v2\/product_tag?post=11406"}],"curies":[{"name":"wp","href":"https:\/\/api.w.org\/{rel}","templated":true}]}}