{"id":11137,"date":"2025-03-06T15:59:48","date_gmt":"2025-03-06T14:59:48","guid":{"rendered":"https:\/\/antcube.shop\/en\/product\/antcube-arena-60x30x60-mit-schiebetur\/"},"modified":"2026-01-12T12:41:14","modified_gmt":"2026-01-12T11:41:14","slug":"antcube-arena-60x30x60-con-puerta-corredera","status":"publish","type":"product","link":"https:\/\/antcube.shop\/es\/producto\/antcube-arena-60x30x60-con-puerta-corredera\/","title":{"rendered":"ANTCUBE Arena 60x30x60 con puerta corredera"},"content":{"rendered":"<p><strong>ANTCUBE Arena 60x30x60 con puerta corredera y 4x aberturas de 50mm.<\/strong><\/p>\n<p><strong>Dimensiones:<\/strong> 600 x 300 x 600 mm; 4 mm de grosor de cristal<br \/>\n<strong>Material:<\/strong> vidrio flotado<br \/>\n<strong>Conexi\u00f3n:<\/strong> 4 orificios de 50 mm (2 laterales y 2 frontales)<\/p>\n<p><strong>Apertura frontal (puerta corredera):<\/strong> 300\u00d7300 mm<\/p>\n<p><strong>Descripci\u00f3n:<\/strong> Nuestro ANTCUBE arena 60x30x60 con puerta corredera fue desarrollado para poder trabajar c\u00f3modamente incluso en plena formicaria. Tambi\u00e9n es adecuado como una extensi\u00f3n de nuestra arena con puerta corredera en 60x30x30. La diferencia radica en los nuevos orificios en la parte delantera para crear ventilaci\u00f3n adicional o, si no hay espacio en los laterales, para conectar arenas adicionales con tubos acr\u00edlicos a trav\u00e9s de las conexiones delanteras. Son especialmente \u00fatiles como formidario para hormigas tejedoras (Polyrhachis y Oecophylla), ya que les gusta construir hacia arriba y necesitan una planta hu\u00e9sped. Las especies que viven en los \u00e1rboles, como la Tetraponera, tambi\u00e9n se alegran de poder trepar. A veces puede resultar dif\u00edcil eliminar los desechos de los animales en el fondo del formicario, por ejemplo. Esto no es un problema con este tanque especialmente adaptado. La puerta corredera tambi\u00e9n es muy pr\u00e1ctica para los tanques de alimentaci\u00f3n de hormigas cortadoras de hojas Acromyrmex o Atta, ya que los restos de plantas y otros desechos pueden eliminarse f\u00e1cilmente. Para la abertura superior, tambi\u00e9n hay disponibles por separado un marco de protecci\u00f3n de 60\u00d730 y una cubierta de arena de 60\u00d730 con o sin una mayor superficie de ventilaci\u00f3n.<\/p>\n<p><strong>Nota:<\/strong> El cristal se corta a medida seg\u00fan la norma DIN 1249 con una tolerancia de +\/- 1 mm. Para las especies de hormigas extremadamente peque\u00f1as es imprescindible una protecci\u00f3n adicional contra el escape.<\/p>","protected":false},"excerpt":{"rendered":"<p>Conexi\u00f3n: 4x agujero 50 mm<\/p>","protected":false},"featured_media":11138,"comment_status":"open","ping_status":"closed","template":"","meta":{"_acf_changed":false,"content-type":"","_monsterinsights_skip_tracking":false,"_monsterinsights_sitenote_active":false,"_monsterinsights_sitenote_note":"","_monsterinsights_sitenote_category":0},"product_brand":[484],"product_cat":[257,85,86],"product_tag":[],"class_list":{"0":"post-11137","1":"product","2":"type-product","3":"status-publish","4":"has-post-thumbnail","6":"product_brand-antcube","7":"product_cat-new-innovatve-products","8":"product_cat-ant-arenas","9":"product_cat-formicariums","10":"product_shipping_class-forwarding-on-pallet","12":"first","13":"instock","14":"taxable","15":"shipping-taxable","16":"purchasable","17":"product-type-simple"},"acf":[],"aioseo_notices":[],"jetpack_sharing_enabled":true,"_links":{"self":[{"href":"https:\/\/antcube.shop\/es\/wp-json\/wp\/v2\/product\/11137","targetHints":{"allow":["GET"]}}],"collection":[{"href":"https:\/\/antcube.shop\/es\/wp-json\/wp\/v2\/product"}],"about":[{"href":"https:\/\/antcube.shop\/es\/wp-json\/wp\/v2\/types\/product"}],"replies":[{"embeddable":true,"href":"https:\/\/antcube.shop\/es\/wp-json\/wp\/v2\/comments?post=11137"}],"wp:featuredmedia":[{"embeddable":true,"href":"https:\/\/antcube.shop\/es\/wp-json\/wp\/v2\/media\/11138"}],"wp:attachment":[{"href":"https:\/\/antcube.shop\/es\/wp-json\/wp\/v2\/media?parent=11137"}],"wp:term":[{"taxonomy":"product_brand","embeddable":true,"href":"https:\/\/antcube.shop\/es\/wp-json\/wp\/v2\/product_brand?post=11137"},{"taxonomy":"product_cat","embeddable":true,"href":"https:\/\/antcube.shop\/es\/wp-json\/wp\/v2\/product_cat?post=11137"},{"taxonomy":"product_tag","embeddable":true,"href":"https:\/\/antcube.shop\/es\/wp-json\/wp\/v2\/product_tag?post=11137"}],"curies":[{"name":"wp","href":"https:\/\/api.w.org\/{rel}","templated":true}]}}