{"id":10988,"date":"2025-01-29T13:27:22","date_gmt":"2025-01-29T12:27:22","guid":{"rendered":"https:\/\/antcube.shop\/en\/product\/bundle-offer-pheidole-pallidula\/"},"modified":"2026-04-13T09:30:15","modified_gmt":"2026-04-13T07:30:15","slug":"oferta-paquete-pheidole-pallidula","status":"publish","type":"product","link":"https:\/\/antcube.shop\/es\/producto\/oferta-paquete-pheidole-pallidula\/","title":{"rendered":"Oferta Paquete - Crematogaster scutellaris"},"content":{"rendered":"<p id=\"docs-internal-guid-f360e18f-7fff-1fa7-2486-66b6ea8170c9\" dir=\"ltr\"><span data-text-color=\"secondary\"><strong>Oferta de paquete que incluye una colonia de hormigas Crematogaster scutellaris (reina con 5-10 obreras + cr\u00eda), un set de iniciaci\u00f3n Digfix S, 2 almohadillas de formicario y un fondo fotogr\u00e1fico del desierto.<\/strong><\/span><\/p>\n<p dir=\"ltr\"><span data-text-color=\"alert\"><strong>S\u00f3lo hasta fin de existencias.<\/strong><\/span><\/p>\n<h2 dir=\"ltr\"><strong>Todo lo que necesita para una colonia de hormigas Crematogaster scutellaris<\/strong><\/h2>\n<p dir=\"ltr\">Este paquete contiene todo lo necesario para mantener con \u00e9xito una colonia de Crematogaster scutellaris durante los primeros meses de cr\u00eda. Es ideal para principiantes y puede ampliarse f\u00e1cilmente.<\/p>\n<h3 dir=\"ltr\"><strong>Especie de hormiga Crematogaster scutellaris<\/strong><\/h3>\n<p>Crematogaster scutellaris es una especie de hormiga predominantemente omn\u00edvora que consume tanto alimentos vegetales como animales. Est\u00e1 muy extendida por la regi\u00f3n mediterr\u00e1nea y tambi\u00e9n se encuentra en el sur de Europa central. Es t\u00edpico de esta especie su caracter\u00edstico abdomen en forma de pera, que levanta en caso de peligro, un comportamiento llamativo para disuadir a sus enemigos.<\/p>\n<p>Las colonias suelen estar formadas por una reina (mon\u00f3gina), pero tambi\u00e9n pueden albergar varias reinas. Las obreras muestran un comportamiento activo y curioso y defienden en\u00e9rgicamente sus nidos. Crematogaster scutellaris es especialmente conocida por su capacidad para anidar en madera muerta o huecos de \u00e1rboles.<\/p>\n<h3 dir=\"ltr\"><strong>Nido para Crematogaster scutellaris<\/strong><\/h3>\n<p dir=\"ltr\">Como esta especie prefiere anidar en madera muerta seca o en grietas y hendiduras, este set contiene un inserto de nido Digfix. Esto permite una buena visi\u00f3n del interior del nido y simula las condiciones naturales. Como alternativa, pueden mantenerse en nidos de corcho o madera, que se acercan mucho a su h\u00e1bitat natural.<\/p>\n<h3 dir=\"ltr\"><strong>Alimento para Crematogaster scutellaris<\/strong><\/h3>\n<p dir=\"ltr\">Crematogaster scutellaris es una especie omn\u00edvora que prefiere los l\u00edquidos dulces, como la miel o las soluciones azucaradas. Tambi\u00e9n necesita alimentos ricos en prote\u00ednas, como peque\u00f1os insectos, sobre todo para criar a sus polluelos. En estado salvaje, tambi\u00e9n se alimenta de savia de \u00e1rboles y peque\u00f1os artr\u00f3podos.<\/p>\n<h3 dir=\"ltr\"><strong>Condiciones clim\u00e1ticas para Crematogaster scutellaris<\/strong><\/h3>\n<p dir=\"ltr\">La humedad:<br \/>\nArena: 30 - 50%<br \/>\n\u00c1rea de nido: 50 - 60%<br \/>\nLa temperatura:<br \/>\nArena: 24 - 30\u00b0C<br \/>\nZona de nidificaci\u00f3n: 22 - 28\u00b0C<\/p>\n<p dir=\"ltr\">Crematogaster scutellaris es ideal tanto para principiantes como para hormigueros experimentados. Gracias a su comportamiento activo, su llamativa forma y color corporal y su m\u00e9todo de construcci\u00f3n de nidos, ofrece una visi\u00f3n apasionante de la vida de una colonia de hormigas.<\/p>\n<p dir=\"ltr\"><strong>Contenido:<\/strong><br \/>\n1x colonia de hormigas Crematogaster scutellaris (reina + 5-10 obreras + cr\u00eda)<br \/>\n1x soluci\u00f3n de az\u00facar y miel (ZH) - envase de 10 ml<br \/>\n1x grillos enteros escaldados 10g<br \/>\n1x almohadilla formicarium- 20x20cm<br \/>\n1x Almohadilla Formicarium- 20x6cm<br \/>\n1x Fondo fotogr\u00e1fico Desierto 20\u00d710<br \/>\n1x ANTCUBE - Arena 20x20x10 - plano<br \/>\n1x Marco Arena 20\u00d720<br \/>\n1x Cubierta Arena 20\u00d720<br \/>\n4x Punto de fijaci\u00f3n para cubierta de arena<br \/>\n1x ANTCUBE - granja de hormigas - S - 20\u00d720 - de pie<br \/>\n1x ANTCUBE - Placa Digfix 20\u00d720 - S<br \/>\n1x tubo transparente de 0,5 m 10\/06 mm<br \/>\nANTCUBE - Pel\u00edcula roja 20\u00d720 - Filtro<br \/>\n1x clips adhesivos - transparente - 2 uds.<br \/>\n1x sustrato - arena-arcilla beige - 200g<br \/>\n1x inserto de malla - 50mm - acero inoxidable<br \/>\n1x tap\u00f3n formicaria para orificio de 50 mm<br \/>\n1x tap\u00f3n formicaria para orificio de 27 mm<br \/>\n1x tap\u00f3n formicaria para toma de 6mm<br \/>\n1x conector de lavabo B-27 y S-10-16 mm M25 - juego<br \/>\n1x alimentador de 2 ml - 360<br \/>\n1x bebedero transparente 20ml - esponja<br \/>\n1x vaso transparente para alimentos 1\u00d720 - esponja<br \/>\n1x mini termohigr\u00f3metro anal\u00f3gico - pantalla colgante<br \/>\n1x polvo protector antihormigas 10ml<br \/>\n1x pinzas de acero para muelles - anchas - suaves<br \/>\n1x pinzas de pl\u00e1stico transparente<br \/>\n1x pipeta de pl\u00e1stico de 3ml<br \/>\n1x lupa de mano - 2x - 30mm<br \/>\n1x limpiador de espuma 150x18x2.5mm<\/p>\n<p dir=\"ltr\"><strong>Descripci\u00f3n:<\/strong><br \/>\nEl Digfix Starter Set es adecuado para varias especies de hormigas, especialmente para las que anidan en arena y madera (muerta). Puede mantenerse seco o ligeramente h\u00famedo.<br \/>\nLa granja transparente puede utilizarse con la placa ANTCUBE Digfix. Las hormigas excavan sus propios t\u00faneles y c\u00e1maras en el material. Si es necesario, se pueden conectar otros m\u00f3dulos a trav\u00e9s de los orificios de 50 mm de la cubierta, como los nebulizadores, ventiladores o luces disponibles por separado. Como alternativa, se incluyen tapones de formicaria a juego para cerrar las aberturas. Si lo prefiere, tambi\u00e9n puede hacer funcionar el formicario abiertamente, simplemente colocando el marco desmontable en el suelo y aplicando aceite protector contra el escape de hormigas en su borde. La 'regadera 2ml - 360 grados' est\u00e1 pensada para la soluci\u00f3n de miel\/az\u00facar, la 'regadera transparente 20ml - esponja' para el agua. El \"Mini termohigr\u00f3metro\" puede fijarse al marco o a la cubierta y muestra los valores clim\u00e1ticos.<\/p>\n<p dir=\"ltr\"><span data-text-color=\"alert\"><strong>Es importante:<\/strong><\/span> Humedezca el suelo antes de usarlo para que la mezcla pueda aglutinarse y afianzarse en el hormiguero. Adem\u00e1s, un suelo demasiado seco y polvoriento puede obstruir las v\u00edas respiratorias de las hormigas y provocarles asfixia en el peor de los casos.<\/p>\n<p dir=\"ltr\"><strong>Recomendaci\u00f3n:<\/strong> Recomendamos una capa de sustrato de 2 mm de altura para que los animales no puedan excavar por s\u00ed mismos en la arena y, en su lugar, utilicen la granja proporcionada para tal fin. Tambi\u00e9n recomendamos perforar ligeramente el material de nidificaci\u00f3n de la granja (arena\/arcilla, Digfix, etc.) en un lugar para facilitar la excavaci\u00f3n a los animales.<br \/>\n<strong>Nota:<\/strong> El nido puede utilizarse en un formicario seco o h\u00famedo. Si el nido se mantiene permanentemente h\u00famedo (demasiado mojado), los restos de comida pueden provocar la formaci\u00f3n de moho.<br \/>\n<strong>Nota sobre Digfix:<\/strong> El color natural puede variar entre el verde-gris-marr\u00f3n y el marr\u00f3n tierra. El color no influye en la calidad.<\/p>\n<p dir=\"ltr\"><strong>Notas sobre la producci\u00f3n<\/strong><br \/>\nEl cristal se corta seg\u00fan la norma DIN 1249 con una tolerancia de +\/- 1 mm. En el caso de especies de hormigas extremadamente peque\u00f1as, es imprescindible una protecci\u00f3n adicional contra la rotura.<\/p>\n<p dir=\"ltr\"><strong>Notas sobre la granja<\/strong><br \/>\nAl conectar o desconectar tubos, hay que tener en cuenta lo siguiente:<br \/>\nSi resulta dif\u00edcil colocar el tubo en el conector, aplique una gota de nuestro aceite o polvo antifugas en el conector. A continuaci\u00f3n, el tubo debe introducirse en el conector gir\u00e1ndolo o enrosc\u00e1ndolo, sin ejercer presi\u00f3n arriba y abajo sobre el conector. Lo mismo se aplica al retirar los tubos del conector de la granja. No tire de ellos sin m\u00e1s.<\/p>\n<p dir=\"ltr\"><strong>Notas sobre Cricket Jam:<\/strong><br \/>\nNuestra mermelada de grillos es una forma f\u00e1cil de proporcionar a sus hormigas alimento proteico reci\u00e9n conservado sin tener que alimentarlas con insectos vivos. Los grillos (Acheta domesticus) se cuecen suavemente para garantizar la conservaci\u00f3n del valor nutritivo, el sabor y el aroma. Adem\u00e1s, el exoesqueleto quitinoso de los insectos se ablanda de esta forma para que pueda digerirse m\u00e1s f\u00e1cilmente. Los compuestos prote\u00ednicos de col\u00e1geno se dividen para que las hormigas puedan aprovecharlos mejor. Los Acheta domesticus de la lata tienen el mismo valor nutritivo que los grillos vivos, pero son m\u00e1s f\u00e1ciles de digerir.<br \/>\nEl Cricket Jam no es adecuado para cazar especies de hormigas que requieren alimento vivo (por ejemplo, las ponerinas (hormigas grandes) como Harpegnathos u Odontomachus).<\/p>\n<p dir=\"ltr\"><strong>M\u00e1s ventajas:<\/strong><br \/>\nGarant\u00eda de ausencia de \u00e1caros<br \/>\nSe puede porcionar y diluir con agua<br \/>\nEsterilizado y envasado al vac\u00edo<br \/>\nSin aditivos<br \/>\nGrillos procedentes de cr\u00eda sostenible puramente ecol\u00f3gica, alimentados con residuos org\u00e1nicos<\/p>\n<p dir=\"ltr\"><strong>Nota:<\/strong><br \/>\nPuede conservarse en el frigor\u00edfico unos cuatro d\u00edas despu\u00e9s de abierto. Se conserva m\u00e1s tiempo congelado.<\/p>\n<p dir=\"ltr\"><strong>Atenci\u00f3n<\/strong>: Porcionar primero y congelar despu\u00e9s.<\/p>\n<p dir=\"ltr\"><strong>Notas sobre la soluci\u00f3n de az\u00facar y miel (ZH) - envase de recarga de 10 ml<\/strong><br \/>\nContenido: 10 ml<\/p>\n<p dir=\"ltr\"><strong>Descripci\u00f3n:<\/strong> Se trata de un producto compuesto por diversos hidratos de carbono (como la miel y el az\u00facar).<\/p>\n<p dir=\"ltr\"><strong>Aplicaci\u00f3n:<\/strong> El tubo de alimento puede colocarse entero en el formicario o, alternativamente, dependiendo de las necesidades\/tama\u00f1o de la colonia, pueden colocarse cantidades m\u00e1s peque\u00f1as en un comedero. El alimento debe consumirse en unos 3 d\u00edas, ya que de lo contrario existe riesgo de moho. Por la misma raz\u00f3n, limpie el comedero antes de rellenarlo.<\/p>\n<p dir=\"ltr\"><strong>Utilizar:<\/strong><br \/>\nSoluci\u00f3n de az\u00facar y miel = para especies de hormigas que comen az\u00facar y miel<br \/>\nSe trata de un alimento complementario<br \/>\nPuede ofrecerse a los animales tal como se suministra. Dado que la concentraci\u00f3n de az\u00facar disminuye debido a la humedad y se inicia un proceso de fermentaci\u00f3n, el alimento debe sustituirse cada 3 d\u00edas. Limpie a fondo el comedero\/tubo antes de reutilizarlo.<br \/>\nUna vez abierto, el envase debe conservarse bien cerrado (si se almacena en un lugar seco) y utilizarse antes de la fecha indicada (fecha de caducidad).<\/p>\n<p dir=\"ltr\"><strong>Contiene:<\/strong><br \/>\nFructosa 27 a 44%,<br \/>\nglucosa 22 a 41%,<br \/>\nsacarosa hasta 5%,<br \/>\nmaltosa 4 a 14%,<br \/>\notros az\u00facares complejos 1 a 14%.<br \/>\nGrasa: 0g<br \/>\nCarbohidratos: 92g<br \/>\nProte\u00edna: 0g<br \/>\nSal: 0 g<\/p>\n<p dir=\"ltr\"><strong>Almacenamiento:<\/strong> Para garantizar la calidad del pienso, debe almacenarse en un lugar oscuro y seco.<\/p>\n<p dir=\"ltr\"><strong>Nota:<\/strong><br \/>\nConsulte en el prospecto la composici\u00f3n, los componentes anal\u00edticos, la fecha de caducidad y el n\u00famero de lote.<br \/>\nL\u00ednea directa de informaci\u00f3n +49 30 439703870<\/p>\n<p dir=\"ltr\"><strong>Autoridad veterinaria y de supervisi\u00f3n alimentaria competente:<\/strong><br \/>\nOficina veterinaria Steglitz<br \/>\nK\u00f6nigin-Luise-Str. 92<br \/>\n14195 Berl\u00edn<\/p>","protected":false},"excerpt":{"rendered":"<p>El juego consta de 34 piezas<\/p>","protected":false},"featured_media":10983,"comment_status":"open","ping_status":"closed","template":"","meta":{"_acf_changed":false,"content-type":"","_monsterinsights_skip_tracking":false,"_monsterinsights_sitenote_active":false,"_monsterinsights_sitenote_note":"","_monsterinsights_sitenote_category":0},"product_brand":[484],"product_cat":[355,73],"product_tag":[],"class_list":{"0":"post-10988","1":"product","2":"type-product","3":"status-publish","4":"has-post-thumbnail","6":"product_brand-antcube","7":"product_cat-bundle-offers","8":"product_cat-starter-sets","10":"first","11":"instock","12":"taxable","13":"shipping-taxable","14":"purchasable","15":"product-type-simple"},"acf":[],"aioseo_notices":[],"jetpack_sharing_enabled":true,"_links":{"self":[{"href":"https:\/\/antcube.shop\/es\/wp-json\/wp\/v2\/product\/10988","targetHints":{"allow":["GET"]}}],"collection":[{"href":"https:\/\/antcube.shop\/es\/wp-json\/wp\/v2\/product"}],"about":[{"href":"https:\/\/antcube.shop\/es\/wp-json\/wp\/v2\/types\/product"}],"replies":[{"embeddable":true,"href":"https:\/\/antcube.shop\/es\/wp-json\/wp\/v2\/comments?post=10988"}],"wp:featuredmedia":[{"embeddable":true,"href":"https:\/\/antcube.shop\/es\/wp-json\/wp\/v2\/media\/10983"}],"wp:attachment":[{"href":"https:\/\/antcube.shop\/es\/wp-json\/wp\/v2\/media?parent=10988"}],"wp:term":[{"taxonomy":"product_brand","embeddable":true,"href":"https:\/\/antcube.shop\/es\/wp-json\/wp\/v2\/product_brand?post=10988"},{"taxonomy":"product_cat","embeddable":true,"href":"https:\/\/antcube.shop\/es\/wp-json\/wp\/v2\/product_cat?post=10988"},{"taxonomy":"product_tag","embeddable":true,"href":"https:\/\/antcube.shop\/es\/wp-json\/wp\/v2\/product_tag?post=10988"}],"curies":[{"name":"wp","href":"https:\/\/api.w.org\/{rel}","templated":true}]}}