{"id":899,"date":"2021-08-22T15:12:45","date_gmt":"2021-08-22T13:12:45","guid":{"rendered":"https:\/\/antcube.shop\/?page_id=899"},"modified":"2023-12-14T13:30:00","modified_gmt":"2023-12-14T12:30:00","slug":"faq-shop","status":"publish","type":"page","link":"https:\/\/antcube.shop\/es\/faq-shop\/","title":{"rendered":"Tienda FAQ"},"content":{"rendered":"<div id=\"gap-1755634212\" class=\"gap-element clearfix\" style=\"display:block; height:auto;\">\n\t\t\n<style>\n#gap-1755634212 {\n  padding-top: 200px;\n}\n@media (min-width:850px) {\n  #gap-1755634212 {\n    padding-top: 175px;\n  }\n}\n<\/style>\n\t<\/div>\n\t\n\n\t<div id=\"text-4194948714\" class=\"text\">\n\t\t\n\n<h1>Tienda FAQ \u00a0<\/h1>\n<h2>Preguntas frecuentes sobre nuestros productos o nuestra tienda en general<\/h2>\n\t\t\n<style>\n#text-4194948714 {\n  text-align: center;\n}\n<\/style>\n\t<\/div>\n\t\n<div class=\"row align-center\"  id=\"row-376146659\">\n\n\n\t<div id=\"col-1429958129\" class=\"col small-12 large-12\"  >\n\t\t\t\t<div class=\"col-inner\"  >\n\t\t\t\n\t\t\t\n\n<div class=\"accordion\">\n\n\t<div id=\"accordion-489656957\" class=\"accordion-item\">\n\t\t<a id=\"accordion-489656957-label\" class=\"accordion-title plain\" href=\"#accordion-item-you-do-not-know-what-ant-species-to-keep-or-which-formicarium-you-should-use?\" aria-expanded=\"false\" aria-controls=\"accordion-489656957-content\">\n\t\t\t<button class=\"toggle\" aria-label=\"Toggle\"><i class=\"icon-angle-down\" aria-hidden=\"true\"><\/i><\/button>\n\t\t\t<span>\u00bfNo sabe qu\u00e9 especies de hormigas mantener o qu\u00e9 Formicarium debe utilizar?<\/span>\n\t\t<\/a>\n\t\t<div id=\"accordion-489656957-content\" class=\"accordion-inner\" aria-labelledby=\"accordion-489656957-label\">\n\t\t\t\n\n<p>Pruebe nuestro \"Buscador de hormigas\" o \"Buscador de formicarios\" - Nuestro servicio de atenci\u00f3n al cliente en l\u00ednea<\/p>\n<p><a href=\"https:\/\/antcube.shop\/ant-finder\/\">Encuentre su especie de hormiga<\/a><\/p>\n<p><a href=\"https:\/\/antcube.shop\/formicarium-finder\/\">Encuentre su Formicarium<\/a><\/p>\n\n\t\t<\/div>\n\t<\/div>\n\t\n\t<div id=\"accordion-2043430992\" class=\"accordion-item\">\n\t\t<a id=\"accordion-2043430992-label\" class=\"accordion-title plain\" href=\"#accordion-item-what-are-the-delivery-times-and-charges-for-orders-from-the-online-shop?\" aria-expanded=\"false\" aria-controls=\"accordion-2043430992-content\">\n\t\t\t<button class=\"toggle\" aria-label=\"Toggle\"><i class=\"icon-angle-down\" aria-hidden=\"true\"><\/i><\/button>\n\t\t\t<span>\u00bfCu\u00e1les son los plazos y los gastos de entrega de los pedidos de la tienda online?<\/span>\n\t\t<\/a>\n\t\t<div id=\"accordion-2043430992-content\" class=\"accordion-inner\" aria-labelledby=\"accordion-2043430992-label\">\n\t\t\t\n\n<p>Puede encontrar informaci\u00f3n sobre los plazos de entrega estimados aqu\u00ed:<\/p>\n<p><a href=\"https:\/\/antcube.shop\/delivery-times\/\">Plazos de entrega<\/a><\/p>\n<p>Si desea conocer los gastos de env\u00edo estimados y las restricciones de entrega, consulte aqu\u00ed:<\/p>\n<p><a href=\"https:\/\/antcube.shop\/shipping-costs-delivery-restrictions\/\">Gastos de env\u00edo\/restricciones de entrega<\/a><\/p>\n\n\t\t<\/div>\n\t<\/div>\n\t\n\t<div id=\"accordion-3418820411\" class=\"accordion-item\">\n\t\t<a id=\"accordion-3418820411-label\" class=\"accordion-title plain\" href=\"#accordion-item-you-have-questions-about-returns-or-refunds?\" aria-expanded=\"false\" aria-controls=\"accordion-3418820411-content\">\n\t\t\t<button class=\"toggle\" aria-label=\"Toggle\"><i class=\"icon-angle-down\" aria-hidden=\"true\"><\/i><\/button>\n\t\t\t<span>\u00bfTiene preguntas sobre devoluciones o reembolsos?<\/span>\n\t\t<\/a>\n\t\t<div id=\"accordion-3418820411-content\" class=\"accordion-inner\" aria-labelledby=\"accordion-3418820411-label\">\n\t\t\t\n\n<p><a href=\"https:\/\/antcube.shop\/refund-policy\/\">Pol\u00edtica de reembolso<\/a><\/p>\n<p><a href=\"https:\/\/antcube.shop\/terms-and-conditions\/\">T\u00e9rminos y condiciones<\/a><\/p>\n\n\t\t<\/div>\n\t<\/div>\n\t\n\t<div id=\"accordion-3170909084\" class=\"accordion-item\">\n\t\t<a id=\"accordion-3170909084-label\" class=\"accordion-title plain\" href=\"#accordion-item-which-payment-methods-are-accepted-in-the-online-shop?\" aria-expanded=\"false\" aria-controls=\"accordion-3170909084-content\">\n\t\t\t<button class=\"toggle\" aria-label=\"Toggle\"><i class=\"icon-angle-down\" aria-hidden=\"true\"><\/i><\/button>\n\t\t\t<span>\u00bfQu\u00e9 m\u00e9todos de pago se aceptan en la tienda online?<\/span>\n\t\t<\/a>\n\t\t<div id=\"accordion-3170909084-content\" class=\"accordion-inner\" aria-labelledby=\"accordion-3170909084-label\">\n\t\t\t\n\n<p>Aqu\u00ed encontrar\u00e1 un resumen de nuestros m\u00e9todos de pago aceptados:<\/p>\n<p><a href=\"https:\/\/antcube.shop\/payment-methods\/\">M\u00e9todos de pago<\/a><\/p>\n\n\t\t<\/div>\n\t<\/div>\n\t\n\t<div id=\"accordion-1800646607\" class=\"accordion-item\">\n\t\t<a id=\"accordion-1800646607-label\" class=\"accordion-title plain\" href=\"#accordion-item-you-are-looking-for-user-manuals-for-your-starter-set?\" aria-expanded=\"false\" aria-controls=\"accordion-1800646607-content\">\n\t\t\t<button class=\"toggle\" aria-label=\"Toggle\"><i class=\"icon-angle-down\" aria-hidden=\"true\"><\/i><\/button>\n\t\t\t<span>\u00bfBusca manuales de usuario para su equipo de iniciaci\u00f3n?<\/span>\n\t\t<\/a>\n\t\t<div id=\"accordion-1800646607-content\" class=\"accordion-inner\" aria-labelledby=\"accordion-1800646607-label\">\n\t\t\t\n\n<p>Encuentre aqu\u00ed manuales de usuario en PDF para imprimir o descargar:<\/p>\n<p><a href=\"https:\/\/antcube.shop\/download\/\">Descargar<\/a><\/p>\n\n\t\t<\/div>\n\t<\/div>\n\t\n\t<div id=\"accordion-2588183649\" class=\"accordion-item\">\n\t\t<a id=\"accordion-2588183649-label\" class=\"accordion-title plain\" href=\"#accordion-item-you-need-more-information-about-certain-ant-species-or-ant-keeping-in-general?\" aria-expanded=\"false\" aria-controls=\"accordion-2588183649-content\">\n\t\t\t<button class=\"toggle\" aria-label=\"Toggle\"><i class=\"icon-angle-down\" aria-hidden=\"true\"><\/i><\/button>\n\t\t\t<span>\u00bfNecesita m\u00e1s informaci\u00f3n sobre determinadas especies de hormigas o sobre la cr\u00eda de hormigas en general?<\/span>\n\t\t<\/a>\n\t\t<div id=\"accordion-2588183649-content\" class=\"accordion-inner\" aria-labelledby=\"accordion-2588183649-label\">\n\t\t\t\n\n<p>Encuentre aqu\u00ed las preguntas m\u00e1s frecuentes sobre las hormigas y su mantenimiento:<\/p>\n<p><a href=\"https:\/\/antcube.shop\/faq-ants\/\">Preguntas frecuentes sobre las hormigas<\/a><\/p>\n<p><a href=\"https:\/\/antcube.shop\/catching-queen-ants\/\">C\u00f3mo atrapar a la hormiga reina<\/a><\/p>\n<p><a href=\"https:\/\/antcube.shop\/ant-species\/\">M\u00e1s informaci\u00f3n sobre las hormigas<\/a><\/p>\n<p><a href=\"https:\/\/antcube.shop\/social-media\/\">Consulte nuestros canales de YouTube, donde encontrar\u00e1 consejos e informaci\u00f3n \u00fatiles.<\/a><\/p>\n\n\t\t<\/div>\n\t<\/div>\n\t\n\t<div id=\"accordion-2303120666\" class=\"accordion-item\">\n\t\t<a id=\"accordion-2303120666-label\" class=\"accordion-title plain\" href=\"#accordion-item-you-have-questions-about-our-products?\" aria-expanded=\"false\" aria-controls=\"accordion-2303120666-content\">\n\t\t\t<button class=\"toggle\" aria-label=\"Toggle\"><i class=\"icon-angle-down\" aria-hidden=\"true\"><\/i><\/button>\n\t\t\t<span>\u00bfTiene preguntas sobre nuestros productos?<\/span>\n\t\t<\/a>\n\t\t<div id=\"accordion-2303120666-content\" class=\"accordion-inner\" aria-labelledby=\"accordion-2303120666-label\">\n\t\t\t\n\n<p>Si tiene preguntas sobre nuestros productos, consulte primero la descripci\u00f3n del producto correspondiente en nuestra tienda.<\/p>\n<p>Si no, puede encontrar m\u00e1s informaci\u00f3n aqu\u00ed:<\/p>\n<p><a href=\"https:\/\/antcube.shop\/product-information\/\">Informaci\u00f3n sobre el producto<\/a><\/p>\n\n\t\t<\/div>\n\t<\/div>\n\t\n\n<\/div>\n\n\t\t<\/div>\n\t\t\t\t\t<\/div>\n\n\t\n\n<\/div>","protected":false},"excerpt":{"rendered":"","protected":false},"author":1,"featured_media":0,"parent":0,"menu_order":0,"comment_status":"closed","ping_status":"closed","template":"","meta":{"_acf_changed":false,"content-type":"","_monsterinsights_skip_tracking":false,"_monsterinsights_sitenote_active":false,"_monsterinsights_sitenote_note":"","_monsterinsights_sitenote_category":0,"footnotes":""},"class_list":["post-899","page","type-page","status-publish","hentry"],"acf":[],"aioseo_notices":[],"jetpack_sharing_enabled":true,"_links":{"self":[{"href":"https:\/\/antcube.shop\/es\/wp-json\/wp\/v2\/pages\/899","targetHints":{"allow":["GET"]}}],"collection":[{"href":"https:\/\/antcube.shop\/es\/wp-json\/wp\/v2\/pages"}],"about":[{"href":"https:\/\/antcube.shop\/es\/wp-json\/wp\/v2\/types\/page"}],"author":[{"embeddable":true,"href":"https:\/\/antcube.shop\/es\/wp-json\/wp\/v2\/users\/1"}],"replies":[{"embeddable":true,"href":"https:\/\/antcube.shop\/es\/wp-json\/wp\/v2\/comments?post=899"}],"version-history":[{"count":8,"href":"https:\/\/antcube.shop\/es\/wp-json\/wp\/v2\/pages\/899\/revisions"}],"predecessor-version":[{"id":6791,"href":"https:\/\/antcube.shop\/es\/wp-json\/wp\/v2\/pages\/899\/revisions\/6791"}],"wp:attachment":[{"href":"https:\/\/antcube.shop\/es\/wp-json\/wp\/v2\/media?parent=899"}],"curies":[{"name":"wp","href":"https:\/\/api.w.org\/{rel}","templated":true}]}}