{"id":702,"date":"2021-08-17T10:58:14","date_gmt":"2021-08-17T08:58:14","guid":{"rendered":"https:\/\/antcube.shop\/?page_id=702"},"modified":"2024-09-09T17:06:06","modified_gmt":"2024-09-09T15:06:06","slug":"catching-queen-ants","status":"publish","type":"page","link":"https:\/\/antcube.shop\/es\/catching-queen-ants\/","title":{"rendered":"Atrapar a las hormigas reina"},"content":{"rendered":"<div id=\"gap-1458391434\" class=\"gap-element clearfix\" style=\"display:block; height:auto;\">\n\t\t\n<style>\n#gap-1458391434 {\n  padding-top: 177px;\n}\n@media (min-width:550px) {\n  #gap-1458391434 {\n    padding-top: 178px;\n  }\n}\n@media (min-width:850px) {\n  #gap-1458391434 {\n    padding-top: 75px;\n  }\n}\n<\/style>\n\t<\/div>\n\t\n\n\n  <div class=\"banner has-hover\" id=\"banner-1235076708\">\n          <div class=\"banner-inner fill\">\n        <div class=\"banner-bg fill\" >\n            <img loading=\"lazy\" decoding=\"async\" width=\"1020\" height=\"571\" src=\"https:\/\/i0.wp.com\/antcube.shop\/wp-content\/uploads\/2021\/09\/Screenshot-2021-09-16-150304.png?fit=1020%2C571&amp;ssl=1\" class=\"bg attachment-large size-large\" alt=\"C\u00f3mo atrapar una hormiga reina con probeta y pinzas de acero para muelles\" \/>                        <div class=\"overlay\"><\/div>            \n                    <\/div>\n\t\t\n        <div class=\"banner-layers container\">\n            <div class=\"fill banner-link\"><\/div>            \n\n   <div id=\"text-box-768758830\" class=\"text-box banner-layer x50 md-x50 lg-x50 y50 md-y50 lg-y50 res-text\">\n                                <div class=\"text-box-content text dark text-shadow-3\">\n              \n              <div class=\"text-inner text-center\">\n                  \n\n<h3 class=\"uppercase\"><strong>C\u00d3MO CORTAR SU PROPIA HORMIGUERA<\/strong><\/h3>\n\n              <\/div>\n           <\/div>\n                            \n<style>\n#text-box-768758830 {\n  width: 60%;\n}\n#text-box-768758830 .text-box-content {\n  font-size: 100%;\n}\n<\/style>\n    <\/div>\n \n\n        <\/div>\n      <\/div>\n\n            \n<style>\n#banner-1235076708 {\n  padding-top: 400px;\n}\n#banner-1235076708 .overlay {\n  background-color: rgba(0, 0, 0, 0.17);\n}\n#banner-1235076708 .banner-bg img {\n  object-position: 56% 82%;\n}\n@media (min-width:550px) {\n  #banner-1235076708 {\n    padding-top: 500px;\n  }\n}\n<\/style>\n  <\/div>\n\n\n\t<div id=\"gap-1703040531\" class=\"gap-element clearfix\" style=\"display:block; height:auto;\">\n\t\t\n<style>\n#gap-1703040531 {\n  padding-top: 30px;\n}\n<\/style>\n\t<\/div>\n\t\n\n<div class=\"row\"  id=\"row-1475452633\">\n\n\n\t<div id=\"col-2011171258\" class=\"col medium-6 small-12 large-6\"  >\n\t\t\t\t<div class=\"col-inner\"  >\n\t\t\t\n\t\t\t\n\n<h3>Atrapa tu propia hormiga reina<\/h3>\n<p>Si quieres atrapar tu propia hormiga reina, se necesita suerte o algo de preparaci\u00f3n e investigaci\u00f3n.\u00a0<\/p>\n<p>Las hormigas suelen tener su vuelo nupcial una vez al a\u00f1o. S\u00f3lo en ese momento la colonia forma los llamados animales reproductores, es decir, las reinas j\u00f3venes y los z\u00e1nganos (hormigas macho). Son las \u00fanicas hormigas capaces de volar. Las reinas pierden sus alas despu\u00e9s de aparearse con uno o varios machos. Los machos mueren al cabo de poco tiempo (como m\u00e1ximo unos d\u00edas), independientemente de que se hayan apareado o no. <br \/>Una vez que las j\u00f3venes reinas han completado su vuelo nupcial, buscan un lugar adecuado para establecer su colonia. Se desprenden de sus alas y comienzan a excavar. Este es el momento perfecto para recogerlas. Cuando ya no tienen alas, puede estar seguro de que est\u00e1n apareadas.<\/p>\n<p>La mejor manera de recogerlos es utilizar unas pinzas de acero para muelles. Con ellas puedes coger los animales sin hacerles da\u00f1o.<\/p>\n<p>Col\u00f3quelos en un tubo de ensayo o en una peque\u00f1a caja con agujeros para la ventilaci\u00f3n. Algunas especies deben transportarse individualmente, otras pueden mantenerse juntas durante un corto periodo de tiempo en un contenedor, ya que son menos agresivas entre ellas. Las especies diferentes deben mantenerse siempre separadas.<\/p>\n<p>Para saber cu\u00e1ndo y d\u00f3nde puedes encontrar a tus hormigas reinas, ahora hay muchas \"cartas de vuelo nupcial\" en l\u00ednea. Hemos enlazado dos ejemplos m\u00e1s abajo en esta p\u00e1gina.<\/p>\n<p>Por favor, aseg\u00farese de que no est\u00e1 recogiendo una especie protegida o en peligro de extinci\u00f3n, hay m\u00e1s que suficientes especies en todos los pa\u00edses del mundo que tienen poblaciones muy saludables.<\/p>\n<p><strong>Carta de vuelo nupcial en lengua alemana:<\/strong><\/p>\n<p><a href=\"https:\/\/www.ameisenforum.de\/schwarmflug.php\">Ameisenforum.de<\/a><\/p>\n<p><strong>Carta de vuelo nupcial en ingl\u00e9s:<\/strong><\/p>\n<p><a href=\"https:\/\/antflights.com\/stats\/flights\">Antflights.com<\/a><\/p>\n\n\t\t<\/div>\n\t\t\t\t\t<\/div>\n\n\t\n\n\t<div id=\"col-24080580\" class=\"col medium-6 small-12 large-6\"  >\n\t\t\t\t<div class=\"col-inner\"  >\n\t\t\t\n\t\t\t\n\n\t<div class=\"img has-hover x md-x lg-x y md-y lg-y\" id=\"image_1191773257\">\n\t\t<a class=\"image-lightbox lightbox-gallery\" title=\"\" href=\"https:\/\/i0.wp.com\/antcube.shop\/wp-content\/uploads\/2021\/07\/Lasius-niger.jpg?ssl=1\">\t\t\t\t\t\t<div class=\"img-inner dark\" >\n\t\t\t<img data-recalc-dims=\"1\" loading=\"lazy\" decoding=\"async\" width=\"1000\" height=\"1000\" src=\"https:\/\/i0.wp.com\/antcube.shop\/wp-content\/uploads\/2021\/07\/Lasius-niger.jpg?resize=1000%2C1000&#038;ssl=1\" class=\"attachment-original size-original\" alt=\"Macro de hormiga reina Lasius niger sobre fondo blanco\" srcset=\"https:\/\/i0.wp.com\/antcube.shop\/wp-content\/uploads\/2021\/07\/Lasius-niger.jpg?w=1000&amp;ssl=1 1000w, https:\/\/i0.wp.com\/antcube.shop\/wp-content\/uploads\/2021\/07\/Lasius-niger.jpg?resize=247%2C247&amp;ssl=1 247w, https:\/\/i0.wp.com\/antcube.shop\/wp-content\/uploads\/2021\/07\/Lasius-niger.jpg?resize=100%2C100&amp;ssl=1 100w, https:\/\/i0.wp.com\/antcube.shop\/wp-content\/uploads\/2021\/07\/Lasius-niger.jpg?resize=510%2C510&amp;ssl=1 510w, https:\/\/i0.wp.com\/antcube.shop\/wp-content\/uploads\/2021\/07\/Lasius-niger.jpg?resize=400%2C400&amp;ssl=1 400w, https:\/\/i0.wp.com\/antcube.shop\/wp-content\/uploads\/2021\/07\/Lasius-niger.jpg?resize=800%2C800&amp;ssl=1 800w, https:\/\/i0.wp.com\/antcube.shop\/wp-content\/uploads\/2021\/07\/Lasius-niger.jpg?resize=280%2C280&amp;ssl=1 280w, https:\/\/i0.wp.com\/antcube.shop\/wp-content\/uploads\/2021\/07\/Lasius-niger.jpg?resize=768%2C768&amp;ssl=1 768w\" sizes=\"auto, (max-width: 1000px) 100vw, 1000px\" \/>\t\t\t\t\t\t\n\t\t\t\t\t<\/div>\n\t\t\t\t\t\t<\/a>\t\t\n<style>\n#image_1191773257 {\n  width: 100%;\n}\n<\/style>\n\t<\/div>\n\t\n\n\t<div id=\"text-3674023803\" class=\"text\">\n\t\t\n\n<p>Lasius niger reina<\/p>\n\t\t\n<style>\n#text-3674023803 {\n  text-align: center;\n}\n<\/style>\n\t<\/div>\n\t\n\n\t\t<\/div>\n\t\t\t\t\t<\/div>\n\n\t\n\n<\/div>","protected":false},"excerpt":{"rendered":"","protected":false},"author":1,"featured_media":0,"parent":0,"menu_order":0,"comment_status":"closed","ping_status":"closed","template":"","meta":{"_acf_changed":false,"content-type":"","_monsterinsights_skip_tracking":false,"_monsterinsights_sitenote_active":false,"_monsterinsights_sitenote_note":"","_monsterinsights_sitenote_category":0,"footnotes":""},"class_list":["post-702","page","type-page","status-publish","hentry"],"acf":[],"aioseo_notices":[],"jetpack_sharing_enabled":true,"_links":{"self":[{"href":"https:\/\/antcube.shop\/es\/wp-json\/wp\/v2\/pages\/702","targetHints":{"allow":["GET"]}}],"collection":[{"href":"https:\/\/antcube.shop\/es\/wp-json\/wp\/v2\/pages"}],"about":[{"href":"https:\/\/antcube.shop\/es\/wp-json\/wp\/v2\/types\/page"}],"author":[{"embeddable":true,"href":"https:\/\/antcube.shop\/es\/wp-json\/wp\/v2\/users\/1"}],"replies":[{"embeddable":true,"href":"https:\/\/antcube.shop\/es\/wp-json\/wp\/v2\/comments?post=702"}],"version-history":[{"count":10,"href":"https:\/\/antcube.shop\/es\/wp-json\/wp\/v2\/pages\/702\/revisions"}],"predecessor-version":[{"id":9149,"href":"https:\/\/antcube.shop\/es\/wp-json\/wp\/v2\/pages\/702\/revisions\/9149"}],"wp:attachment":[{"href":"https:\/\/antcube.shop\/es\/wp-json\/wp\/v2\/media?parent=702"}],"curies":[{"name":"wp","href":"https:\/\/api.w.org\/{rel}","templated":true}]}}