{"id":643,"date":"2021-07-30T13:36:12","date_gmt":"2021-07-30T11:36:12","guid":{"rendered":"https:\/\/antcube.shop\/?page_id=643"},"modified":"2024-11-29T15:31:27","modified_gmt":"2024-11-29T14:31:27","slug":"dispositivos-electricos-actuan","status":"publish","type":"page","link":"https:\/\/antcube.shop\/es\/dispositivos-electricos-actuan\/","title":{"rendered":"Ley de aparatos el\u00e9ctricos"},"content":{"rendered":"<div id=\"gap-930809610\" class=\"gap-element clearfix\" style=\"display:block; height:auto;\">\n\t\t\n<style>\n#gap-930809610 {\n  padding-top: 190px;\n}\n<\/style>\n\t<\/div>\n\t\n\n<div class=\"row\"  id=\"row-1560995196\">\n\n\n\t<div id=\"col-1394678487\" class=\"col small-12 large-12\"  >\n\t\t\t\t<div class=\"col-inner\"  >\n\t\t\t\n\t\t\t\n\n\t<div id=\"text-2600578459\" class=\"text\">\n\t\t\n\n<h3><b>Informaci\u00f3n conforme a la Ley alemana de aparatos el\u00e9ctricos y electr\u00f3nicos (ElektroG)<\/b><\/h3>\n<p><span style=\"font-weight: 400;\">Nuestro n\u00famero de registro RAEE: <\/span><b>DE 54590387<\/b><\/p>\n<p><b>1 Introducci\u00f3n <\/b><b><br \/><\/b><span style=\"font-weight: 400;\">El ElektroG regula la <\/span><b>comercializaci\u00f3n<\/b><span style=\"font-weight: 400;\">, <\/span><b>recogida <\/b><span style=\"font-weight: 400;\">y <\/span><b>eliminaci\u00f3n respetuosa con el medio ambiente <\/b><span style=\"font-weight: 400;\">de equipos el\u00e9ctricos y electr\u00f3nicos. El objetivo es promover la protecci\u00f3n del medio ambiente y garantizar el reciclaje de materias primas valiosas.<\/span><\/p>\n<ol start=\"2\">\n<li><b> obligaciones jur\u00eddicas de los consumidores<\/b><\/li>\n<\/ol>\n<ul>\n<li style=\"font-weight: 400;\" aria-level=\"1\"><b>Prohibici\u00f3n de eliminaci\u00f3n en los residuos<\/b><span style=\"font-weight: 400;\">: Los aparatos el\u00e9ctricos viejos no pueden eliminarse con los residuos.<\/span><\/li>\n<li style=\"font-weight: 400;\" aria-level=\"1\"><b>Obligaci\u00f3n de retorno<\/b><span style=\"font-weight: 400;\">: Los consumidores tienen la obligaci\u00f3n legal de eliminar los residuos de aparatos el\u00e9ctricos y electr\u00f3nicos usados en los centros municipales de recogida (\u00d6RE - autoridades p\u00fablicas de eliminaci\u00f3n de residuos) o en los sistemas de recuperaci\u00f3n adecuados.<\/span><\/li>\n<li style=\"font-weight: 400;\" aria-level=\"1\"><b>Contaminantes y reciclaje<\/b><span style=\"font-weight: 400;\">:<\/span>\n<ul>\n<li style=\"font-weight: 400;\" aria-level=\"2\"><span style=\"font-weight: 400;\">Los aparatos el\u00e9ctricos viejos pueden contener sustancias nocivas que pueden da\u00f1ar el medio ambiente y la salud si no se almacenan o eliminan adecuadamente.<\/span><\/li>\n<li style=\"font-weight: 400;\" aria-level=\"2\"><span style=\"font-weight: 400;\">Al mismo tiempo, contienen valiosas materias primas como hierro, pl\u00e1stico, plata o vidrio, que pueden reciclarse.<\/span><\/li>\n<\/ul>\n<\/li>\n<\/ul>\n<p><b>3 \u00bfQu\u00e9 dispositivos est\u00e1n afectados? <\/b><b><br \/><\/b><span style=\"font-weight: 400;\">La ElektroG se aplica a la mayor\u00eda de aparatos el\u00e9ctricos y electr\u00f3nicos que funcionan con electricidad o campos electromagn\u00e9ticos. Entre ellos se incluyen:<\/span><\/p>\n<ul>\n<li style=\"font-weight: 400;\" aria-level=\"1\"><span style=\"font-weight: 400;\">Ordenador clim\u00e1tico<\/span><\/li>\n<li style=\"font-weight: 400;\" aria-level=\"1\"><span style=\"font-weight: 400;\">Esteras y cables calefactores<\/span><\/li>\n<li style=\"font-weight: 400;\" aria-level=\"1\"><span style=\"font-weight: 400;\">Term\u00f3metro e higr\u00f3metro digital<\/span><\/li>\n<li style=\"font-weight: 400;\" aria-level=\"1\"><span style=\"font-weight: 400;\">Humidificadores (nebulizadores)<\/span><\/li>\n<li style=\"font-weight: 400;\" aria-level=\"1\"><span style=\"font-weight: 400;\">Ventilador<\/span><\/li>\n<\/ul>\n<p><span style=\"font-weight: 400;\">En la directiva legal vigente figura una lista completa de las categor\u00edas afectadas.<\/span><\/p>\n<p><b>4 Etiquetado de los productos afectados <\/b><b><br \/><\/b><span style=\"font-weight: 400;\">Los productos que entran en el \u00e1mbito de aplicaci\u00f3n de la ElektroG est\u00e1n marcados con el s\u00edmbolo de un <\/span><b>cubo de basura tachado<\/b><span style=\"font-weight: 400;\">. Esto indica que el aparato no debe eliminarse con los residuos restantes, sino a trav\u00e9s de centros de recogida o sistemas de recuperaci\u00f3n.<\/span><\/p>\n<p><b>5 Obligaciones de ANTSTORE en virtud de la ElektroG <\/b><b><br \/><\/b><span style=\"font-weight: 400;\">ANTSTORE ha cumplido todas las obligaciones derivadas de la ElektroG para garantizar una eliminaci\u00f3n respetuosa con el medio ambiente:<\/span><\/p>\n<ul>\n<li style=\"font-weight: 400;\" aria-level=\"1\"><b>Inscripci\u00f3n en la AER<\/b><span style=\"font-weight: 400;\">:<\/span>\n<ul>\n<li style=\"font-weight: 400;\" aria-level=\"2\"><span style=\"font-weight: 400;\">ANTSTORE est\u00e1 registrada en la fundaci\u00f3n EAR (Registro de Residuos de Aparatos El\u00e9ctricos y Electr\u00f3nicos).<\/span><\/li>\n<li style=\"font-weight: 400;\" aria-level=\"2\"><span style=\"font-weight: 400;\">Nuestro n\u00famero de registro RAEE: <\/span><b>DE <\/b><span style=\"font-weight: 400;\">54590387.<\/span><\/li>\n<\/ul>\n<\/li>\n<li style=\"font-weight: 400;\" aria-level=\"1\"><b>Comprobaci\u00f3n de los proveedores<\/b><span style=\"font-weight: 400;\">:<\/span>\n<ul>\n<li style=\"font-weight: 400;\" aria-level=\"2\"><span style=\"font-weight: 400;\">Se ha comprobado y se comprueba continuamente que todos los proveedores cumplen las obligaciones de registro.<\/span><\/li>\n<\/ul>\n<\/li>\n<li style=\"font-weight: 400;\" aria-level=\"1\"><b>Obligaci\u00f3n de etiquetado<\/b><span style=\"font-weight: 400;\">:<\/span>\n<ul>\n<li style=\"font-weight: 400;\" aria-level=\"2\"><span style=\"font-weight: 400;\">Todos los productos fabricados e importados en la UE est\u00e1n debidamente etiquetados.<\/span><\/li>\n<\/ul>\n<\/li>\n<\/ul>\n<ol start=\"6\">\n<li><b> opciones de retorno en la rama ANTSTORE <\/b><b><br \/><\/b><span style=\"font-weight: 400;\">Adem\u00e1s de los puntos de recogida municipales, ANTSTORE ofrece a sus clientes un <\/span><b>retorno voluntario <\/b><span style=\"font-weight: 400;\">de electrodom\u00e9sticos viejos:<\/span><\/li>\n<\/ol>\n<ul>\n<li style=\"font-weight: 400;\" aria-level=\"1\"><span style=\"font-weight: 400;\">Los clientes pueden devolver sus aparatos viejos <\/span><b>gratis <\/b><span style=\"font-weight: 400;\">al comprar en nuestra tienda.<\/span><\/li>\n<li style=\"font-weight: 400;\" aria-level=\"1\"><span style=\"font-weight: 400;\">De este modo, apoyamos la eliminaci\u00f3n c\u00f3moda y respetuosa con el medio ambiente de los aparatos el\u00e9ctricos viejos.<\/span><\/li>\n<\/ul>\n<p><b>Resumen para los consumidores<\/b><\/p>\n<ul>\n<li style=\"font-weight: 400;\" aria-level=\"1\"><span style=\"font-weight: 400;\">Utilice los centros municipales de recogida (\u00d6RE) o nuestros sistemas de recogida en la tienda.<\/span><\/li>\n<li style=\"font-weight: 400;\" aria-level=\"1\"><span style=\"font-weight: 400;\">No tire nunca aparatos el\u00e9ctricos viejos a la basura.<\/span><\/li>\n<li style=\"font-weight: 400;\" aria-level=\"1\"><span style=\"font-weight: 400;\">Ayude a proteger el medio ambiente y los recursos eliminando los residuos correctamente.<\/span><\/li>\n<\/ul>\n<p><span style=\"font-weight: 400;\">Si tiene m\u00e1s preguntas sobre nuestros servicios de recogida y eliminaci\u00f3n, no dude en ponerse en contacto con nosotros.<\/span><\/p>\n<p><b>Para m\u00e1s informaci\u00f3n:<\/b><\/p>\n<p><a href=\"https:\/\/www.stiftung-ear.de\/de\/home\"><span style=\"font-weight: 400;\">www.stiftung-ear.de<\/span><\/a><\/p>\n<p><a href=\"https:\/\/www.bmuv.de\/themen\/kreislaufwirtschaft\/abfallarten-und-abfallstroeme\/uebersicht-abfallarten-und-abfallstroeme\"><span style=\"font-weight: 400;\">www.bmu.de<\/span><\/a><\/p>\n\n\t\t\n<style>\n#text-2600578459 {\n  text-align: left;\n}\n<\/style>\n\t<\/div>\n\t\n\n\t\t<\/div>\n\t\t\t\t\t<\/div>\n\n\t\n\n<\/div>","protected":false},"excerpt":{"rendered":"","protected":false},"author":1,"featured_media":0,"parent":0,"menu_order":0,"comment_status":"closed","ping_status":"closed","template":"","meta":{"_acf_changed":false,"content-type":"","_monsterinsights_skip_tracking":false,"_monsterinsights_sitenote_active":false,"_monsterinsights_sitenote_note":"","_monsterinsights_sitenote_category":0,"footnotes":""},"class_list":["post-643","page","type-page","status-publish","hentry"],"acf":[],"aioseo_notices":[],"jetpack_sharing_enabled":true,"_links":{"self":[{"href":"https:\/\/antcube.shop\/es\/wp-json\/wp\/v2\/pages\/643","targetHints":{"allow":["GET"]}}],"collection":[{"href":"https:\/\/antcube.shop\/es\/wp-json\/wp\/v2\/pages"}],"about":[{"href":"https:\/\/antcube.shop\/es\/wp-json\/wp\/v2\/types\/page"}],"author":[{"embeddable":true,"href":"https:\/\/antcube.shop\/es\/wp-json\/wp\/v2\/users\/1"}],"replies":[{"embeddable":true,"href":"https:\/\/antcube.shop\/es\/wp-json\/wp\/v2\/comments?post=643"}],"version-history":[{"count":6,"href":"https:\/\/antcube.shop\/es\/wp-json\/wp\/v2\/pages\/643\/revisions"}],"predecessor-version":[{"id":10641,"href":"https:\/\/antcube.shop\/es\/wp-json\/wp\/v2\/pages\/643\/revisions\/10641"}],"wp:attachment":[{"href":"https:\/\/antcube.shop\/es\/wp-json\/wp\/v2\/media?parent=643"}],"curies":[{"name":"wp","href":"https:\/\/api.w.org\/{rel}","templated":true}]}}