{"id":641,"date":"2021-07-30T13:35:42","date_gmt":"2021-07-30T11:35:42","guid":{"rendered":"https:\/\/antcube.shop\/?page_id=641"},"modified":"2024-11-29T15:44:57","modified_gmt":"2024-11-29T14:44:57","slug":"ley-de-baterias","status":"publish","type":"page","link":"https:\/\/antcube.shop\/es\/ley-de-baterias\/","title":{"rendered":"Ley de pilas"},"content":{"rendered":"<div id=\"gap-2041645248\" class=\"gap-element clearfix\" style=\"display:block; height:auto;\">\n\t\t\n<style>\n#gap-2041645248 {\n  padding-top: 190px;\n}\n<\/style>\n\t<\/div>\n\t\n\n<div class=\"row\"  id=\"row-818371918\">\n\n\n\t<div id=\"col-1781726266\" class=\"col small-12 large-12\"  >\n\t\t\t\t<div class=\"col-inner\"  >\n\t\t\t\n\t\t\t\n\n<h3><b>Notas sobre la Ley de bater\u00edas (BattG)<\/b><\/h3>\n<ol>\n<li><b> pilas y bater\u00edas recargables en aparatos <\/b><b><br \/><\/b><span style=\"font-weight: 400;\">Muchos de nuestros productos contienen pilas o bater\u00edas recargables que se utilizan, por ejemplo, para manejar mandos a distancia o como componentes instalados permanentemente en aparatos. En relaci\u00f3n con la venta de estas pilas o bater\u00edas recargables, nos gustar\u00eda llamar su atenci\u00f3n sobre lo siguiente:<\/span><\/li>\n<li><b> obligaci\u00f3n legal de retorno<\/b><\/li>\n<\/ol>\n<ul>\n<li style=\"font-weight: 400;\" aria-level=\"1\"><b>Eliminaci\u00f3n de pilas usadas<\/b><span style=\"font-weight: 400;\"><br \/><\/span><span style=\"font-weight: 400;\"> De acuerdo con la Ley de pilas, las pilas usadas deben eliminarse gratuitamente en un centro de recogida municipal, en contenedores especiales para pilas usadas o en un punto de venta local.<\/span><\/li>\n<li style=\"font-weight: 400;\" aria-level=\"1\"><b>Prohibici\u00f3n de eliminaci\u00f3n en la basura dom\u00e9stica<\/b><span style=\"font-weight: 400;\"><br \/><\/span><span style=\"font-weight: 400;\">Est\u00e1 expresamente prohibido arrojar las pilas a la basura dom\u00e9stica.<\/span><\/li>\n<\/ul>\n<ol start=\"3\">\n<li><b> opciones de devoluci\u00f3n en ANTSTORE <\/b><b><br \/><\/b><span style=\"font-weight: 400;\">Si no desea utilizar un punto de recogida municipal o su distribuidor local, le ofrecemos las siguientes opciones para devolver las pilas suministradas por nosotros:<\/span><\/li>\n<\/ol>\n<ul>\n<li style=\"font-weight: 400;\" aria-level=\"1\"><b>Devoluci\u00f3n gratuita in situ<\/b><span style=\"font-weight: 400;\"><br \/><\/span><span style=\"font-weight: 400;\">Puede devolver las pilas directamente en nuestra tienda.<\/span><\/li>\n<li style=\"font-weight: 400;\" aria-level=\"1\"><b>Devoluci\u00f3n por correo<\/b><span style=\"font-weight: 400;\"><br \/><\/span><span style=\"font-weight: 400;\">Env\u00eda las pilas a:<\/span><span style=\"font-weight: 400;\"><br \/><\/span><b>ANTSTORE<\/b><b><br \/><\/b><b>Selerweg 41<\/b><b><br \/><\/b><b>D-12169 Berl\u00edn<\/b><\/li>\n<\/ul>\n<ol start=\"4\">\n<li><b> etiquetado de pilas que contienen sustancias nocivas <\/b><b><br \/><\/b><span style=\"font-weight: 400;\">Las pilas que contienen sustancias nocivas est\u00e1n marcadas con el s\u00edmbolo de una <\/span><b>cubo de basura tachado<\/b><span style=\"font-weight: 400;\">. Debajo de este s\u00edmbolo encontrar\u00e1 las abreviaturas qu\u00edmicas de las sustancias nocivas que contiene:<\/span><\/li>\n<\/ol>\n<ul>\n<li style=\"font-weight: 400;\" aria-level=\"1\"><b>Pb <\/b><span style=\"font-weight: 400;\">= la bater\u00eda contiene plomo<\/span><\/li>\n<li style=\"font-weight: 400;\" aria-level=\"1\"><b>Cd <\/b><span style=\"font-weight: 400;\">= la pila contiene cadmio<\/span><\/li>\n<li style=\"font-weight: 400;\" aria-level=\"1\"><b>Hg <\/b><span style=\"font-weight: 400;\">= la pila contiene mercurio<\/span><\/li>\n<\/ul>\n<ol start=\"5\">\n<li><b> m\u00e1s informaci\u00f3n<\/b><\/li>\n<\/ol>\n<ul>\n<li style=\"font-weight: 400;\" aria-level=\"1\"><span style=\"font-weight: 400;\">Encontrar\u00e1 informaci\u00f3n detallada:<\/span>\n<ul>\n<li style=\"font-weight: 400;\" aria-level=\"2\"><span style=\"font-weight: 400;\">En los documentos que acompa\u00f1an a su entrega de mercanc\u00edas.<\/span><\/li>\n<li style=\"font-weight: 400;\" aria-level=\"2\"><span style=\"font-weight: 400;\">En las instrucciones de uso del fabricante del aparato correspondiente.<\/span><\/li>\n<\/ul>\n<\/li>\n<li style=\"font-weight: 400;\" aria-level=\"1\"><span style=\"font-weight: 400;\">Puede obtener m\u00e1s informaci\u00f3n sobre la Ley de pilas:<\/span>\n<ul>\n<li style=\"font-weight: 400;\" aria-level=\"2\"><span style=\"font-weight: 400;\">En el Ministerio Federal de Medio Ambiente, Protecci\u00f3n de la Naturaleza y Seguridad Nuclear <\/span><a href=\"http:\/\/www.bmu.de\/abfallwirtschaft\"><span style=\"font-weight: 400;\">(<\/span><span style=\"font-weight: 400;\">www.bmu.de)<\/span><\/a><\/li>\n<li style=\"font-weight: 400;\" aria-level=\"2\"><span style=\"font-weight: 400;\">En la Agencia Federal de Medio Ambiente <\/span><a href=\"http:\/\/www.uba.de\"><span style=\"font-weight: 400;\">(<\/span><span style=\"font-weight: 400;\">www.uba.de)<\/span><\/a><\/li>\n<\/ul>\n<\/li>\n<\/ul>\n<p><b>Resumen<\/b><\/p>\n<ul>\n<li style=\"font-weight: 400;\" aria-level=\"1\"><span style=\"font-weight: 400;\">Las pilas no deben tirarse a la basura dom\u00e9stica.<\/span><\/li>\n<li style=\"font-weight: 400;\" aria-level=\"1\"><span style=\"font-weight: 400;\">Utilice los puntos de recogida municipales, los contenedores de pilas usadas o las opciones de devoluci\u00f3n de ANTSTORE.<\/span><\/li>\n<li style=\"font-weight: 400;\" aria-level=\"1\"><span style=\"font-weight: 400;\">Busque el s\u00edmbolo del cubo de basura tachado y el etiquetado de contaminantes.<\/span><\/li>\n<\/ul>\n<p><span style=\"font-weight: 400;\">Gracias por contribuir activamente a la protecci\u00f3n del medio ambiente desechando las pilas correctamente.<\/span><\/p>\n<h3><br \/><br \/><br \/><br \/><br \/><br \/><\/h3>\n\n\t\t<\/div>\n\t\t\t\t\t<\/div>\n\n\t\n\n<\/div>","protected":false},"excerpt":{"rendered":"","protected":false},"author":1,"featured_media":0,"parent":0,"menu_order":0,"comment_status":"closed","ping_status":"closed","template":"","meta":{"_acf_changed":false,"content-type":"","_monsterinsights_skip_tracking":false,"_monsterinsights_sitenote_active":false,"_monsterinsights_sitenote_note":"","_monsterinsights_sitenote_category":0,"footnotes":""},"class_list":["post-641","page","type-page","status-publish","hentry"],"acf":[],"aioseo_notices":[],"jetpack_sharing_enabled":true,"_links":{"self":[{"href":"https:\/\/antcube.shop\/es\/wp-json\/wp\/v2\/pages\/641","targetHints":{"allow":["GET"]}}],"collection":[{"href":"https:\/\/antcube.shop\/es\/wp-json\/wp\/v2\/pages"}],"about":[{"href":"https:\/\/antcube.shop\/es\/wp-json\/wp\/v2\/types\/page"}],"author":[{"embeddable":true,"href":"https:\/\/antcube.shop\/es\/wp-json\/wp\/v2\/users\/1"}],"replies":[{"embeddable":true,"href":"https:\/\/antcube.shop\/es\/wp-json\/wp\/v2\/comments?post=641"}],"version-history":[{"count":3,"href":"https:\/\/antcube.shop\/es\/wp-json\/wp\/v2\/pages\/641\/revisions"}],"predecessor-version":[{"id":10643,"href":"https:\/\/antcube.shop\/es\/wp-json\/wp\/v2\/pages\/641\/revisions\/10643"}],"wp:attachment":[{"href":"https:\/\/antcube.shop\/es\/wp-json\/wp\/v2\/media?parent=641"}],"curies":[{"name":"wp","href":"https:\/\/api.w.org\/{rel}","templated":true}]}}