{"id":639,"date":"2021-07-30T13:35:18","date_gmt":"2021-07-30T11:35:18","guid":{"rendered":"https:\/\/antcube.shop\/?page_id=639"},"modified":"2025-10-16T12:04:23","modified_gmt":"2025-10-16T10:04:23","slug":"metodos-de-pago","status":"publish","type":"page","link":"https:\/\/antcube.shop\/es\/metodos-de-pago\/","title":{"rendered":"M\u00e9todos de pago"},"content":{"rendered":"<div id=\"gap-1477934210\" class=\"gap-element clearfix\" style=\"display:block; height:auto;\">\n\t\t\n<style>\n#gap-1477934210 {\n  padding-top: 202px;\n}\n@media (min-width:850px) {\n  #gap-1477934210 {\n    padding-top: 172px;\n  }\n}\n<\/style>\n\t<\/div>\n\t\n\n<div class=\"row\"  id=\"row-186599206\">\n\n\n\t<div id=\"col-1995001685\" class=\"col small-12 large-12\"  >\n\t\t\t\t<div class=\"col-inner\"  >\n\t\t\t\n\t\t\t\n\n<h1>Tipos de pago<\/h1>\n<h3><strong>1. Tipos de pago<\/strong><\/h3>\n<h3><strong>- Pago anticipado<\/strong><\/h3>\n<p><img data-recalc-dims=\"1\" loading=\"lazy\" decoding=\"async\" class=\"\" src=\"https:\/\/i0.wp.com\/www.antstore.net\/shop\/images\/icons\/vorkasse.jpg?resize=301%2C97&#038;ssl=1\" alt=\"\" width=\"301\" height=\"97\" \/><\/p>\n<h3><strong>- Solicitud de pago \/ Klarna<\/strong><\/h3>\n<p><img data-recalc-dims=\"1\" loading=\"lazy\" decoding=\"async\" class=\"\" src=\"https:\/\/i0.wp.com\/www.antstore.net\/shop\/images\/icons\/sofort.jpg?resize=309%2C99&#038;ssl=1\" alt=\"\" width=\"309\" height=\"99\" \/><\/p>\n<h3><strong>- PayPal<\/strong><\/h3>\n<p><img data-recalc-dims=\"1\" loading=\"lazy\" decoding=\"async\" class=\"\" src=\"https:\/\/i0.wp.com\/www.antstore.net\/shop\/images\/icons\/paypal.jpg?resize=294%2C95&#038;ssl=1\" alt=\"\" width=\"294\" height=\"95\" \/><\/p>\n<p><strong>&#8211;\u00a0<\/strong>- Opci\u00f3n de tarjeta de cr\u00e9dito (Visa o Mastercard) y de d\u00e9bito directo (un servicio de PayPal)<\/p>\n<p><img data-recalc-dims=\"1\" loading=\"lazy\" decoding=\"async\" class=\"\" src=\"https:\/\/i0.wp.com\/www.antstore.net\/shop\/images\/icons\/visa-master.JPG?resize=270%2C87&#038;ssl=1\" alt=\"\" width=\"270\" height=\"87\" \/><\/p>\n<p>- Tarjeta de cr\u00e9dito (Visa, MasterCard) y d\u00e9bito directo (un servicio de PayPal)<\/p>\n<h3><strong>2. Tasas de la respectiva forma de pago:<\/strong><\/h3>\n<p>Los m\u00e9todos de pago ofrecidos en la UE no conllevan ninguna comisi\u00f3n.<\/p>\n<h3><strong>3. Moneda<\/strong><\/h3>\n<p>Los pedidos y los pagos s\u00f3lo pueden realizarse en euros (moneda est\u00e1ndar). Todas las dem\u00e1s monedas que puedan aparecer s\u00f3lo sirven para obtener una visi\u00f3n general.<br \/>No garantizamos la actualidad de los datos de los tipos de cambio.<\/p>\n<h3><strong>4. Precios e impuestos<\/strong><\/h3>\n<p>Alemania: Todos los precios incluyen el IVA vigente.<br \/>Uni\u00f3n Europea (no Alemania). Todos los precios incluyen el IVA vigente para los clientes comerciales con CIF. Se cobrar\u00e1n los precios netos (sin IVA).<\/p>\n\n\t\t<\/div>\n\t\t\t\t\t<\/div>\n\n\t\n\n<\/div>","protected":false},"excerpt":{"rendered":"","protected":false},"author":1,"featured_media":0,"parent":0,"menu_order":0,"comment_status":"closed","ping_status":"closed","template":"","meta":{"_acf_changed":false,"content-type":"","_monsterinsights_skip_tracking":false,"_monsterinsights_sitenote_active":false,"_monsterinsights_sitenote_note":"","_monsterinsights_sitenote_category":0,"footnotes":""},"class_list":["post-639","page","type-page","status-publish","hentry"],"acf":[],"aioseo_notices":[],"jetpack_sharing_enabled":true,"_links":{"self":[{"href":"https:\/\/antcube.shop\/es\/wp-json\/wp\/v2\/pages\/639","targetHints":{"allow":["GET"]}}],"collection":[{"href":"https:\/\/antcube.shop\/es\/wp-json\/wp\/v2\/pages"}],"about":[{"href":"https:\/\/antcube.shop\/es\/wp-json\/wp\/v2\/types\/page"}],"author":[{"embeddable":true,"href":"https:\/\/antcube.shop\/es\/wp-json\/wp\/v2\/users\/1"}],"replies":[{"embeddable":true,"href":"https:\/\/antcube.shop\/es\/wp-json\/wp\/v2\/comments?post=639"}],"version-history":[{"count":9,"href":"https:\/\/antcube.shop\/es\/wp-json\/wp\/v2\/pages\/639\/revisions"}],"predecessor-version":[{"id":6880,"href":"https:\/\/antcube.shop\/es\/wp-json\/wp\/v2\/pages\/639\/revisions\/6880"}],"wp:attachment":[{"href":"https:\/\/antcube.shop\/es\/wp-json\/wp\/v2\/media?parent=639"}],"curies":[{"name":"wp","href":"https:\/\/api.w.org\/{rel}","templated":true}]}}