{"id":628,"date":"2021-07-30T13:29:33","date_gmt":"2021-07-30T11:29:33","guid":{"rendered":"https:\/\/antcube.shop\/?page_id=628"},"modified":"2025-11-17T11:20:38","modified_gmt":"2025-11-17T10:20:38","slug":"revendedor-2","status":"publish","type":"page","link":"https:\/\/antcube.shop\/es\/revendedor-2\/","title":{"rendered":"Convi\u00e9rtase en revendedor"},"content":{"rendered":"<div id=\"gap-1936199496\" class=\"gap-element clearfix\" style=\"display:block; height:auto;\">\n\t\t\n<style>\n#gap-1936199496 {\n  padding-top: 181px;\n}\n@media (min-width:550px) {\n  #gap-1936199496 {\n    padding-top: 185px;\n  }\n}\n@media (min-width:850px) {\n  #gap-1936199496 {\n    padding-top: 137px;\n  }\n}\n<\/style>\n\t<\/div>\n\t\n\n\n  <div class=\"banner has-hover\" id=\"banner-1722904250\">\n          <div class=\"banner-inner fill\">\n        <div class=\"banner-bg fill\" >\n            <img loading=\"lazy\" decoding=\"async\" width=\"900\" height=\"600\" src=\"https:\/\/i0.wp.com\/antcube.shop\/wp-content\/uploads\/2021\/09\/pexels-thirdman-5684382-scaled.jpg?fit=900%2C600&amp;ssl=1\" class=\"bg attachment-large size-large\" alt=\"\" \/>                        <div class=\"overlay\"><\/div>            \n                    <\/div>\n\t\t\n        <div class=\"banner-layers container\">\n            <div class=\"fill banner-link\"><\/div>            \n\n   <div id=\"text-box-1038086759\" class=\"text-box banner-layer x0 md-x50 lg-x50 y50 md-y85 lg-y35 res-text\">\n                                <div class=\"text-box-content text dark text-shadow-3\">\n              \n              <div class=\"text-inner text-center\">\n                  \n\n\t<div id=\"text-3471696967\" class=\"text\">\n\t\t\n\n<h1><strong>\u00a1Buscamos revendedores!<\/strong><\/h1>\n<p>Buscamos revendedores y socios para vender nuestros productos ANTCUBE a los cuidadores de hormigas de todo el mundo. Si quieres unirte a nosotros y participar en la creaci\u00f3n de una comunidad mundial de amantes de las hormigas y la naturaleza<\/p>\n\t\t\n<style>\n#text-3471696967 {\n  font-size: 0.75rem;\n  line-height: 1;\n  text-align: center;\n}\n@media (min-width:550px) {\n  #text-3471696967 {\n    font-size: 0.95rem;\n  }\n}\n@media (min-width:850px) {\n  #text-3471696967 {\n    font-size: 1.25rem;\n  }\n}\n<\/style>\n\t<\/div>\n\t\n\t<div id=\"text-2770490322\" class=\"text\">\n\t\t\n\n<p>P\u00f3ngase en contacto con nosotros en\u00a0<\/p>\n\t\t\n<style>\n#text-2770490322 {\n  font-size: 1.05rem;\n  line-height: 0.75;\n}\n@media (min-width:550px) {\n  #text-2770490322 {\n    font-size: 2.25rem;\n  }\n}\n<\/style>\n\t<\/div>\n\t\n\t<div id=\"text-1895223908\" class=\"text\">\n\t\t\n\n<p>sales@antcube.de<\/p>\n\t\t\n<style>\n#text-1895223908 {\n  font-size: 0.75rem;\n  line-height: 0.75;\n}\n@media (min-width:550px) {\n  #text-1895223908 {\n    font-size: 2.25rem;\n  }\n}\n<\/style>\n\t<\/div>\n\t\n\n              <\/div>\n           <\/div>\n                            \n<style>\n#text-box-1038086759 {\n  width: 100%;\n}\n#text-box-1038086759 .text-box-content {\n  font-size: 100%;\n}\n@media (min-width:550px) {\n  #text-box-1038086759 {\n    width: 87%;\n  }\n}\n<\/style>\n    <\/div>\n \n\n        <\/div>\n      <\/div>\n\n              <div class=\"height-fix is-invisible\"><img loading=\"lazy\" decoding=\"async\" width=\"900\" height=\"600\" src=\"https:\/\/i0.wp.com\/antcube.shop\/wp-content\/uploads\/2021\/09\/pexels-thirdman-5684382-scaled.jpg?fit=900%2C600&amp;ssl=1\" class=\"attachment-large size-large\" alt=\"\" srcset=\"https:\/\/i0.wp.com\/antcube.shop\/wp-content\/uploads\/2021\/09\/pexels-thirdman-5684382-scaled.jpg?w=2560&amp;ssl=1 2560w, https:\/\/i0.wp.com\/antcube.shop\/wp-content\/uploads\/2021\/09\/pexels-thirdman-5684382-scaled.jpg?resize=510%2C340&amp;ssl=1 510w, https:\/\/i0.wp.com\/antcube.shop\/wp-content\/uploads\/2021\/09\/pexels-thirdman-5684382-scaled.jpg?resize=600%2C400&amp;ssl=1 600w, https:\/\/i0.wp.com\/antcube.shop\/wp-content\/uploads\/2021\/09\/pexels-thirdman-5684382-scaled.jpg?resize=1200%2C800&amp;ssl=1 1200w, https:\/\/i0.wp.com\/antcube.shop\/wp-content\/uploads\/2021\/09\/pexels-thirdman-5684382-scaled.jpg?resize=768%2C512&amp;ssl=1 768w, https:\/\/i0.wp.com\/antcube.shop\/wp-content\/uploads\/2021\/09\/pexels-thirdman-5684382-scaled.jpg?resize=1536%2C1024&amp;ssl=1 1536w, https:\/\/i0.wp.com\/antcube.shop\/wp-content\/uploads\/2021\/09\/pexels-thirdman-5684382-scaled.jpg?resize=2048%2C1365&amp;ssl=1 2048w\" sizes=\"auto, (max-width: 900px) 100vw, 900px\" \/><\/div>\n            \n<style>\n#banner-1722904250 .overlay {\n  background-color: rgba(0, 0, 0, 0.174);\n}\n#banner-1722904250 .banner-bg img {\n  object-position: 50% 45%;\n}\n<\/style>\n  <\/div>\n\n\n\t<div id=\"gap-272059846\" class=\"gap-element clearfix\" style=\"display:block; height:auto;\">\n\t\t\n<style>\n#gap-272059846 {\n  padding-top: 30px;\n}\n<\/style>\n\t<\/div>\n\t\n\n<div class=\"row\"  id=\"row-989435163\">\n\n\n\t<div id=\"col-733170814\" class=\"col small-12 large-12\"  >\n\t\t\t\t<div class=\"col-inner\"  >\n\t\t\t\n\t\t\t\n\n<div class=\"wp-block-cover alignfull has-nv-site-bg-background-color has-background-dim\">\n<div class=\"wp-block-cover__inner-container\">\n<h2 class=\"has-text-align-center has-neve-text-color-color has-text-color\">\u00bfEst\u00e1 interesado en vender nuestros productos?<\/h2>\n<\/div>\n<\/div>\n<h2 class=\"has-text-align-center has-medium-font-size\">Nuestro objetivo<\/h2>\n<p class=\"has-text-align-center\">Buscamos revendedores y socios para vender nuestros productos ANTCUBE a los criadores de hormigas de todo el mundo. Queremos construir una comunidad internacional de propietarios de tiendas y aficionados para hacer la cr\u00eda de hormigas m\u00e1s popular y profesional. Si ya tiene una tienda o est\u00e1 buscando una nueva oportunidad de negocio, no dude en ponerse en contacto con nosotros.<\/p>\n<h2 class=\"has-text-align-center has-medium-font-size\">La cr\u00eda de hormigas es un negocio en crecimiento<\/h2>\n<p class=\"has-text-align-center\">La cr\u00eda de hormigas se ha hecho muy popular en los \u00faltimos a\u00f1os. Somos testigos de una creciente comunidad de apasionados amantes de las hormigas de todo el mundo. Adem\u00e1s, cada vez recibimos m\u00e1s solicitudes de empresas, zool\u00f3gicos, museos, universidades, instituciones cient\u00edficas, etc.<\/p>\n<h2 class=\"has-text-align-center has-medium-font-size\" style=\"font-size: 23.04px;\">\u00a0<\/h2>\n<p><img data-recalc-dims=\"1\" loading=\"lazy\" decoding=\"async\" class=\"size-medium wp-image-3944 aligncenter\" src=\"https:\/\/i0.wp.com\/antcube.shop\/wp-content\/uploads\/2021\/11\/Palette-Beispiel-mit-Export-600x400.jpg?resize=600%2C400&#038;ssl=1\" alt=\"\" width=\"600\" height=\"400\" srcset=\"https:\/\/i0.wp.com\/antcube.shop\/wp-content\/uploads\/2021\/11\/Palette-Beispiel-mit-Export-scaled.jpg?resize=600%2C400&amp;ssl=1 600w, https:\/\/i0.wp.com\/antcube.shop\/wp-content\/uploads\/2021\/11\/Palette-Beispiel-mit-Export-scaled.jpg?resize=1200%2C800&amp;ssl=1 1200w, https:\/\/i0.wp.com\/antcube.shop\/wp-content\/uploads\/2021\/11\/Palette-Beispiel-mit-Export-scaled.jpg?resize=768%2C512&amp;ssl=1 768w, https:\/\/i0.wp.com\/antcube.shop\/wp-content\/uploads\/2021\/11\/Palette-Beispiel-mit-Export-scaled.jpg?resize=1536%2C1024&amp;ssl=1 1536w, https:\/\/i0.wp.com\/antcube.shop\/wp-content\/uploads\/2021\/11\/Palette-Beispiel-mit-Export-scaled.jpg?resize=2048%2C1365&amp;ssl=1 2048w, https:\/\/i0.wp.com\/antcube.shop\/wp-content\/uploads\/2021\/11\/Palette-Beispiel-mit-Export-scaled.jpg?resize=18%2C12&amp;ssl=1 18w, https:\/\/i0.wp.com\/antcube.shop\/wp-content\/uploads\/2021\/11\/Palette-Beispiel-mit-Export-scaled.jpg?resize=510%2C340&amp;ssl=1 510w\" sizes=\"auto, (max-width: 600px) 100vw, 600px\" \/><\/p>\n<h2 class=\"has-text-align-center has-medium-font-size\">\u00bfPor qu\u00e9 ANTCUBE?<\/h2>\n<p class=\"has-text-align-center\">Somos uno de los mayores y m\u00e1s antiguos almacenes de hormigas del mundo. M\u00e1s de 20 a\u00f1os de experiencia en la cr\u00eda de hormigas y la construcci\u00f3n de formicarios nos han convertido en lo que somos hoy. Estamos convencidos de que la calidad, la durabilidad y la sostenibilidad son cada vez m\u00e1s importantes. Por eso nos centramos en el vidrio como material para nuestros formicarios. En contraste con el acr\u00edlico y el pl\u00e1stico, el vidrio deja una huella ecol\u00f3gica mucho menor. Adem\u00e1s, estamos trabajando en un embalaje completamente reciclable.<\/p>\n<p class=\"has-text-align-center\">El vidrio tambi\u00e9n tiene la ventaja de que no se deteriora a ninguna temperatura o humedad adecuada para la cr\u00eda de hormigas. Los cristales no se rayan tan r\u00e1pidamente, no se deforman y no se decoloran. La limpieza y el funcionamiento son f\u00e1ciles, el aspecto es muy natural y elegante. Nuestra protecci\u00f3n contra el escape es muy eficaz, incluso con especies de hormigas especialmente peque\u00f1as, y existen infinitas posibilidades de adaptaci\u00f3n y ampliaci\u00f3n.<\/p>\n<h2 class=\"has-text-align-center has-medium-font-size\">\u00bfPor qu\u00e9 conservar las hormigas?<\/h2>\n<p class=\"has-text-align-center\">Las hormigas son muy f\u00e1ciles de mantener, dependiendo de la especie. Se necesita poco espacio y se las puede alimentar pr\u00e1cticamente con cualquier cosa. Las hormigas apenas causan olores, son animales muy limpios, no hacen ruido y casi no producen gastos tras la adquisici\u00f3n de la colonia y el formicario. Adem\u00e1s, nunca tienen que ir al veterinario.<\/p>\n<p class=\"has-text-align-center\">Las hormigas son incre\u00edblemente fascinantes. Observar a una sola reina criar a sus primeras obreras durante a\u00f1os y luego ver c\u00f3mo su colonia crece hasta tener miles de miembros a lo largo de los a\u00f1os gracias a una perfecta cooperaci\u00f3n y uso de los recursos es una experiencia \u00fanica. Son animales extremadamente sociales y algunas especies forman diferentes castas, como las obreras, los soldados, los agricultores o incluso las enfermeras, y adivina qu\u00e9, todas son hembras. Las hormigas tambi\u00e9n son incre\u00edblemente importantes para nuestro entorno. No s\u00f3lo est\u00e1n presentes en todos los ecosistemas habitables del mundo, sino que est\u00e1n m\u00e1s especializadas y son m\u00e1s vers\u00e1tiles que cualquier otra especie. Las hormigas tambi\u00e9n se parecen a nosotros en su forma de vivir. La divisi\u00f3n del trabajo, la convivencia en grandes colonias en un espacio reducido y el uso de los distintos niveles de la cadena alimentaria en todos los ecosistemas hacen que tengan tanto \u00e9xito, como nosotros los humanos. La \u00fanica diferencia es que nosotros no somos ni de lejos tan eficientes, y las hormigas existen desde hace m\u00e1s de 130 millones de a\u00f1os, mientras que los humanos s\u00f3lo existen desde hace unos 300.000.<\/p>\n\n\t\t<\/div>\n\t\t\t\t\t<\/div>\n\n\t\n\n<\/div>\n<div class=\"row\"  id=\"row-2038734804\">\n\n\n\t<div id=\"col-1069339087\" class=\"col medium-6 large-6\"  >\n\t\t\t\t<div class=\"col-inner\" style=\"background-color:#61ca9f;\" >\n\t\t\t\n\t\t\t\n\n<div class=\"container section-title-container\" ><h3 class=\"section-title section-title-normal\"><b aria-hidden=\"true\"><\/b><span class=\"section-title-main\" ><i class=\"icon-envelop\" aria-hidden=\"true\"><\/i>Contacto con nosotros<\/span><b aria-hidden=\"true\"><\/b><\/h3><\/div>\n\n\t<div id=\"text-3399160414\" class=\"text\">\n\t\t\n\n<\/p>\n<ul>\n<li><strong>Correo electr\u00f3nico<\/strong>: sales@antcube.de<\/li>\n<li><strong>Tel\u00e9fono<\/strong>: +49 30 439703870<\/li>\n<\/ul>\n<p><strong>Horario de trabajo <\/strong>(UTC\/GMT +1):<\/p>\n<ul>\n<li>De martes a viernes de 10:00 a 18:00<\/li>\n<\/ul>\n\n\t\t\n<style>\n#text-3399160414 {\n  font-size: 0.75rem;\n}\n@media (min-width:550px) {\n  #text-3399160414 {\n    font-size: 1.5rem;\n  }\n}\n<\/style>\n\t<\/div>\n\t\n\t<div id=\"gap-608969642\" class=\"gap-element clearfix\" style=\"display:block; height:auto;\">\n\t\t\n<style>\n#gap-608969642 {\n  padding-top: 60px;\n}\n<\/style>\n\t<\/div>\n\t\n\n\t<div class=\"img has-hover x md-x lg-x y md-y lg-y\" id=\"image_1115897737\">\n\t\t\t\t\t\t\t\t<div class=\"img-inner dark\" >\n\t\t\t<img data-recalc-dims=\"1\" loading=\"lazy\" decoding=\"async\" width=\"900\" height=\"900\" src=\"https:\/\/i0.wp.com\/antcube.shop\/wp-content\/uploads\/2021\/09\/Firmeneingang.jpg?resize=900%2C900&#038;ssl=1\" class=\"attachment-original size-original\" alt=\"Entrada ANTSTORE\" srcset=\"https:\/\/i0.wp.com\/antcube.shop\/wp-content\/uploads\/2021\/09\/Firmeneingang.jpg?w=900&amp;ssl=1 900w, https:\/\/i0.wp.com\/antcube.shop\/wp-content\/uploads\/2021\/09\/Firmeneingang.jpg?resize=247%2C247&amp;ssl=1 247w, https:\/\/i0.wp.com\/antcube.shop\/wp-content\/uploads\/2021\/09\/Firmeneingang.jpg?resize=100%2C100&amp;ssl=1 100w, https:\/\/i0.wp.com\/antcube.shop\/wp-content\/uploads\/2021\/09\/Firmeneingang.jpg?resize=510%2C510&amp;ssl=1 510w, https:\/\/i0.wp.com\/antcube.shop\/wp-content\/uploads\/2021\/09\/Firmeneingang.jpg?resize=400%2C400&amp;ssl=1 400w, https:\/\/i0.wp.com\/antcube.shop\/wp-content\/uploads\/2021\/09\/Firmeneingang.jpg?resize=800%2C800&amp;ssl=1 800w, https:\/\/i0.wp.com\/antcube.shop\/wp-content\/uploads\/2021\/09\/Firmeneingang.jpg?resize=280%2C280&amp;ssl=1 280w, https:\/\/i0.wp.com\/antcube.shop\/wp-content\/uploads\/2021\/09\/Firmeneingang.jpg?resize=768%2C768&amp;ssl=1 768w\" sizes=\"auto, (max-width: 900px) 100vw, 900px\" \/>\t\t\t\t\t\t\n\t\t\t\t\t<\/div>\n\t\t\t\t\t\t\t\t\n<style>\n#image_1115897737 {\n  width: 100%;\n}\n<\/style>\n\t<\/div>\n\t\n\n\n\t\t<\/div>\n\t\t\t\t\t<\/div>\n\n\t\n\n\t<div id=\"col-1945355999\" class=\"col medium-6 large-6\"  >\n\t\t\t\t<div class=\"col-inner\"  >\n\t\t\t\n\t\t\t\n\n<div class=\"container section-title-container\" ><h3 class=\"section-title section-title-normal\"><b aria-hidden=\"true\"><\/b><span class=\"section-title-main\" >Visite nuestra tienda<\/span><b aria-hidden=\"true\"><\/b><\/h3><\/div>\n\n\t<div id=\"text-45538861\" class=\"text\">\n\t\t\n\n<p><strong>Direcci\u00f3n:<\/strong><\/p>\n<ul>\n<li>Calle: Selerweg 41<\/li>\n<li>C\u00f3digo postal: D - 12169<\/li>\n<li>Ciudad: Berl\u00edn<\/li>\n<li>Pa\u00eds: Alemania<\/li>\n<li>Distrito: Steglitz-Zehlendorf<\/li>\n<\/ul>\n<p><strong>Horarios de apertura<\/strong> (UTC\/GMT +1)<\/p>\n<ul>\n<li>De martes a viernes 13:00 - 18:00<\/li>\n<\/ul>\n<p><strong>COVID-19 NOTA:<\/strong> Nuestra tienda de venta al p\u00fablico es <strong>cerrado desde marzo de 2020<\/strong> o todav\u00eda no son accesibles para los visitantes. Sin embargo, puede pedir y pagar nuestros productos en l\u00ednea y luego recogerlo todo en nuestra puerta o le enviamos los productos por servicio de paqueter\u00eda a su casa. Nuestro equipo de asistencia sigue estando disponible para sus peticiones por correo electr\u00f3nico o por tel\u00e9fono. Le mantendremos informado.<\/p>\n<p><iframe loading=\"lazy\" style=\"border: 0;\" src=\"https:\/\/www.google.com\/maps\/embed?pb=!1m18!1m12!1m3!1d2431.3708399886823!2d13.335121715997175!3d52.454311048847416!2m3!1f0!2f0!3f0!3m2!1i1024!2i768!4f13.1!3m3!1m2!1s0x47a85a9242e5bc07%3A0xc44ee1d5a0728440!2sANTSTORE!5e0!3m2!1sde!2sde!4v1632470583913!5m2!1sde!2sde\" width=\"600\" height=\"450\" allowfullscreen=\"allowfullscreen\"><\/iframe><\/p>\n\t\t\n<style>\n#text-45538861 {\n  font-size: 0.75rem;\n}\n<\/style>\n\t<\/div>\n\t\n\n\t\t<\/div>\n\t\t\t\t\t<\/div>\n\n\t\n\n<\/div>","protected":false},"excerpt":{"rendered":"","protected":false},"author":1,"featured_media":0,"parent":0,"menu_order":0,"comment_status":"closed","ping_status":"closed","template":"","meta":{"_acf_changed":false,"content-type":"","_monsterinsights_skip_tracking":false,"_monsterinsights_sitenote_active":false,"_monsterinsights_sitenote_note":"","_monsterinsights_sitenote_category":0,"footnotes":""},"class_list":["post-628","page","type-page","status-publish","hentry"],"acf":[],"aioseo_notices":[],"jetpack_sharing_enabled":true,"_links":{"self":[{"href":"https:\/\/antcube.shop\/es\/wp-json\/wp\/v2\/pages\/628","targetHints":{"allow":["GET"]}}],"collection":[{"href":"https:\/\/antcube.shop\/es\/wp-json\/wp\/v2\/pages"}],"about":[{"href":"https:\/\/antcube.shop\/es\/wp-json\/wp\/v2\/types\/page"}],"author":[{"embeddable":true,"href":"https:\/\/antcube.shop\/es\/wp-json\/wp\/v2\/users\/1"}],"replies":[{"embeddable":true,"href":"https:\/\/antcube.shop\/es\/wp-json\/wp\/v2\/comments?post=628"}],"version-history":[{"count":10,"href":"https:\/\/antcube.shop\/es\/wp-json\/wp\/v2\/pages\/628\/revisions"}],"predecessor-version":[{"id":12738,"href":"https:\/\/antcube.shop\/es\/wp-json\/wp\/v2\/pages\/628\/revisions\/12738"}],"wp:attachment":[{"href":"https:\/\/antcube.shop\/es\/wp-json\/wp\/v2\/media?parent=628"}],"curies":[{"name":"wp","href":"https:\/\/api.w.org\/{rel}","templated":true}]}}