{"id":2479,"date":"2021-09-30T10:43:05","date_gmt":"2021-09-30T08:43:05","guid":{"rendered":"https:\/\/antcube.shop\/?page_id=2479"},"modified":"2023-12-14T13:31:40","modified_gmt":"2023-12-14T12:31:40","slug":"paso-4","status":"publish","type":"page","link":"https:\/\/antcube.shop\/es\/buscador-de-hormigas\/intermedio\/paso-4\/","title":{"rendered":"Paso 4"},"content":{"rendered":"<div id=\"gap-1515748347\" class=\"gap-element clearfix\" style=\"display:block; height:auto;\">\n\t\t\n<style>\n#gap-1515748347 {\n  padding-top: 200px;\n}\n@media (min-width:850px) {\n  #gap-1515748347 {\n    padding-top: 175px;\n  }\n}\n<\/style>\n\t<\/div>\n\t\n\n<div class=\"row\"  id=\"row-1513384314\">\n\n\n\t<div id=\"col-1190074704\" class=\"col small-12 large-12\"  >\n\t\t\t\t<div class=\"col-inner\"  >\n\t\t\t\n\t\t\t\n\n\t<div id=\"text-271681712\" class=\"text\">\n\t\t\n\n<h3>Hormigas para hormigueros experimentados<\/h3>\n<p>Como las hormigas viven en h\u00e1bitats muy diferentes con condiciones clim\u00e1ticas muy distintas, debe asegurarse de que puede proporcionar la temperatura y la humedad adecuadas.<\/p>\n<p>Para mantener la humedad adecuada, basta con humedecer el hormiguero, por ejemplo, con una botella de spray. Sin embargo, cuando se trata de mantener la temperatura adecuada, la cosa se complica un poco m\u00e1s. Necesitas una l\u00e1mpara de calor, una esterilla o un cable calefactor o calentar la habitaci\u00f3n en la que tienes a tus hormigas a la temperatura adecuada.<\/p>\n<p>Sin embargo, hay muchas especies que se pueden mantener a temperatura ambiente. Aunque est\u00e9 entre 1 y 3 C\u00b0 por debajo de la temperatura recomendada, no suele ser problem\u00e1tico.\u00a0<\/p>\n\t\t\n<style>\n#text-271681712 {\n  text-align: center;\n}\n<\/style>\n\t<\/div>\n\t\n\n\t\t<\/div>\n\t\t\t\t\t<\/div>\n\n\t\n\n<\/div>\n\t<div id=\"text-3758699758\" class=\"text\">\n\t\t\n\n<p><strong>Pregunta: \u00bfBusca una especie de hormiga que pueda mantener a temperatura ambiente?<\/strong><\/p>\n\t\t\n<style>\n#text-3758699758 {\n  font-size: 1.8rem;\n  text-align: center;\n}\n<\/style>\n\t<\/div>\n\t\n<div class=\"row\"  id=\"row-1996093688\">\n\n\n\t<div id=\"col-1225978709\" class=\"col medium-6 small-12 large-6\"  >\n\t\t\t\t<div class=\"col-inner\"  >\n\t\t\t\n\t\t\t\n\n<a href=\"https:\/\/antcube.shop\/ant-finder\/intermediate\/step-4\/step-7\/\" class=\"button secondary expand\" >\n\t\t<span>S\u00ed, quiero mantenerlos a temperatura ambiente<\/span>\n\t<\/a>\n\n\n\n\t\t<\/div>\n\t\t\t\t\t<\/div>\n\n\t\n\n\t<div id=\"col-292045406\" class=\"col medium-6 small-12 large-6\"  >\n\t\t\t\t<div class=\"col-inner\"  >\n\t\t\t\n\t\t\t\n\n<a href=\"https:\/\/antcube.shop\/ant-finder\/intermediate\/step-4\/step-8\/\" class=\"button secondary expand\" >\n\t\t<span>No, proporcionar\u00e9 la temperatura necesaria<\/span>\n\t<\/a>\n\n\n\n\t\t<\/div>\n\t\t\t\t\t<\/div>\n\n\t\n\n<\/div>","protected":false},"excerpt":{"rendered":"","protected":false},"author":1,"featured_media":0,"parent":2468,"menu_order":0,"comment_status":"closed","ping_status":"closed","template":"","meta":{"_acf_changed":false,"content-type":"","_monsterinsights_skip_tracking":false,"_monsterinsights_sitenote_active":false,"_monsterinsights_sitenote_note":"","_monsterinsights_sitenote_category":0,"footnotes":""},"class_list":["post-2479","page","type-page","status-publish","hentry"],"acf":[],"aioseo_notices":[],"jetpack_sharing_enabled":true,"_links":{"self":[{"href":"https:\/\/antcube.shop\/es\/wp-json\/wp\/v2\/pages\/2479","targetHints":{"allow":["GET"]}}],"collection":[{"href":"https:\/\/antcube.shop\/es\/wp-json\/wp\/v2\/pages"}],"about":[{"href":"https:\/\/antcube.shop\/es\/wp-json\/wp\/v2\/types\/page"}],"author":[{"embeddable":true,"href":"https:\/\/antcube.shop\/es\/wp-json\/wp\/v2\/users\/1"}],"replies":[{"embeddable":true,"href":"https:\/\/antcube.shop\/es\/wp-json\/wp\/v2\/comments?post=2479"}],"version-history":[{"count":10,"href":"https:\/\/antcube.shop\/es\/wp-json\/wp\/v2\/pages\/2479\/revisions"}],"predecessor-version":[{"id":6793,"href":"https:\/\/antcube.shop\/es\/wp-json\/wp\/v2\/pages\/2479\/revisions\/6793"}],"up":[{"embeddable":true,"href":"https:\/\/antcube.shop\/es\/wp-json\/wp\/v2\/pages\/2468"}],"wp:attachment":[{"href":"https:\/\/antcube.shop\/es\/wp-json\/wp\/v2\/media?parent=2479"}],"curies":[{"name":"wp","href":"https:\/\/api.w.org\/{rel}","templated":true}]}}