{"id":2468,"date":"2021-09-30T10:04:30","date_gmt":"2021-09-30T08:04:30","guid":{"rendered":"https:\/\/antcube.shop\/?page_id=2468"},"modified":"2023-12-15T12:50:52","modified_gmt":"2023-12-15T11:50:52","slug":"intermedio","status":"publish","type":"page","link":"https:\/\/antcube.shop\/es\/buscador-de-hormigas\/intermedio\/","title":{"rendered":"intermedio"},"content":{"rendered":"<div id=\"gap-482033520\" class=\"gap-element clearfix\" style=\"display:block; height:auto;\">\n\t\t\n<style>\n#gap-482033520 {\n  padding-top: 200px;\n}\n@media (min-width:850px) {\n  #gap-482033520 {\n    padding-top: 175px;\n  }\n}\n<\/style>\n\t<\/div>\n\t\n\n<div class=\"row\"  id=\"row-932151291\">\n\n\n\t<div id=\"col-730443187\" class=\"col small-12 large-12\"  >\n\t\t\t\t<div class=\"col-inner\"  >\n\t\t\t\n\t\t\t\n\n\t<div id=\"text-3167385162\" class=\"text\">\n\t\t\n\n<h3>Hormigas para hormigueros experimentados<\/h3>\n<p>Muchas especies de hormigas de las regiones m\u00e1s fr\u00edas necesitan hibernar. Esto var\u00eda seg\u00fan el origen de la especie. Las hormigas que hibernan en la naturaleza deber\u00edan hacer lo mismo en su casa. Si no les das su descanso natural, el crecimiento de la colonia puede ralentizarse o la reina puede morir muy pronto.\u00a0<\/p>\n<p>Algunas hormigas hibernan s\u00f3lo tres meses, mientras que otras necesitan un periodo de cuatro a cinco meses (normalmente entre noviembre y marzo). Tambi\u00e9n difiere la temperatura que algunas especies necesitan para hibernar. Por ejemplo, las especies del norte de Europa necesitan temperaturas de entre 5\u00b0C y 8\u00b0C, mientras que las del sur necesitan temperaturas de alrededor de 15\u00b0C. Las especies del norte de Europa cesan completamente su actividad durante la hibernaci\u00f3n y las del sur siguen siendo ligeramente activas.<\/p>\n\t\t\n<style>\n#text-3167385162 {\n  text-align: center;\n}\n<\/style>\n\t<\/div>\n\t\n\n\t\t<\/div>\n\t\t\t\t\t<\/div>\n\n\t\n\n<\/div>\n\t<div id=\"text-2982631121\" class=\"text\">\n\t\t\n\n<p><strong>Pregunta: \u00bfBusca una especie de hormiga con o sin hibernaci\u00f3n?<\/strong><\/p>\n\t\t\n<style>\n#text-2982631121 {\n  font-size: 1.8rem;\n  text-align: center;\n}\n<\/style>\n\t<\/div>\n\t\n<div class=\"row\" style=\"max-width:650px\" id=\"row-2008020585\">\n\n\n\t<div id=\"col-359227264\" class=\"col medium-6 small-12 large-6\"  >\n\t\t\t\t<div class=\"col-inner\"  >\n\t\t\t\n\t\t\t\n\n<a href=\"https:\/\/antcube.shop\/ant-finder\/intermediate\/step-3\/\" class=\"button secondary expand\" >\n\t\t<span>Hormigas que necesitan hibernar<\/span>\n\t<\/a>\n\n\n\n\t\t<\/div>\n\t\t\t\t\t<\/div>\n\n\t\n\n\t<div id=\"col-397845761\" class=\"col medium-6 small-12 large-6\"  >\n\t\t\t\t<div class=\"col-inner\"  >\n\t\t\t\n\t\t\t\n\n<a href=\"https:\/\/antcube.shop\/ant-finder\/intermediate\/step-4\/\" class=\"button secondary expand\" >\n\t\t<span>sin hibernaci\u00f3n<\/span>\n\t<\/a>\n\n\n\n\t\t<\/div>\n\t\t\t\t\t<\/div>\n\n\t\n\n<\/div>","protected":false},"excerpt":{"rendered":"","protected":false},"author":1,"featured_media":0,"parent":721,"menu_order":0,"comment_status":"closed","ping_status":"closed","template":"","meta":{"_acf_changed":false,"content-type":"","_monsterinsights_skip_tracking":false,"_monsterinsights_sitenote_active":false,"_monsterinsights_sitenote_note":"","_monsterinsights_sitenote_category":0,"footnotes":""},"class_list":["post-2468","page","type-page","status-publish","hentry"],"acf":[],"aioseo_notices":[],"jetpack_sharing_enabled":true,"_links":{"self":[{"href":"https:\/\/antcube.shop\/es\/wp-json\/wp\/v2\/pages\/2468","targetHints":{"allow":["GET"]}}],"collection":[{"href":"https:\/\/antcube.shop\/es\/wp-json\/wp\/v2\/pages"}],"about":[{"href":"https:\/\/antcube.shop\/es\/wp-json\/wp\/v2\/types\/page"}],"author":[{"embeddable":true,"href":"https:\/\/antcube.shop\/es\/wp-json\/wp\/v2\/users\/1"}],"replies":[{"embeddable":true,"href":"https:\/\/antcube.shop\/es\/wp-json\/wp\/v2\/comments?post=2468"}],"version-history":[{"count":10,"href":"https:\/\/antcube.shop\/es\/wp-json\/wp\/v2\/pages\/2468\/revisions"}],"predecessor-version":[{"id":6870,"href":"https:\/\/antcube.shop\/es\/wp-json\/wp\/v2\/pages\/2468\/revisions\/6870"}],"up":[{"embeddable":true,"href":"https:\/\/antcube.shop\/es\/wp-json\/wp\/v2\/pages\/721"}],"wp:attachment":[{"href":"https:\/\/antcube.shop\/es\/wp-json\/wp\/v2\/media?parent=2468"}],"curies":[{"name":"wp","href":"https:\/\/api.w.org\/{rel}","templated":true}]}}