{"id":1260,"date":"2021-09-09T14:22:26","date_gmt":"2021-09-09T12:22:26","guid":{"rendered":"https:\/\/antcube.shop\/?page_id=1260"},"modified":"2023-12-14T17:02:05","modified_gmt":"2023-12-14T16:02:05","slug":"weaver-ant-formicarium","status":"publish","type":"page","link":"https:\/\/antcube.shop\/es\/formicarium-finder\/weaver-ant-formicarium\/","title":{"rendered":"Formicario de la hormiga tejedora"},"content":{"rendered":"<div id=\"gap-1227992603\" class=\"gap-element clearfix\" style=\"display:block; height:auto;\">\n\t\t\n<style>\n#gap-1227992603 {\n  padding-top: 197px;\n}\n@media (min-width:550px) {\n  #gap-1227992603 {\n    padding-top: 199px;\n  }\n}\n@media (min-width:850px) {\n  #gap-1227992603 {\n    padding-top: 172px;\n  }\n}\n<\/style>\n\t<\/div>\n\t\n\n\n  <div class=\"banner has-hover\" id=\"banner-1447203657\">\n          <div class=\"banner-inner fill\">\n        <div class=\"banner-bg fill\" >\n            <img data-recalc-dims=\"1\" loading=\"lazy\" decoding=\"async\" width=\"1020\" height=\"372\" src=\"https:\/\/i0.wp.com\/antcube.shop\/wp-content\/uploads\/2021\/09\/Unbenannt-1-1-scaled.jpg?resize=1020%2C372&#038;ssl=1\" class=\"bg attachment-original size-original\" alt=\"Juego de iniciaci\u00f3n ANTCUBE para hormigas tejedoras\" \/>                        <div class=\"overlay\"><\/div>            \n                    <\/div>\n\t\t\n        <div class=\"banner-layers container\">\n            <a class=\"fill\" href=\"https:\/\/antcube.shop\/de\/produkt\/antcube-starter-set-fur-weberameisen\/\"><div class=\"fill banner-link\"><\/div><\/a>            \n\n   <div id=\"text-box-1777123862\" class=\"text-box banner-layer x95 md-x95 lg-x95 y20 md-y20 lg-y20 res-text\">\n                                <div class=\"text-box-content text dark\">\n              \n              <div class=\"text-inner text-center\">\n                  \n\n\t<div id=\"text-1182234134\" class=\"text\">\n\t\t\n\n<h3 class=\"uppercase\"><strong>Set de inicio para hormigas tejedoras<\/strong><\/h3>\n\t\t\n<style>\n#text-1182234134 {\n  color: rgb(0, 0, 0);\n}\n#text-1182234134 > * {\n  color: rgb(0, 0, 0);\n}\n<\/style>\n\t<\/div>\n\t\n\n              <\/div>\n           <\/div>\n                            \n<style>\n#text-box-1777123862 {\n  width: 60%;\n}\n#text-box-1777123862 .text-box-content {\n  font-size: 100%;\n}\n<\/style>\n    <\/div>\n \n\n        <\/div>\n      <\/div>\n\n            \n<style>\n#banner-1447203657 {\n  padding-top: 38%;\n}\n#banner-1447203657 .overlay {\n  background-color: rgba(0, 0, 0, 0);\n}\n#banner-1447203657 .banner-bg img {\n  object-position: 33% 58%;\n}\n<\/style>\n  <\/div>\n\n\n<div class=\"row\"  id=\"row-608537079\">\n\n\n\t<div id=\"col-1355047864\" class=\"col medium-6 small-12 large-6\"  >\n\t\t\t\t<div class=\"col-inner\"  >\n\t\t\t\n\t\t\t\n\n<h3>Hormigas tejedoras y c\u00f3mo mantenerlas<\/h3>\n<p>En primer lugar, debe saber qu\u00e9 g\u00e9nero de hormiga tejedora va a mantener. Las hormigas tejedoras no necesitan un Formaicarium cl\u00e1sico con una zona de nido y una arena. En la naturaleza anidan en las copas de los \u00e1rboles o en los arbustos, pero nunca en el suelo o bajo tierra.<\/p>\n<p><strong>Especies de hormigas Oecophylla<\/strong><\/p>\n<p>Si es Oecophylla lo que quiere mantener, entonces necesitar\u00e1n plantas reales en su instalaci\u00f3n para hacer crecer su colonia. Por lo tanto, recomendamos un formicario de al menos 40 cm de altura. Deber\u00eda ofrecerles una planta con hojas bastante grandes, ya que utilizan su seda de lava para tejer hojas de una planta viva en un nido parecido a un capullo. La planta tiene que estar libre de cualquier pesticida o fertilizante. Por ejemplo, las plantas de un vivero de plantas org\u00e1nicas o de tiendas especializadas en terraristik son una opci\u00f3n. Tambi\u00e9n puede utilizar cualquier planta que haya permanecido en su casa durante al menos un a\u00f1o, sin haber sido tratada con pesticidas o fertilizantes.<\/p>\n\n\t\t<\/div>\n\t\t\t\t\t<\/div>\n\n\t\n\n\t<div id=\"col-1739129670\" class=\"col medium-6 small-12 large-6\"  >\n\t\t\t\t<div class=\"col-inner\"  >\n\t\t\t\n\t\t\t\n\n\t<div class=\"img has-hover x md-x lg-x y md-y lg-y\" id=\"image_290595602\">\n\t\t<a class=\"image-lightbox lightbox-gallery\" title=\"\" href=\"https:\/\/i0.wp.com\/antcube.shop\/wp-content\/uploads\/2021\/07\/Oecophylla-smaragdina.jpg?fit=600%2C600&#038;ssl=1\">\t\t\t\t\t\t<div class=\"img-inner dark\" >\n\t\t\t<img data-recalc-dims=\"1\" loading=\"lazy\" decoding=\"async\" width=\"720\" height=\"720\" src=\"https:\/\/i0.wp.com\/antcube.shop\/wp-content\/uploads\/2021\/07\/Oecophylla-smaragdina.jpg?resize=720%2C720&#038;ssl=1\" class=\"attachment-original size-original\" alt=\"Hormigas obreras de Oecophylla smaragdina en la hoja del nido\" srcset=\"https:\/\/i0.wp.com\/antcube.shop\/wp-content\/uploads\/2021\/07\/Oecophylla-smaragdina.jpg?w=720&amp;ssl=1 720w, https:\/\/i0.wp.com\/antcube.shop\/wp-content\/uploads\/2021\/07\/Oecophylla-smaragdina.jpg?resize=247%2C247&amp;ssl=1 247w, https:\/\/i0.wp.com\/antcube.shop\/wp-content\/uploads\/2021\/07\/Oecophylla-smaragdina.jpg?resize=100%2C100&amp;ssl=1 100w, https:\/\/i0.wp.com\/antcube.shop\/wp-content\/uploads\/2021\/07\/Oecophylla-smaragdina.jpg?resize=510%2C510&amp;ssl=1 510w, https:\/\/i0.wp.com\/antcube.shop\/wp-content\/uploads\/2021\/07\/Oecophylla-smaragdina.jpg?resize=400%2C400&amp;ssl=1 400w, https:\/\/i0.wp.com\/antcube.shop\/wp-content\/uploads\/2021\/07\/Oecophylla-smaragdina.jpg?resize=280%2C280&amp;ssl=1 280w\" sizes=\"auto, (max-width: 720px) 100vw, 720px\" \/>\t\t\t\t\t\t\n\t\t\t\t\t<\/div>\n\t\t\t\t\t\t<\/a>\t\t\n<style>\n#image_290595602 {\n  width: 100%;\n}\n<\/style>\n\t<\/div>\n\t\n\n\n\t\t<\/div>\n\t\t\t\t\t<\/div>\n\n\t\n\n<\/div>\n\t<div id=\"gap-713542603\" class=\"gap-element clearfix\" style=\"display:block; height:auto;\">\n\t\t\n<style>\n#gap-713542603 {\n  padding-top: 30px;\n}\n<\/style>\n\t<\/div>\n\t\n\n<div class=\"row\"  id=\"row-576104188\">\n\n\n\t<div id=\"col-1796259197\" class=\"col medium-6 small-12 large-6\"  >\n\t\t\t\t<div class=\"col-inner\"  >\n\t\t\t\n\t\t\t\n\n<h3>Especies de hormigas Polyrhachis<\/h3>\n<p>Si quieres mantener hormigas Polyrhachis, necesitar\u00e1n un formicario plano o alto. Algunas de estas especies de hormigas anidan en zonas altas y otras m\u00e1s cerca del suelo.\u00a0<\/p>\n<p>Se diferencian de las Oecophylla porque no necesitan plantas vivas para construir su nido. En su lugar, recogen cualquier cosa, desde hojas ca\u00eddas o agujas de con\u00edferas hasta peque\u00f1os palos y rocas, y los tejen hasta formar una estructura s\u00f3lida similar a un capullo. Recomendamos utilizar nuestras \"bolas de anidaci\u00f3n\", ya que han demostrado ser muy bien aceptadas para la construcci\u00f3n de nidos por las especies de hormigas Polyrhachis.<\/p>\n\n\t\t<\/div>\n\t\t\t\t\t<\/div>\n\n\t\n\n\t<div id=\"col-514644582\" class=\"col medium-6 small-12 large-6\"  >\n\t\t\t\t<div class=\"col-inner text-center\"  >\n\t\t\t\n\t<div class=\"is-border\"\n\t\tstyle=\"border-width:0px 0px 0px 0px;\">\n\t<\/div>\n\t\t\t\n\n\t<div class=\"img has-hover x md-x lg-x y md-y lg-y\" id=\"image_790652006\">\n\t\t<a class=\"image-lightbox lightbox-gallery\" title=\"\" href=\"https:\/\/i0.wp.com\/antcube.shop\/wp-content\/uploads\/2021\/09\/Stock-Polyrhachis-dives-Futter-8.jpg?ssl=1\">\t\t\t\t\t\t<div class=\"img-inner image-cover dark\" style=\"padding-top:100%;\">\n\t\t\t<img data-recalc-dims=\"1\" loading=\"lazy\" decoding=\"async\" width=\"960\" height=\"540\" src=\"https:\/\/i0.wp.com\/antcube.shop\/wp-content\/uploads\/2021\/09\/Stock-Polyrhachis-dives-Futter-8.jpg?resize=960%2C540&#038;ssl=1\" class=\"attachment-original size-original\" alt=\"Los Polyrhachis se sumergen llevando presas a su nido\" srcset=\"https:\/\/i0.wp.com\/antcube.shop\/wp-content\/uploads\/2021\/09\/Stock-Polyrhachis-dives-Futter-8.jpg?w=960&amp;ssl=1 960w, https:\/\/i0.wp.com\/antcube.shop\/wp-content\/uploads\/2021\/09\/Stock-Polyrhachis-dives-Futter-8.jpg?resize=510%2C287&amp;ssl=1 510w, https:\/\/i0.wp.com\/antcube.shop\/wp-content\/uploads\/2021\/09\/Stock-Polyrhachis-dives-Futter-8.jpg?resize=711%2C400&amp;ssl=1 711w, https:\/\/i0.wp.com\/antcube.shop\/wp-content\/uploads\/2021\/09\/Stock-Polyrhachis-dives-Futter-8.jpg?resize=768%2C432&amp;ssl=1 768w\" sizes=\"auto, (max-width: 960px) 100vw, 960px\" \/>\t\t\t\t\t\t\n\t\t\t\t\t<\/div>\n\t\t\t\t\t\t<\/a>\t\t\n<style>\n#image_790652006 {\n  width: 100%;\n}\n<\/style>\n\t<\/div>\n\t\n\n\n\t\t<\/div>\n\t\t\t\t\n<style>\n#col-514644582 > .col-inner {\n  max-width: 564px;\n}\n<\/style>\n\t<\/div>\n\n\t\n\n<\/div>\n\t<div id=\"gap-482790909\" class=\"gap-element clearfix\" style=\"display:block; height:auto;\">\n\t\t\n<style>\n#gap-482790909 {\n  padding-top: 30px;\n}\n<\/style>\n\t<\/div>\n\t\n\n<div class=\"row row-large align-equal align-center\"  id=\"row-1791632874\">\n\n\n\t<div id=\"col-1391690823\" class=\"col small-12 large-12\"  >\n\t\t\t\t<div class=\"col-inner text-center\"  >\n\t\t\t\n\t<div class=\"is-border\"\n\t\tstyle=\"border-width:0px 0px 1px 0px;margin:0px 0px 7px 0px;\">\n\t<\/div>\n\t\t\t\n\n<h3>Consiga su Weaver ant Starter Set<\/h3>\n\n            <div class=\"row\"><div class=\"large-12 col\">\n          <div style=\"background-color:#FFF;\" class=\"slider flipContainer slider-nav-circle slide box-shadow-2\"\n            data-flickity-options='{              \"cellAlign\": \"center\",              \"wrapAround\": true,              \"percentPosition\": true,              \"imagesLoaded\": true,              \"pageDots\": true,              \"contain\": true          }'>\n                        <div class=\"slide\" style=\"background-color:#FFF;\">  <div class=\"row row-collapse align-middle flip-slide\" style=\"width:100%\">\n        <div class=\"large-6 col flip-page-one\">\n        <div class=\"featured-product col-inner\">\n          <a href=\"https:\/\/antcube.shop\/es\/producto\/antcube-starter-set-fur-weberameisen\/\">\n                <div class=\"product-image relative\">\n                   <div class=\"front-image\">\n                    <img loading=\"lazy\" decoding=\"async\" width=\"510\" height=\"286\" src=\"https:\/\/i0.wp.com\/antcube.shop\/wp-content\/uploads\/2021\/09\/IMG_9046-scaled.jpg?fit=510%2C286&amp;ssl=1\" class=\"attachment-woocommerce_single size-woocommerce_single wp-post-image\" alt=\"Juego de iniciaci\u00f3n ANTCUBE para hormigas tejedoras\" srcset=\"https:\/\/i0.wp.com\/antcube.shop\/wp-content\/uploads\/2021\/09\/IMG_9046-scaled.jpg?w=2560&amp;ssl=1 2560w, https:\/\/i0.wp.com\/antcube.shop\/wp-content\/uploads\/2021\/09\/IMG_9046-scaled.jpg?resize=510%2C286&amp;ssl=1 510w, https:\/\/i0.wp.com\/antcube.shop\/wp-content\/uploads\/2021\/09\/IMG_9046-scaled.jpg?resize=713%2C400&amp;ssl=1 713w, https:\/\/i0.wp.com\/antcube.shop\/wp-content\/uploads\/2021\/09\/IMG_9046-scaled.jpg?resize=1400%2C786&amp;ssl=1 1400w, https:\/\/i0.wp.com\/antcube.shop\/wp-content\/uploads\/2021\/09\/IMG_9046-scaled.jpg?resize=768%2C431&amp;ssl=1 768w, https:\/\/i0.wp.com\/antcube.shop\/wp-content\/uploads\/2021\/09\/IMG_9046-scaled.jpg?resize=1536%2C862&amp;ssl=1 1536w, https:\/\/i0.wp.com\/antcube.shop\/wp-content\/uploads\/2021\/09\/IMG_9046-scaled.jpg?resize=2048%2C1150&amp;ssl=1 2048w\" sizes=\"auto, (max-width: 510px) 100vw, 510px\" \/>                  <\/div>\n                  \n<div class=\"badge-container absolute left top z-1\">\n\n<\/div>\n                <\/div>\n          <\/a>\n        <\/div>\n        <\/div>\n       <div class=\"large-6 col flip-page-two\">\n        <div class=\"product-info col-inner inner-padding\">\n              <h1 class=\"entry-title\"><a href=\"https:\/\/antcube.shop\/es\/producto\/antcube-starter-set-fur-weberameisen\/\">ANTCUBE - Set de iniciaci\u00f3n para hormigas tejedoras - peque\u00f1o<\/a><\/h1>\n              <div class=\"is-divider medium\"><\/div>\n              <div class=\"price-wrapper\">\n\t<p class=\"price product-page-price\">\n  <span class=\"woocommerce-Price-amount amount\"><bdi>149,90&nbsp;<span class=\"woocommerce-Price-currencySymbol\">\u20ac<\/span><\/bdi><\/span><\/p>\n<\/div>\n<div class=\"product-short-description\">\n\t<p>The set consists of 20 parts.<br \/>\nTama\u00f1o: <span style=\"color: #ed1c24;\"><strong>XL<\/strong><\/span><\/p>\n<\/div>\n<div class=\"product_meta\">\n\n\t\n\n\t\n\t\t<span class=\"sku_wrapper\">SKU: <span class=\"sku\">1002849<\/span><\/span>\n\n\t\n\t<span class=\"posted_in\">Categor\u00edas: <a href=\"https:\/\/antcube.shop\/es\/categoria-producto\/conjuntos-de-arranque\/\" rel=\"tag\">Juegos de inicio<\/a>, <a href=\"https:\/\/antcube.shop\/es\/categoria-producto\/conjuntos-de-arranque\/juegos-de-iniciacion-para-hormigas-tejedoras\/\" rel=\"tag\">Juegos de iniciaci\u00f3n para hormigas tejedoras<\/a><\/span>\n\t\n\t\n<\/div>\n              <a href=\"https:\/\/antcube.shop\/es\/producto\/antcube-starter-set-fur-weberameisen\/\" class=\"button\">Leer m\u00e1s<\/a>\n         <\/div>\n        <\/div>\n<\/div>\n<\/div>\n                        <div class=\"slide\" style=\"background-color:#FFF;\">  <div class=\"row row-collapse align-middle flip-slide\" style=\"width:100%\">\n        <div class=\"large-6 col flip-page-one\">\n        <div class=\"featured-product col-inner\">\n          <a href=\"https:\/\/antcube.shop\/es\/producto\/set-de-iniciacion-para-hormigas-tejedoras-grandes\/\">\n                <div class=\"product-image relative\">\n                   <div class=\"front-image\">\n                    <img loading=\"lazy\" decoding=\"async\" width=\"510\" height=\"510\" src=\"https:\/\/i0.wp.com\/antcube.shop\/wp-content\/uploads\/2023\/12\/1005649-ANTCUBE-Starter-Set-fur-Weberameisen-gros-Shop.jpg?fit=510%2C510&amp;ssl=1\" class=\"attachment-woocommerce_single size-woocommerce_single wp-post-image\" alt=\"ANTCUBE - Set de iniciaci\u00f3n para hormigas tejedoras - grande 1005649 formicario de cristal con puerta corredera y pared trasera con foto raiforest\" srcset=\"https:\/\/i0.wp.com\/antcube.shop\/wp-content\/uploads\/2023\/12\/1005649-ANTCUBE-Starter-Set-fur-Weberameisen-gros-Shop.jpg?w=2048&amp;ssl=1 2048w, https:\/\/i0.wp.com\/antcube.shop\/wp-content\/uploads\/2023\/12\/1005649-ANTCUBE-Starter-Set-fur-Weberameisen-gros-Shop.jpg?resize=400%2C400&amp;ssl=1 400w, https:\/\/i0.wp.com\/antcube.shop\/wp-content\/uploads\/2023\/12\/1005649-ANTCUBE-Starter-Set-fur-Weberameisen-gros-Shop.jpg?resize=800%2C800&amp;ssl=1 800w, https:\/\/i0.wp.com\/antcube.shop\/wp-content\/uploads\/2023\/12\/1005649-ANTCUBE-Starter-Set-fur-Weberameisen-gros-Shop.jpg?resize=280%2C280&amp;ssl=1 280w, https:\/\/i0.wp.com\/antcube.shop\/wp-content\/uploads\/2023\/12\/1005649-ANTCUBE-Starter-Set-fur-Weberameisen-gros-Shop.jpg?resize=768%2C768&amp;ssl=1 768w, https:\/\/i0.wp.com\/antcube.shop\/wp-content\/uploads\/2023\/12\/1005649-ANTCUBE-Starter-Set-fur-Weberameisen-gros-Shop.jpg?resize=1536%2C1536&amp;ssl=1 1536w, https:\/\/i0.wp.com\/antcube.shop\/wp-content\/uploads\/2023\/12\/1005649-ANTCUBE-Starter-Set-fur-Weberameisen-gros-Shop.jpg?resize=12%2C12&amp;ssl=1 12w, https:\/\/i0.wp.com\/antcube.shop\/wp-content\/uploads\/2023\/12\/1005649-ANTCUBE-Starter-Set-fur-Weberameisen-gros-Shop.jpg?resize=247%2C247&amp;ssl=1 247w, https:\/\/i0.wp.com\/antcube.shop\/wp-content\/uploads\/2023\/12\/1005649-ANTCUBE-Starter-Set-fur-Weberameisen-gros-Shop.jpg?resize=510%2C510&amp;ssl=1 510w, https:\/\/i0.wp.com\/antcube.shop\/wp-content\/uploads\/2023\/12\/1005649-ANTCUBE-Starter-Set-fur-Weberameisen-gros-Shop.jpg?resize=100%2C100&amp;ssl=1 100w\" sizes=\"auto, (max-width: 510px) 100vw, 510px\" \/>                  <\/div>\n                  \n<div class=\"badge-container absolute left top z-1\">\n\n<\/div>\n                <\/div>\n          <\/a>\n        <\/div>\n        <\/div>\n       <div class=\"large-6 col flip-page-two\">\n        <div class=\"product-info col-inner inner-padding\">\n              <h1 class=\"entry-title\"><a href=\"https:\/\/antcube.shop\/es\/producto\/set-de-iniciacion-para-hormigas-tejedoras-grandes\/\">ANTCUBE - Set de iniciaci\u00f3n para hormigas tejedoras - grande<\/a><\/h1>\n              <div class=\"is-divider medium\"><\/div>\n              <div class=\"price-wrapper\">\n\t<p class=\"price product-page-price price-not-in-stock\">\n  <span class=\"woocommerce-Price-amount amount\"><bdi>339,90&nbsp;<span class=\"woocommerce-Price-currencySymbol\">\u20ac<\/span><\/bdi><\/span><\/p>\n<\/div>\n<div class=\"product-short-description\">\n\t<p>The set consists of 22 parts.<br \/>\nTama\u00f1o: <span style=\"color: #ed1c24;\"><strong>XL<\/strong><\/span><\/p>\n<\/div>\n<div class=\"product_meta\">\n\n\t\n\n\t\n\t\t<span class=\"sku_wrapper\">SKU: <span class=\"sku\">1005649<\/span><\/span>\n\n\t\n\t<span class=\"posted_in\">Categor\u00edas: <a href=\"https:\/\/antcube.shop\/es\/categoria-producto\/conjuntos-de-arranque\/\" rel=\"tag\">Juegos de inicio<\/a>, <a href=\"https:\/\/antcube.shop\/es\/categoria-producto\/conjuntos-de-arranque\/juegos-de-iniciacion-para-hormigas-tejedoras\/\" rel=\"tag\">Juegos de iniciaci\u00f3n para hormigas tejedoras<\/a><\/span>\n\t\n\t\n<\/div>\n              <a href=\"https:\/\/antcube.shop\/es\/producto\/set-de-iniciacion-para-hormigas-tejedoras-grandes\/\" class=\"button\">Leer m\u00e1s<\/a>\n         <\/div>\n        <\/div>\n<\/div>\n<\/div>\n                    <\/div>\n          <\/div><\/div>\n          \n\n\n\t\t<\/div>\n\t\t\t\t\n<style>\n#col-1391690823 > .col-inner {\n  padding: 0px 0px 5px 0px;\n  margin: 0px 0px 1px 0px;\n}\n<\/style>\n\t<\/div>\n\n\t\n\n\n<style>\n#row-1791632874 > .col > .col-inner {\n  padding: 0px 0px 30px 0px;\n}\n<\/style>\n<\/div>\n<div class=\"row row-large align-equal align-center\"  id=\"row-1537417138\">\n\n\n\t<div id=\"col-1114238919\" class=\"col small-12 large-12\"  >\n\t\t\t\t<div class=\"col-inner text-center\"  >\n\t\t\t\n\t<div class=\"is-border\"\n\t\tstyle=\"border-width:0px 0px 1px 0px;margin:0px 0px 7px 0px;\">\n\t<\/div>\n\t\t\t\n\n<h3>Oferta de paquete con Starter Set y colonia de hormigas Weaver<\/h3>\n\n            <div class=\"row\"><div class=\"large-12 col\">\n          <div style=\"background-color:#FFF;\" class=\"slider flipContainer slider-nav-circle slide box-shadow-2\"\n            data-flickity-options='{              \"cellAlign\": \"center\",              \"wrapAround\": true,              \"percentPosition\": true,              \"imagesLoaded\": true,              \"pageDots\": true,              \"contain\": true          }'>\n                        <div class=\"slide\" style=\"background-color:#FFF;\">  <div class=\"row row-collapse align-middle flip-slide\" style=\"width:100%\">\n        <div class=\"large-6 col flip-page-one\">\n        <div class=\"featured-product col-inner\">\n          <a href=\"https:\/\/antcube.shop\/es\/producto\/paquete-oferta-polyrhachis-dives\/\">\n                <div class=\"product-image relative\">\n                   <div class=\"front-image\">\n                    <img loading=\"lazy\" decoding=\"async\" width=\"510\" height=\"510\" src=\"https:\/\/i0.wp.com\/antcube.shop\/wp-content\/uploads\/2023\/12\/Starter-Set-Bundle-Polayrhachis-dives.jpg?fit=510%2C510&amp;ssl=1\" class=\"attachment-woocommerce_single size-woocommerce_single wp-post-image\" alt=\"Paquete con set de inicio de formicario antfarm y colonia de hormigas tejedoras Polyrhachis dives ANTCUBE ANTSTORE\" srcset=\"https:\/\/i0.wp.com\/antcube.shop\/wp-content\/uploads\/2023\/12\/Starter-Set-Bundle-Polayrhachis-dives.jpg?w=2160&amp;ssl=1 2160w, https:\/\/i0.wp.com\/antcube.shop\/wp-content\/uploads\/2023\/12\/Starter-Set-Bundle-Polayrhachis-dives.jpg?resize=400%2C400&amp;ssl=1 400w, https:\/\/i0.wp.com\/antcube.shop\/wp-content\/uploads\/2023\/12\/Starter-Set-Bundle-Polayrhachis-dives.jpg?resize=800%2C800&amp;ssl=1 800w, https:\/\/i0.wp.com\/antcube.shop\/wp-content\/uploads\/2023\/12\/Starter-Set-Bundle-Polayrhachis-dives.jpg?resize=280%2C280&amp;ssl=1 280w, https:\/\/i0.wp.com\/antcube.shop\/wp-content\/uploads\/2023\/12\/Starter-Set-Bundle-Polayrhachis-dives.jpg?resize=768%2C768&amp;ssl=1 768w, https:\/\/i0.wp.com\/antcube.shop\/wp-content\/uploads\/2023\/12\/Starter-Set-Bundle-Polayrhachis-dives.jpg?resize=1536%2C1536&amp;ssl=1 1536w, https:\/\/i0.wp.com\/antcube.shop\/wp-content\/uploads\/2023\/12\/Starter-Set-Bundle-Polayrhachis-dives.jpg?resize=2048%2C2048&amp;ssl=1 2048w, https:\/\/i0.wp.com\/antcube.shop\/wp-content\/uploads\/2023\/12\/Starter-Set-Bundle-Polayrhachis-dives.jpg?resize=12%2C12&amp;ssl=1 12w, https:\/\/i0.wp.com\/antcube.shop\/wp-content\/uploads\/2023\/12\/Starter-Set-Bundle-Polayrhachis-dives.jpg?resize=247%2C247&amp;ssl=1 247w, https:\/\/i0.wp.com\/antcube.shop\/wp-content\/uploads\/2023\/12\/Starter-Set-Bundle-Polayrhachis-dives.jpg?resize=510%2C510&amp;ssl=1 510w, https:\/\/i0.wp.com\/antcube.shop\/wp-content\/uploads\/2023\/12\/Starter-Set-Bundle-Polayrhachis-dives.jpg?resize=100%2C100&amp;ssl=1 100w\" sizes=\"auto, (max-width: 510px) 100vw, 510px\" \/>                  <\/div>\n                  \n<div class=\"badge-container absolute left top z-1\">\n\n<\/div>\n                <\/div>\n          <\/a>\n        <\/div>\n        <\/div>\n       <div class=\"large-6 col flip-page-two\">\n        <div class=\"product-info col-inner inner-padding\">\n              <h1 class=\"entry-title\"><a href=\"https:\/\/antcube.shop\/es\/producto\/paquete-oferta-polyrhachis-dives\/\">Oferta Paquete - Polyrhachis dives<\/a><\/h1>\n              <div class=\"is-divider medium\"><\/div>\n              <div class=\"price-wrapper\">\n\t<p class=\"price product-page-price\">\n  <span class=\"woocommerce-Price-amount amount\"><bdi>249,90&nbsp;<span class=\"woocommerce-Price-currencySymbol\">\u20ac<\/span><\/bdi><\/span><\/p>\n<\/div>\n<div class=\"product-short-description\">\n\t<p>El juego consta de 31 piezas.<br \/>\nTama\u00f1o: <strong>XL<\/strong><\/p>\n<\/div>\n<div class=\"product_meta\">\n\n\t\n\n\t\n\t\t<span class=\"sku_wrapper\">SKU: <span class=\"sku\">1005664<\/span><\/span>\n\n\t\n\t<span class=\"posted_in\">Categor\u00edas: <a href=\"https:\/\/antcube.shop\/es\/categoria-producto\/conjuntos-de-arranque\/ofertas-de-paquetes\/\" rel=\"tag\">Paquetes de ofertas - Juegos de inicio con hormigas<\/a>, <a href=\"https:\/\/antcube.shop\/es\/categoria-producto\/conjuntos-de-arranque\/\" rel=\"tag\">Juegos de inicio<\/a>, <a href=\"https:\/\/antcube.shop\/es\/categoria-producto\/conjuntos-de-arranque\/juegos-de-iniciacion-para-hormigas-tejedoras\/\" rel=\"tag\">Juegos de iniciaci\u00f3n para hormigas tejedoras<\/a><\/span>\n\t\n\t\n<\/div>\n              <a href=\"https:\/\/antcube.shop\/es\/producto\/paquete-oferta-polyrhachis-dives\/\" class=\"button\">Leer m\u00e1s<\/a>\n         <\/div>\n        <\/div>\n<\/div>\n<\/div>\n                    <\/div>\n          <\/div><\/div>\n          \n\n\n\t\t<\/div>\n\t\t\t\t\n<style>\n#col-1114238919 > .col-inner {\n  padding: 0px 0px 5px 0px;\n  margin: 0px 0px 1px 0px;\n}\n<\/style>\n\t<\/div>\n\n\t\n\n\n<style>\n#row-1537417138 > .col > .col-inner {\n  padding: 0px 0px 30px 0px;\n}\n<\/style>\n<\/div>\n\t<div id=\"gap-1102455025\" class=\"gap-element clearfix\" style=\"display:block; height:auto;\">\n\t\t\n<style>\n#gap-1102455025 {\n  padding-top: 30px;\n}\n<\/style>\n\t<\/div>","protected":false},"excerpt":{"rendered":"","protected":false},"author":1,"featured_media":0,"parent":727,"menu_order":0,"comment_status":"closed","ping_status":"closed","template":"","meta":{"_acf_changed":false,"content-type":"","_monsterinsights_skip_tracking":false,"_monsterinsights_sitenote_active":false,"_monsterinsights_sitenote_note":"","_monsterinsights_sitenote_category":0,"footnotes":""},"class_list":["post-1260","page","type-page","status-publish","hentry"],"acf":[],"aioseo_notices":[],"jetpack_sharing_enabled":true,"_links":{"self":[{"href":"https:\/\/antcube.shop\/es\/wp-json\/wp\/v2\/pages\/1260","targetHints":{"allow":["GET"]}}],"collection":[{"href":"https:\/\/antcube.shop\/es\/wp-json\/wp\/v2\/pages"}],"about":[{"href":"https:\/\/antcube.shop\/es\/wp-json\/wp\/v2\/types\/page"}],"author":[{"embeddable":true,"href":"https:\/\/antcube.shop\/es\/wp-json\/wp\/v2\/users\/1"}],"replies":[{"embeddable":true,"href":"https:\/\/antcube.shop\/es\/wp-json\/wp\/v2\/comments?post=1260"}],"version-history":[{"count":10,"href":"https:\/\/antcube.shop\/es\/wp-json\/wp\/v2\/pages\/1260\/revisions"}],"predecessor-version":[{"id":6822,"href":"https:\/\/antcube.shop\/es\/wp-json\/wp\/v2\/pages\/1260\/revisions\/6822"}],"up":[{"embeddable":true,"href":"https:\/\/antcube.shop\/es\/wp-json\/wp\/v2\/pages\/727"}],"wp:attachment":[{"href":"https:\/\/antcube.shop\/es\/wp-json\/wp\/v2\/media?parent=1260"}],"curies":[{"name":"wp","href":"https:\/\/api.w.org\/{rel}","templated":true}]}}