{"id":10607,"date":"2024-11-29T12:11:26","date_gmt":"2024-11-29T11:11:26","guid":{"rendered":"https:\/\/antcube.shop\/?page_id=10607"},"modified":"2024-12-03T12:53:14","modified_gmt":"2024-12-03T11:53:14","slug":"directrices-para-la-cria-de-hormigas","status":"publish","type":"page","link":"https:\/\/antcube.shop\/es\/directrices-para-la-cria-de-hormigas\/","title":{"rendered":"Directrices para la cr\u00eda de hormigas"},"content":{"rendered":"<div id=\"gap-1209630569\" class=\"gap-element clearfix\" style=\"display:block; height:auto;\">\n\t\t\n<style>\n#gap-1209630569 {\n  padding-top: 190px;\n}\n<\/style>\n\t<\/div>\n\t\n\n<div class=\"row\"  id=\"row-255093529\">\n\n\n\t<div id=\"col-986344360\" class=\"col small-12 large-12\"  >\n\t\t\t\t<div class=\"col-inner\"  >\n\t\t\t\n\t\t\t\n\n<h1><b>Pautas para mantener a las hormigas<\/b><\/h1>\n<h2><b>Nota importante sobre las especies y la conservaci\u00f3n de la naturaleza<\/b><\/h2>\n<ul>\n<li style=\"font-weight: 400;\" aria-level=\"1\"><b>Riesgo de da\u00f1os y enfermedades:<\/b><span style=\"font-weight: 400;\"> Los animales vivos pueden causar da\u00f1os o transmitir enfermedades. Los al\u00e9rgicos, en particular, deben tener cuidado.<\/span><\/li>\n<li style=\"font-weight: 400;\" aria-level=\"1\"><b>Liberaci\u00f3n prohibida:<\/b><span style=\"font-weight: 400;\"> En ning\u00fan caso se pueden liberar hormigas en la naturaleza para proteger la flora y la fauna aut\u00f3ctonas y for\u00e1neas. Liberar hormigas sin autorizaci\u00f3n oficial es un delito punible seg\u00fan la legislaci\u00f3n de conservaci\u00f3n de la naturaleza. Nos ofrecemos a recuperar gratuitamente las colonias viejas.<\/span><\/li>\n<li style=\"font-weight: 400;\" aria-level=\"1\"><b>Identificaci\u00f3n de la especie: <\/b><span style=\"font-weight: 400;\">Las especies de hormigas est\u00e1n identificadas seg\u00fan nuestro leal saber y entender. En caso de cambios posteriores, tiene derecho a devolver la colonia.<\/span><\/li>\n<\/ul>\n<h2><b>Despacho de hormigas<\/b><\/h2>\n<ul>\n<li style=\"font-weight: 400;\" aria-level=\"1\"><b>Zona de entrega: <\/b><span style=\"font-weight: 400;\">Los animales vivos s\u00f3lo se env\u00edan dentro de la UE. La normativa regional de importaci\u00f3n debe solicitarse a la oficina veterinaria local.<\/span><\/li>\n<li style=\"font-weight: 400;\" aria-level=\"1\"><b>Temperaturas durante el env\u00edo:<\/b>\n<ul>\n<li style=\"font-weight: 400;\" aria-level=\"2\"><b>Temperaturas nocturnas:<\/b>\n<ul>\n<li style=\"font-weight: 400;\" aria-level=\"3\"><span style=\"font-weight: 400;\">Especies del norte y centro de Europa: <span data-text-color=\"alert\">&gt;0\u00b0C<\/span> (Expreso: <span data-text-color=\"alert\">&gt;-5\u00b0C<\/span> con aislamiento)<\/span><\/li>\n<li style=\"font-weight: 400;\" aria-level=\"3\"><span style=\"font-weight: 400;\">Especie del sur de Europa: <span data-text-color=\"secondary\">&gt;+5\u00b0C<\/span> (Expreso: <span data-text-color=\"secondary\">&gt;0\u00b0C<\/span> con aislamiento)<\/span><\/li>\n<li style=\"font-weight: 400;\" aria-level=\"3\"><span style=\"font-weight: 400;\">Especies tropicales: <span data-text-color=\"secondary\">&gt;+10\u00b0C<\/span> (Expreso: <span data-text-color=\"secondary\">&gt;+5\u00b0C<\/span> con bolsa de calor)<\/span><\/li>\n<\/ul>\n<\/li>\n<li style=\"font-weight: 400;\" aria-level=\"2\"><b>Temperaturas diurnas: <\/b><span style=\"font-weight: 400;\">M\u00e1ximo <span data-text-color=\"alert\">+30\u00b0C<\/span> para todas las especies.<\/span><\/li>\n<\/ul>\n<\/li>\n<\/ul>\n<p><span style=\"font-weight: 400;\">Las hormigas solicitadas no se enviar\u00e1n fuera de los intervalos de temperatura especificados. Se enviar\u00e1n lo antes posible.<\/span><\/p>\n<p><span style=\"font-weight: 400;\">Se le informar\u00e1 por separado por correo electr\u00f3nico.\u00a0<\/span><\/p>\n<h2><b>Mantenimiento de hormigas<\/b><\/h2>\n<ul>\n<li style=\"font-weight: 400;\" aria-level=\"1\"><span style=\"font-weight: 400;\">Encontrar\u00e1 informaci\u00f3n detallada sobre la cr\u00eda en la descripci\u00f3n de cada especie.<\/span><\/li>\n<\/ul>\n<h3><b>Problemas para mantener a las hormigas<\/b><\/h3>\n<ol>\n<li><b> mortalidad de las hormigas - posibles causas<\/b><\/li>\n<\/ol>\n<ul>\n<li style=\"font-weight: 400;\" aria-level=\"1\"><b>Calidad del agua:<\/b>\n<ul>\n<li style=\"font-weight: 400;\" aria-level=\"2\"><span style=\"font-weight: 400;\">El agua del grifo puede ser t\u00f3xica para las hormigas debido al cloro o al cobre.<\/span><\/li>\n<li style=\"font-weight: 400;\" aria-level=\"2\"><b>Recomendaci\u00f3n: <\/b><span style=\"font-weight: 400;\">Utilice agua filtrada o de lluvia, no agua destilada.<\/span><\/li>\n<\/ul>\n<\/li>\n<li style=\"font-weight: 400;\" aria-level=\"1\"><b>Sustrato:<\/b>\n<ul>\n<li style=\"font-weight: 400;\" aria-level=\"2\"><span style=\"font-weight: 400;\">La arena para p\u00e1jaros contiene desinfectantes que pueden da\u00f1ar a las hormigas.<\/span><\/li>\n<li style=\"font-weight: 400;\" aria-level=\"2\"><b>Recomendaci\u00f3n: <\/b><span style=\"font-weight: 400;\">Utilice nuestro <\/span><b>bases de suelo <\/b><span style=\"font-weight: 400;\">o arena de cuarzo sin tratar y lavar u hornear previamente.<\/span><\/li>\n<\/ul>\n<\/li>\n<li style=\"font-weight: 400;\" aria-level=\"1\"><b>Plantas:<\/b>\n<ul>\n<li style=\"font-weight: 400;\" aria-level=\"2\"><span style=\"font-weight: 400;\">Las plantas vivas de tiendas de bricolaje o centros de jardiner\u00eda suelen estar tratadas con pesticidas.<\/span><\/li>\n<li style=\"font-weight: 400;\" aria-level=\"2\"><b>Recomendaci\u00f3n: <\/b><span style=\"font-weight: 400;\">Utiliza plantas ecol\u00f3gicas o de tiendas especializadas en terrarios.<\/span><\/li>\n<li style=\"font-weight: 400;\" aria-level=\"2\"><span style=\"font-weight: 400;\">Tambi\u00e9n puedes utilizar plantas que lleven en casa al menos un a\u00f1o sin a\u00f1adir pesticidas ni fertilizantes.<\/span><\/li>\n<\/ul>\n<\/li>\n<li style=\"font-weight: 400;\" aria-level=\"1\"><b>Limpieza:<\/b>\n<ul>\n<li style=\"font-weight: 400;\" aria-level=\"2\"><span style=\"font-weight: 400;\">Los limpiacristales y los agentes qu\u00edmicos son nocivos.<\/span><\/li>\n<li style=\"font-weight: 400;\" aria-level=\"2\"><b>Recomendaci\u00f3n: <\/b><span style=\"font-weight: 400;\">Utilice limpiadores de agua clara o limpiadores org\u00e1nicos.<\/span><\/li>\n<\/ul>\n<\/li>\n<li style=\"font-weight: 400;\" aria-level=\"1\"><b>Construcci\u00f3n del formicario:<\/b>\n<ul>\n<li style=\"font-weight: 400;\" aria-level=\"2\"><span style=\"font-weight: 400;\">Los materiales con disolventes o silicona antibacteriana no son adecuados.<\/span><\/li>\n<li style=\"font-weight: 400;\" aria-level=\"2\"><b>Recomendaci\u00f3n: <\/b><span style=\"font-weight: 400;\">Utilice sustancias sin disolventes o silicona para acuarios.<\/span><\/li>\n<\/ul>\n<\/li>\n<li style=\"font-weight: 400;\" aria-level=\"1\"><b>Alimentaci\u00f3n:<\/b>\n<ul>\n<li style=\"font-weight: 400;\" aria-level=\"2\"><span style=\"font-weight: 400;\">Los conservantes y par\u00e1sitos de los animales destinados a la alimentaci\u00f3n pueden ser perjudiciales. Adem\u00e1s, los animales destinados a la alimentaci\u00f3n en masa suelen estar infestados de \u00e1caros, que podr\u00edan perjudicar a las hormigas.\u00a0<\/span><\/li>\n<li style=\"font-weight: 400;\" aria-level=\"2\"><b>Recomendaci\u00f3n: <\/b><span style=\"font-weight: 400;\">Utilice alimentos ecol\u00f3gicos o insectos de la naturaleza, recogidos lejos de carreteras y campos que puedan estar contaminados con pesticidas.<\/span><\/li>\n<\/ul>\n<\/li>\n<li style=\"font-weight: 400;\" aria-level=\"1\"><b>La temperatura:<\/b>\n<ul>\n<li style=\"font-weight: 400;\" aria-level=\"2\"><span style=\"font-weight: 400;\">La formicaria puede calentarse considerablemente debido a la luz solar directa.<\/span><\/li>\n<li style=\"font-weight: 400;\" aria-level=\"2\"><b>Recomendaci\u00f3n: <\/b><span style=\"font-weight: 400;\">Utilice un term\u00f3metro con funci\u00f3n m\u00edn.\/m\u00e1x.<\/span><\/li>\n<\/ul>\n<\/li>\n<li style=\"font-weight: 400;\" aria-level=\"1\"><b>Hibernaci\u00f3n:<\/b>\n<ul>\n<li style=\"font-weight: 400;\" aria-level=\"2\"><span style=\"font-weight: 400;\">Durante la hibernaci\u00f3n, aseg\u00farese de que el nido est\u00e9 h\u00famedo para evitar que se seque.<\/span><\/li>\n<\/ul>\n<\/li>\n<\/ul>\n<ol start=\"2\">\n<li><b> la reina no pone huevos - posibles causas<\/b><\/li>\n<\/ol>\n<ul>\n<li style=\"font-weight: 400;\" aria-level=\"1\"><b>Temporada: <\/b><span style=\"font-weight: 400;\">Las especies europeas no ponen huevos en oto\u00f1o\/invierno<\/span><b>.<\/b><\/li>\n<li style=\"font-weight: 400;\" aria-level=\"1\"><b>Estr\u00e9s: <\/b><span style=\"font-weight: 400;\">El transporte o las alteraciones del nido pueden desestabilizar a la reina.<\/span><\/li>\n<li style=\"font-weight: 400;\" aria-level=\"1\"><b>Deficiencia de prote\u00ednas: <\/b><span style=\"font-weight: 400;\">El desarrollo de las cr\u00edas requiere alimentos ricos en prote\u00ednas.<\/span><\/li>\n<li style=\"font-weight: 400;\" aria-level=\"1\"><b>Huevos escondidos: <\/b><span style=\"font-weight: 400;\">Los huevos pueden encontrarse en el contenedor de transporte o en el algod\u00f3n.<\/span><\/li>\n<li style=\"font-weight: 400;\" aria-level=\"1\"><b>El clima: <\/b><span style=\"font-weight: 400;\">Las condiciones \u00f3ptimas (sustrato, oscuridad, temperatura, humedad) son esenciales.<\/span><\/li>\n<li style=\"font-weight: 400;\" aria-level=\"1\"><b>Recomendaci\u00f3n: <\/b><span style=\"font-weight: 400;\">Los principiantes deben elegir especies para las que se disponga de muchos informes de experiencia.<\/span><\/li>\n<\/ul>\n<p><span style=\"font-weight: 400;\">Estas directrices proporcionan informaci\u00f3n b\u00e1sica sobre c\u00f3mo criar hormigas con \u00e9xito. Si tiene alguna duda o problema, se recomienda que se ponga en contacto con cuidadores experimentados o tiendas especializadas.<\/span><\/p>\n\n\t\t<\/div>\n\t\t\t\t\t<\/div>\n\n\t\n\n<\/div>","protected":false},"excerpt":{"rendered":"","protected":false},"author":1,"featured_media":0,"parent":0,"menu_order":0,"comment_status":"closed","ping_status":"closed","template":"","meta":{"_acf_changed":false,"content-type":"","_monsterinsights_skip_tracking":false,"_monsterinsights_sitenote_active":false,"_monsterinsights_sitenote_note":"","_monsterinsights_sitenote_category":0,"footnotes":""},"class_list":["post-10607","page","type-page","status-publish","hentry"],"acf":[],"aioseo_notices":[],"jetpack_sharing_enabled":true,"_links":{"self":[{"href":"https:\/\/antcube.shop\/es\/wp-json\/wp\/v2\/pages\/10607","targetHints":{"allow":["GET"]}}],"collection":[{"href":"https:\/\/antcube.shop\/es\/wp-json\/wp\/v2\/pages"}],"about":[{"href":"https:\/\/antcube.shop\/es\/wp-json\/wp\/v2\/types\/page"}],"author":[{"embeddable":true,"href":"https:\/\/antcube.shop\/es\/wp-json\/wp\/v2\/users\/1"}],"replies":[{"embeddable":true,"href":"https:\/\/antcube.shop\/es\/wp-json\/wp\/v2\/comments?post=10607"}],"version-history":[{"count":5,"href":"https:\/\/antcube.shop\/es\/wp-json\/wp\/v2\/pages\/10607\/revisions"}],"predecessor-version":[{"id":10717,"href":"https:\/\/antcube.shop\/es\/wp-json\/wp\/v2\/pages\/10607\/revisions\/10717"}],"wp:attachment":[{"href":"https:\/\/antcube.shop\/es\/wp-json\/wp\/v2\/media?parent=10607"}],"curies":[{"name":"wp","href":"https:\/\/api.w.org\/{rel}","templated":true}]}}