{"id":102,"date":"2013-08-11T19:22:53","date_gmt":"2013-08-11T19:22:53","guid":{"rendered":"http:\/\/localhost:8888\/test\/?page_id=532"},"modified":"2025-02-17T15:02:29","modified_gmt":"2025-02-17T14:02:29","slug":"contacte-con","status":"publish","type":"page","link":"https:\/\/antcube.shop\/es\/contacte-con\/","title":{"rendered":"Contacte con"},"content":{"rendered":"<div id=\"gap-1623752239\" class=\"gap-element clearfix\" style=\"display:block; height:auto;\">\n\t\t\n<style>\n#gap-1623752239 {\n  padding-top: 30px;\n}\n<\/style>\n\t<\/div>\n\t\n\n<div class=\"row\"  id=\"row-1960740316\">\n\n\n\t<div id=\"col-2144059934\" class=\"col medium-6 large-6\"  >\n\t\t\t\t<div class=\"col-inner\"  >\n\t\t\t\n\t\t\t\n\n<div class=\"container section-title-container\" ><h3 class=\"section-title section-title-normal\"><b aria-hidden=\"true\"><\/b><span class=\"section-title-main\" >Preguntas frecuentes<\/span><b aria-hidden=\"true\"><\/b><\/h3><\/div>\n\n<p class=\"lead\">Por favor, lea nuestro <a href=\"https:\/\/antcube.shop\/faq-shop\/\">PREGUNTAS FRECUENTES<\/a> antes de enviarnos un mensaje.<\/p>\n<div class=\"accordion\">\n\n\t<div id=\"accordion-3832632497\" class=\"accordion-item\">\n\t\t<a id=\"accordion-3832632497-label\" class=\"accordion-title plain\" href=\"#accordion-item-you-do-not-know-what-ant-species-to-keep-or-which-formicarium-you-should-use?\" aria-expanded=\"false\" aria-controls=\"accordion-3832632497-content\">\n\t\t\t<button class=\"toggle\" aria-label=\"Toggle\"><i class=\"icon-angle-down\" aria-hidden=\"true\"><\/i><\/button>\n\t\t\t<span>\u00bfNo sabe qu\u00e9 especies de hormigas mantener o qu\u00e9 Formicarium debe utilizar?<\/span>\n\t\t<\/a>\n\t\t<div id=\"accordion-3832632497-content\" class=\"accordion-inner\" aria-labelledby=\"accordion-3832632497-label\">\n\t\t\t\n\n<p>Pruebe nuestro \"Buscador de hormigas\" o \"Buscador de formicarios\" - Nuestro servicio de atenci\u00f3n al cliente en l\u00ednea<\/p>\n<p><a href=\"https:\/\/antcube.shop\/ant-finder\/\">Encuentre su especie de hormiga<\/a><\/p>\n<p><a href=\"https:\/\/antcube.shop\/formicarium-finder\/\">Encuentre su Formicarium<\/a><\/p>\n\n\t\t<\/div>\n\t<\/div>\n\t\n\t<div id=\"accordion-1326876013\" class=\"accordion-item\">\n\t\t<a id=\"accordion-1326876013-label\" class=\"accordion-title plain\" href=\"#accordion-item-what-are-the-delivery-times-and-charges-for-orders-from-the-online-shop?\" aria-expanded=\"false\" aria-controls=\"accordion-1326876013-content\">\n\t\t\t<button class=\"toggle\" aria-label=\"Toggle\"><i class=\"icon-angle-down\" aria-hidden=\"true\"><\/i><\/button>\n\t\t\t<span>\u00bfCu\u00e1les son los plazos y los gastos de entrega de los pedidos de la tienda online?<\/span>\n\t\t<\/a>\n\t\t<div id=\"accordion-1326876013-content\" class=\"accordion-inner\" aria-labelledby=\"accordion-1326876013-label\">\n\t\t\t\n\n<p>Puede encontrar informaci\u00f3n sobre los plazos de entrega estimados aqu\u00ed:<\/p>\n<p><a href=\"https:\/\/antcube.shop\/delivery-times\/\">Plazos de entrega<\/a><\/p>\n<p>Si desea conocer los gastos de env\u00edo estimados y las restricciones de entrega, consulte aqu\u00ed:<\/p>\n<p><a href=\"https:\/\/antcube.shop\/shipping-costs-delivery-restrictions\/\">Gastos de env\u00edo\/restricciones de entrega<\/a><\/p>\n\n\t\t<\/div>\n\t<\/div>\n\t\n\t<div id=\"accordion-3746429008\" class=\"accordion-item\">\n\t\t<a id=\"accordion-3746429008-label\" class=\"accordion-title plain\" href=\"#accordion-item-you-have-questions-about-returns-or-refunds?\" aria-expanded=\"false\" aria-controls=\"accordion-3746429008-content\">\n\t\t\t<button class=\"toggle\" aria-label=\"Toggle\"><i class=\"icon-angle-down\" aria-hidden=\"true\"><\/i><\/button>\n\t\t\t<span>\u00bfTiene preguntas sobre devoluciones o reembolsos?<\/span>\n\t\t<\/a>\n\t\t<div id=\"accordion-3746429008-content\" class=\"accordion-inner\" aria-labelledby=\"accordion-3746429008-label\">\n\t\t\t\n\n<p><a href=\"https:\/\/antcube.shop\/refund-policy\/\">Pol\u00edtica de reembolso<\/a><\/p>\n<p><a href=\"https:\/\/antcube.shop\/terms-and-conditions\/\">T\u00e9rminos y condiciones<\/a><\/p>\n\n\t\t<\/div>\n\t<\/div>\n\t\n\t<div id=\"accordion-1920361417\" class=\"accordion-item\">\n\t\t<a id=\"accordion-1920361417-label\" class=\"accordion-title plain\" href=\"#accordion-item-which-payment-methods-are-accepted-in-the-online-shop?\" aria-expanded=\"false\" aria-controls=\"accordion-1920361417-content\">\n\t\t\t<button class=\"toggle\" aria-label=\"Toggle\"><i class=\"icon-angle-down\" aria-hidden=\"true\"><\/i><\/button>\n\t\t\t<span>\u00bfQu\u00e9 m\u00e9todos de pago se aceptan en la tienda online?<\/span>\n\t\t<\/a>\n\t\t<div id=\"accordion-1920361417-content\" class=\"accordion-inner\" aria-labelledby=\"accordion-1920361417-label\">\n\t\t\t\n\n<p>Aqu\u00ed encontrar\u00e1 un resumen de nuestros m\u00e9todos de pago aceptados:<\/p>\n<p><a href=\"https:\/\/antcube.shop\/payment-methods\/\">M\u00e9todos de pago<\/a><\/p>\n\n\t\t<\/div>\n\t<\/div>\n\t\n\t<div id=\"accordion-1385958033\" class=\"accordion-item\">\n\t\t<a id=\"accordion-1385958033-label\" class=\"accordion-title plain\" href=\"#accordion-item-you-are-looking-for-user-manuals-for-your-starter-set?\" aria-expanded=\"false\" aria-controls=\"accordion-1385958033-content\">\n\t\t\t<button class=\"toggle\" aria-label=\"Toggle\"><i class=\"icon-angle-down\" aria-hidden=\"true\"><\/i><\/button>\n\t\t\t<span>\u00bfBusca manuales de usuario para su equipo de iniciaci\u00f3n?<\/span>\n\t\t<\/a>\n\t\t<div id=\"accordion-1385958033-content\" class=\"accordion-inner\" aria-labelledby=\"accordion-1385958033-label\">\n\t\t\t\n\n<p>Encuentre aqu\u00ed manuales de usuario en PDF para imprimir o descargar:<\/p>\n<p><a href=\"https:\/\/antcube.shop\/download\/\">Descargar<\/a><\/p>\n\n\t\t<\/div>\n\t<\/div>\n\t\n\t<div id=\"accordion-2500279099\" class=\"accordion-item\">\n\t\t<a id=\"accordion-2500279099-label\" class=\"accordion-title plain\" href=\"#accordion-item-you-need-more-information-about-certain-ant-species-or-ant-keeping-in-general?\" aria-expanded=\"false\" aria-controls=\"accordion-2500279099-content\">\n\t\t\t<button class=\"toggle\" aria-label=\"Toggle\"><i class=\"icon-angle-down\" aria-hidden=\"true\"><\/i><\/button>\n\t\t\t<span>\u00bfNecesita m\u00e1s informaci\u00f3n sobre determinadas especies de hormigas o sobre la cr\u00eda de hormigas en general?<\/span>\n\t\t<\/a>\n\t\t<div id=\"accordion-2500279099-content\" class=\"accordion-inner\" aria-labelledby=\"accordion-2500279099-label\">\n\t\t\t\n\n<p>Encuentre aqu\u00ed las preguntas m\u00e1s frecuentes sobre las hormigas y su mantenimiento:<\/p>\n<p><a href=\"https:\/\/antcube.shop\/faq-ants\/\">Preguntas frecuentes sobre las hormigas<\/a><\/p>\n<p><a href=\"https:\/\/antcube.shop\/catching-queen-ants\/\">C\u00f3mo atrapar a la hormiga reina<\/a><\/p>\n<p><a href=\"https:\/\/antcube.shop\/ant-species\/\">M\u00e1s informaci\u00f3n sobre las hormigas<\/a><\/p>\n<p><a href=\"https:\/\/antcube.shop\/social-media\/\">Consulte nuestros canales de YouTube, donde encontrar\u00e1 consejos e informaci\u00f3n \u00fatiles.<\/a><\/p>\n\n\t\t<\/div>\n\t<\/div>\n\t\n\t<div id=\"accordion-1191906801\" class=\"accordion-item\">\n\t\t<a id=\"accordion-1191906801-label\" class=\"accordion-title plain\" href=\"#accordion-item-you-have-questions-about-our-products?\" aria-expanded=\"false\" aria-controls=\"accordion-1191906801-content\">\n\t\t\t<button class=\"toggle\" aria-label=\"Toggle\"><i class=\"icon-angle-down\" aria-hidden=\"true\"><\/i><\/button>\n\t\t\t<span>\u00bfTiene preguntas sobre nuestros productos?<\/span>\n\t\t<\/a>\n\t\t<div id=\"accordion-1191906801-content\" class=\"accordion-inner\" aria-labelledby=\"accordion-1191906801-label\">\n\t\t\t\n\n<p>Si tiene preguntas sobre nuestros productos, consulte primero la descripci\u00f3n del producto correspondiente en nuestra tienda.<\/p>\n<p>Si no, puede encontrar m\u00e1s informaci\u00f3n aqu\u00ed:<\/p>\n<p><a href=\"https:\/\/antcube.shop\/product-information\/\">Informaci\u00f3n sobre el producto<\/a><\/p>\n\n\t\t<\/div>\n\t<\/div>\n\t\n\n<\/div>\n\t<div id=\"gap-1525898929\" class=\"gap-element clearfix\" style=\"display:block; height:auto;\">\n\t\t\n<style>\n#gap-1525898929 {\n  padding-top: 60px;\n}\n<\/style>\n\t<\/div>\n\t\n\n\t<div class=\"img has-hover x md-x lg-x y md-y lg-y\" id=\"image_284738798\">\n\t\t\t\t\t\t\t\t<div class=\"img-inner dark\" >\n\t\t\t<img data-recalc-dims=\"1\" loading=\"lazy\" decoding=\"async\" width=\"900\" height=\"900\" src=\"https:\/\/i0.wp.com\/antcube.shop\/wp-content\/uploads\/2021\/09\/Firmeneingang.jpg?resize=900%2C900&#038;ssl=1\" class=\"attachment-original size-original\" alt=\"Entrada ANTSTORE\" srcset=\"https:\/\/i0.wp.com\/antcube.shop\/wp-content\/uploads\/2021\/09\/Firmeneingang.jpg?w=900&amp;ssl=1 900w, https:\/\/i0.wp.com\/antcube.shop\/wp-content\/uploads\/2021\/09\/Firmeneingang.jpg?resize=247%2C247&amp;ssl=1 247w, https:\/\/i0.wp.com\/antcube.shop\/wp-content\/uploads\/2021\/09\/Firmeneingang.jpg?resize=100%2C100&amp;ssl=1 100w, https:\/\/i0.wp.com\/antcube.shop\/wp-content\/uploads\/2021\/09\/Firmeneingang.jpg?resize=510%2C510&amp;ssl=1 510w, https:\/\/i0.wp.com\/antcube.shop\/wp-content\/uploads\/2021\/09\/Firmeneingang.jpg?resize=400%2C400&amp;ssl=1 400w, https:\/\/i0.wp.com\/antcube.shop\/wp-content\/uploads\/2021\/09\/Firmeneingang.jpg?resize=800%2C800&amp;ssl=1 800w, https:\/\/i0.wp.com\/antcube.shop\/wp-content\/uploads\/2021\/09\/Firmeneingang.jpg?resize=280%2C280&amp;ssl=1 280w, https:\/\/i0.wp.com\/antcube.shop\/wp-content\/uploads\/2021\/09\/Firmeneingang.jpg?resize=768%2C768&amp;ssl=1 768w\" sizes=\"auto, (max-width: 900px) 100vw, 900px\" \/>\t\t\t\t\t\t\n\t\t\t\t\t<\/div>\n\t\t\t\t\t\t\t\t\n<style>\n#image_284738798 {\n  width: 100%;\n}\n<\/style>\n\t<\/div>\n\t\n\n\n\t\t<\/div>\n\t\t\t\t\t<\/div>\n\n\t\n\n\t<div id=\"col-1333309001\" class=\"col medium-6 large-6\"  >\n\t\t\t\t<div class=\"col-inner\"  >\n\t\t\t\n\t\t\t\n\n<div class=\"container section-title-container\" ><h3 class=\"section-title section-title-normal\"><b aria-hidden=\"true\"><\/b><span class=\"section-title-main\" >Contacto con nosotros<\/span><b aria-hidden=\"true\"><\/b><\/h3><\/div>\n\n<ul>\n<li><strong>Correo electr\u00f3nico<\/strong>: contact@antcube.de<\/li>\n<li><strong>Tel\u00e9fono<\/strong>: <a href=\"tel:+49 30 439703870\">+49 30 439703870<\/a><\/li>\n<\/ul>\n<p><strong>Horario de trabajo <\/strong>(UTC\/GMT +1):<\/p>\n<ul>\n<li>De martes a viernes de 10:00 a 12:00 y de 13:00 a 18:00<\/li>\n<\/ul>\n<div class=\"container section-title-container\" ><h3 class=\"section-title section-title-normal\"><b aria-hidden=\"true\"><\/b><span class=\"section-title-main\" >Visite nuestra tienda<\/span><b aria-hidden=\"true\"><\/b><\/h3><\/div>\n\n<p><strong>Direcci\u00f3n:<\/strong><\/p>\n<ul>\n<li>Calle: Selerweg 41<\/li>\n<li>C\u00f3digo postal: D - 12169<\/li>\n<li>Ciudad: Berl\u00edn<\/li>\n<li>Pa\u00eds: Alemania<\/li>\n<li>Distrito: Steglitz-Zehlendorf<\/li>\n<\/ul>\n<p><strong>Horarios de apertura<\/strong> (UTC\/GMT +1)<\/p>\n<ul>\n<li>De martes a viernes 13:00 - 18:00<\/li>\n<\/ul>\n<p><iframe loading=\"lazy\" style=\"border: 0;\" src=\"https:\/\/www.google.com\/maps\/embed?pb=!1m18!1m12!1m3!1d2431.3708399886823!2d13.335121715997175!3d52.454311048847416!2m3!1f0!2f0!3f0!3m2!1i1024!2i768!4f13.1!3m3!1m2!1s0x47a85a9242e5bc07%3A0xc44ee1d5a0728440!2sANTSTORE!5e0!3m2!1sde!2sde!4v1632470583913!5m2!1sde!2sde\" width=\"600\" height=\"450\" allowfullscreen=\"allowfullscreen\"><\/iframe><\/p>\n\n\t\t<\/div>\n\t\t\t\t\t<\/div>\n\n\t\n\n<\/div>","protected":false},"excerpt":{"rendered":"","protected":false},"author":1,"featured_media":27,"parent":0,"menu_order":0,"comment_status":"closed","ping_status":"closed","template":"page-blank.php","meta":{"_acf_changed":false,"content-type":"","_monsterinsights_skip_tracking":false,"_monsterinsights_sitenote_active":false,"_monsterinsights_sitenote_note":"","_monsterinsights_sitenote_category":0,"footnotes":""},"class_list":["post-102","page","type-page","status-publish","has-post-thumbnail","hentry"],"acf":[],"aioseo_notices":[],"jetpack_sharing_enabled":true,"_links":{"self":[{"href":"https:\/\/antcube.shop\/es\/wp-json\/wp\/v2\/pages\/102","targetHints":{"allow":["GET"]}}],"collection":[{"href":"https:\/\/antcube.shop\/es\/wp-json\/wp\/v2\/pages"}],"about":[{"href":"https:\/\/antcube.shop\/es\/wp-json\/wp\/v2\/types\/page"}],"author":[{"embeddable":true,"href":"https:\/\/antcube.shop\/es\/wp-json\/wp\/v2\/users\/1"}],"replies":[{"embeddable":true,"href":"https:\/\/antcube.shop\/es\/wp-json\/wp\/v2\/comments?post=102"}],"version-history":[{"count":10,"href":"https:\/\/antcube.shop\/es\/wp-json\/wp\/v2\/pages\/102\/revisions"}],"predecessor-version":[{"id":11083,"href":"https:\/\/antcube.shop\/es\/wp-json\/wp\/v2\/pages\/102\/revisions\/11083"}],"wp:featuredmedia":[{"embeddable":true,"href":"https:\/\/antcube.shop\/es\/wp-json\/wp\/v2\/media\/27"}],"wp:attachment":[{"href":"https:\/\/antcube.shop\/es\/wp-json\/wp\/v2\/media?parent=102"}],"curies":[{"name":"wp","href":"https:\/\/api.w.org\/{rel}","templated":true}]}}