{"id":9884,"date":"2024-10-08T15:18:28","date_gmt":"2024-10-08T13:18:28","guid":{"rendered":"https:\/\/antcube.shop\/en\/product\/abdeckung-hybrid-60x30\/"},"modified":"2026-04-14T10:19:10","modified_gmt":"2026-04-14T08:19:10","slug":"hybridabdeckung-60x30","status":"publish","type":"product","link":"https:\/\/antcube.shop\/de\/produkt\/hybridabdeckung-60x30\/","title":{"rendered":"Hybridabdeckung 60\u00d730"},"content":{"rendered":"<p>Ameisen- und Drosophila-sicheres Glas + Abdeckung aus Edelstahlgewebe. Selbst die kleinsten Arten k\u00f6nnen das feine Edelstahlnetz nicht durchdringen und selbst Blattschneiderameisen k\u00f6nnen es nicht durchschneiden.<\/p>\n<p><strong>Abmessungen (LxBxH):<\/strong> 60x30x0,4 cm<br \/>\n<strong>Verbindungen:<\/strong> 3x 50mm Loch<br \/>\n11,7x 47,5 cm L\u00fcftungsfl\u00e4che<\/p>\n<p><strong>Material:<\/strong> Floatglas, Gitter aus rostfreiem Stahl<\/p>\n<p><strong>Farbe:<\/strong> kristallklar \/ transparent<\/p>\n<p><strong>Inhalt:<\/strong><br \/>\n1x Abdeckung Hybrid 60\u00d730<br \/>\n1x Befestigungspunkte \u00e0 4 Stk.<\/p>\n<p><strong>Beschreibung:<\/strong><br \/>\nGlasabdeckung f\u00fcr die Ameisenarena als Fluchtschutz<\/p>\n<p><strong>Anwendung:<\/strong><br \/>\nDie gl\u00e4serne Ameisenarena-Abdeckung wird auf eine Ameisenarena aufgesetzt und dient auch der Klimaregulierung.<br \/>\nIn die 50-mm-\u00d6ffnungen k\u00f6nnen verschiedene Module zur Klimatisierung eingesetzt werden, z.B. L\u00fcftungsgitter, Beleuchtung oder Befeuchtung.<br \/>\nUm zu verhindern, dass die Ameisen durch die \u00d6ffnungen entkommen, sollte auf der Unterseite um die L\u00f6cher herum ein Fluchtschutz (\u00d6l, Pulver oder Lack) aufgetragen werden.<\/p>\n<p><strong>Anmerkung:<\/strong><br \/>\nDa der Gegenstand aus Glas besteht und daher zerbrechlich ist, sollte er mit gro\u00dfer Sorgfalt behandelt werden.<\/p>","protected":false},"excerpt":{"rendered":"<p>Ameisen- und Drosophila-sicheres Glas + Abdeckung aus Edelstahlgewebe. Selbst die kleinsten Arten kommen nicht durch das feine Edelstahlnetz und selbst Blattschneiderameisen k\u00f6nnen es nicht durchschneiden. Abmessungen (LxBxH): 30x30x0,4 cm Anschl\u00fcsse: 2x 50mm Loch 11,7 x 17,5 cm L\u00fcftungsfl\u00e4che Material: Floatglas, Edelstahlgitter Farbe: glasklar \/ transparent","protected":false},"featured_media":9891,"comment_status":"open","ping_status":"closed","template":"","meta":{"_acf_changed":false,"content-type":"","_monsterinsights_skip_tracking":false,"_monsterinsights_sitenote_active":false,"_monsterinsights_sitenote_note":"","_monsterinsights_sitenote_category":0},"product_brand":[484],"product_cat":[257,91,92],"product_tag":[],"class_list":{"0":"post-9884","1":"product","2":"type-product","3":"status-publish","4":"has-post-thumbnail","6":"product_brand-antcube","7":"product_cat-new-innovatve-products","8":"product_cat-formicarium-modules","9":"product_cat-arena-cover","11":"first","12":"instock","13":"taxable","14":"shipping-taxable","15":"purchasable","16":"product-type-simple"},"acf":[],"aioseo_notices":[],"jetpack_sharing_enabled":true,"_links":{"self":[{"href":"https:\/\/antcube.shop\/de\/wp-json\/wp\/v2\/product\/9884","targetHints":{"allow":["GET"]}}],"collection":[{"href":"https:\/\/antcube.shop\/de\/wp-json\/wp\/v2\/product"}],"about":[{"href":"https:\/\/antcube.shop\/de\/wp-json\/wp\/v2\/types\/product"}],"replies":[{"embeddable":true,"href":"https:\/\/antcube.shop\/de\/wp-json\/wp\/v2\/comments?post=9884"}],"wp:featuredmedia":[{"embeddable":true,"href":"https:\/\/antcube.shop\/de\/wp-json\/wp\/v2\/media\/9891"}],"wp:attachment":[{"href":"https:\/\/antcube.shop\/de\/wp-json\/wp\/v2\/media?parent=9884"}],"wp:term":[{"taxonomy":"product_brand","embeddable":true,"href":"https:\/\/antcube.shop\/de\/wp-json\/wp\/v2\/product_brand?post=9884"},{"taxonomy":"product_cat","embeddable":true,"href":"https:\/\/antcube.shop\/de\/wp-json\/wp\/v2\/product_cat?post=9884"},{"taxonomy":"product_tag","embeddable":true,"href":"https:\/\/antcube.shop\/de\/wp-json\/wp\/v2\/product_tag?post=9884"}],"curies":[{"name":"wp","href":"https:\/\/api.w.org\/{rel}","templated":true}]}}