{"id":9882,"date":"2024-10-08T15:17:26","date_gmt":"2024-10-08T13:17:26","guid":{"rendered":"https:\/\/antcube.shop\/en\/product\/abdeckung-edelstahlgitter-60x30\/"},"modified":"2026-02-16T10:00:29","modified_gmt":"2026-02-16T09:00:29","slug":"gitterabdeckung-aus-edelstahl-60x30","status":"publish","type":"product","link":"https:\/\/antcube.shop\/de\/produkt\/gitterabdeckung-aus-edelstahl-60x30\/","title":{"rendered":"Gitterabdeckung aus Edelstahl 60\u00d730"},"content":{"rendered":"<p>Ameisen- und Drosophila-sicheres Glas + Abdeckung aus Edelstahlgewebe. Selbst die kleinsten Arten k\u00f6nnen das feine Edelstahlnetz nicht durchdringen und selbst Blattschneiderameisen k\u00f6nnen es nicht durchschneiden.<\/p>\n<p><strong>Abmessungen (LxBxH):<\/strong> 60x30x0,4 cm<br \/>\n17,5\u00d747,5 cm L\u00fcftungsfl\u00e4che<\/p>\n<p><strong>Material:<\/strong> Floatglas, Edelstahlgitter<\/p>\n<p><strong>Farbe:<\/strong> kristallklar \/ transparent<\/p>\n<p><strong>Inhalt:<\/strong><br \/>\n1x Abdeckung Edelstahl-Gitter 60\u00d730<br \/>\n1x Befestigungspunkte \u00e0 4 Stk.<\/p>\n<p><strong>Beschreibung:<\/strong><br \/>\nGlasabdeckung f\u00fcr die Ameisenarena als Fluchtschutz.<\/p>\n<p><strong>Anwendung:<\/strong><br \/>\nDie Ameisenarena-Abdeckung wird auf eine Ameisenarena gelegt und dient auch der Klimaregulierung.<\/p>\n<p><strong>Anmerkung:<\/strong><br \/>\nDa der Gegenstand aus Glas besteht und daher zerbrechlich ist, sollte er sehr vorsichtig behandelt werden.<\/p>","protected":false},"excerpt":{"rendered":"<p>Ameisen- und Drosophila-sicheres Glas + Abdeckung aus Edelstahlgewebe. Selbst die kleinsten Arten k\u00f6nnen nicht durch das feine Edelstahlgitter gelangen und selbst Blattschneiderameisen k\u00f6nnen es nicht durchschneiden. Abmessungen (LxBxH): 60x30x0,4 cm 17,5x47,5 cm L\u00fcftungsfl\u00e4che Material: Floatglas, Edelstahlgitter Farbe: glasklar \/ transparent Inhalt: 1x Abdeckung Edelstahl-Gitter","protected":false},"featured_media":9888,"comment_status":"open","ping_status":"closed","template":"","meta":{"_acf_changed":false,"content-type":"","_monsterinsights_skip_tracking":false,"_monsterinsights_sitenote_active":false,"_monsterinsights_sitenote_note":"","_monsterinsights_sitenote_category":0},"product_brand":[484],"product_cat":[257,91,92],"product_tag":[],"class_list":{"0":"post-9882","1":"product","2":"type-product","3":"status-publish","4":"has-post-thumbnail","6":"product_brand-antcube","7":"product_cat-new-innovatve-products","8":"product_cat-formicarium-modules","9":"product_cat-arena-cover","11":"first","12":"instock","13":"taxable","14":"shipping-taxable","15":"purchasable","16":"product-type-simple"},"acf":[],"aioseo_notices":[],"jetpack_sharing_enabled":true,"_links":{"self":[{"href":"https:\/\/antcube.shop\/de\/wp-json\/wp\/v2\/product\/9882","targetHints":{"allow":["GET"]}}],"collection":[{"href":"https:\/\/antcube.shop\/de\/wp-json\/wp\/v2\/product"}],"about":[{"href":"https:\/\/antcube.shop\/de\/wp-json\/wp\/v2\/types\/product"}],"replies":[{"embeddable":true,"href":"https:\/\/antcube.shop\/de\/wp-json\/wp\/v2\/comments?post=9882"}],"wp:featuredmedia":[{"embeddable":true,"href":"https:\/\/antcube.shop\/de\/wp-json\/wp\/v2\/media\/9888"}],"wp:attachment":[{"href":"https:\/\/antcube.shop\/de\/wp-json\/wp\/v2\/media?parent=9882"}],"wp:term":[{"taxonomy":"product_brand","embeddable":true,"href":"https:\/\/antcube.shop\/de\/wp-json\/wp\/v2\/product_brand?post=9882"},{"taxonomy":"product_cat","embeddable":true,"href":"https:\/\/antcube.shop\/de\/wp-json\/wp\/v2\/product_cat?post=9882"},{"taxonomy":"product_tag","embeddable":true,"href":"https:\/\/antcube.shop\/de\/wp-json\/wp\/v2\/product_tag?post=9882"}],"curies":[{"name":"wp","href":"https:\/\/api.w.org\/{rel}","templated":true}]}}