{"id":9880,"date":"2024-10-08T15:15:23","date_gmt":"2024-10-08T13:15:23","guid":{"rendered":"https:\/\/antcube.shop\/en\/product\/plantcube-vivarium-mini-nano-biologicum-tropical-domus\/"},"modified":"2026-04-03T21:16:10","modified_gmt":"2026-04-03T19:16:10","slug":"plantcube-vivarium-biom-bundel","status":"publish","type":"product","link":"https:\/\/antcube.shop\/de\/produkt\/plantcube-vivarium-biom-bundel\/","title":{"rendered":"PLANTCUBE - Vivarium 20x20x20 Biom Bundle"},"content":{"rendered":"<h1><strong>HOLEN SIE SICH EIN ST\u00dcCK NATUR F\u00dcR IHR ZUHAUSE<\/strong><\/h1>\n<p><strong>Inhalt:<\/strong><br \/>\n1x PLANTCUBE Vivarium 20x20x20 Biom<br \/>\n1x Abdeckung 20\u00d720 (2x Loch 50mm)<br \/>\n1x Block 20\u00d720<br \/>\n2x Grid insert acrylic &#8211; 50 mm with sealing ring<br \/>\n2x Grid insert acrylic &#8211; 27 mm with sealing ring<br \/>\n2x D\u00fcbel f\u00fcr 10mm Loch<br \/>\n1x Befestigungspads f\u00fcr Deckel (4 St\u00fcck)<\/p>\n<p>Glasbeh\u00e4lter W\u00fcrfel 20x20x20 cm mit 2x Seite 27mm Loch und 2x Seite 10mm Loch<br \/>\nDas 27-mm-Loch (Mittelpunkt) befindet sich auf 8,5 cm H\u00f6he.<\/p>\n<p><strong>Abmessungen:<\/strong> 200 x 200 x 200 mm; 4 mm Glasdicke<\/p>\n<p><strong>Material:<\/strong> Floatglas<\/p>\n<p><strong>Seitliche \u00d6ffnungen:<\/strong><br \/>\n2x Loch 27 mm<br \/>\n2x Loch 10 mm<\/p>\n<p>Mit unseren PLANTCUBE Vivarien k\u00f6nnen Sie Ihr eigenes lebendes Kunstwerk f\u00fcr Ihr Wohnzimmer gestalten. Sie k\u00f6nnen auch kleine Tiere in einem PLANTCUBE halten, so dass Ihrer Kreativit\u00e4t keine Grenzen gesetzt sind.<\/p>\n<h2><strong>Passen Sie Ihren PLANTCUBE an Ihre eigenen Bed\u00fcrfnisse oder die Ihrer Pflanzen und Tiere an:<\/strong><\/h2>\n<p>Die beiden 10mm L\u00f6cher an der Seite, die sich in 2cm H\u00f6he (Mitte) vom Boden befinden, sind f\u00fcr das Ablassen von \u00fcbersch\u00fcssigem Wasser. Sie k\u00f6nnen zum Beispiel unseren transparenten Schlauch 10\/06 mm verwenden, um das Wasser abzulassen. Die beiden 50-mm-L\u00f6cher k\u00f6nnen entweder mit den mitgelieferten Stopfen verschlossen werden oder dienen bei Ausstattung mit Gittereins\u00e4tzen als zus\u00e4tzliche Bel\u00fcftung. Sie k\u00f6nnen hier sogar zwei Aufbauten \u00fcber ein Acrylrohr miteinander verbinden. So k\u00f6nnen die Tiere, die Sie in Ihrem Vivarium halten, frei von einer Einrichtung zur anderen wandern.<\/p>\n<p>Mit unseren passenden Rahmen, Gittereins\u00e4tzen oder Stopfen, Lampen und Klimager\u00e4ten kann die Abdeckung des Vivariums flexibel angepasst werden. Unsere Abdeckungen k\u00f6nnen \u00fcber die beiden 50mm-L\u00f6cher mit Stopfen oder Gittereins\u00e4tzen ausgestattet werden, um die gew\u00fcnschte Luftfeuchtigkeit oder eine st\u00e4rkere Bel\u00fcftung zu erreichen. Dar\u00fcber hinaus k\u00f6nnen Lampenfassungen, Ventilatoren oder Nebelger\u00e4te auch direkt in die 50mm-L\u00f6cher eingesteckt werden.<\/p>\n<p>Unsere Rahmen werden nur bei der Haltung von Ameisen ben\u00f6tigt. Sie sichern das Vivarium zus\u00e4tzlich (bei Beschichtung mit einem Ausbruchsicherungsmittel), um das Entweichen der Tiere zu verhindern und vereinfachen vor allem die Pflege im offenen Vivarium. Au\u00dferdem kann bei Verwendung eines Rahmens die Abdeckung auf Wunsch abgenommen werden.<\/p>\n<h2><strong>Wie Sie Ihren PLANTCUBE in ein bioaktives \u00d6kosystem verwandeln?<\/strong><\/h2>\n<h3><strong>Erstellen Sie eine Drainageschicht:<\/strong><\/h3>\n<p>Um Ihre Pflanzen zu unterst\u00fctzen, sollten Sie zuerst eine Drainageschicht in Ihrem Vivarium aufbauen. Wir empfehlen Ihnen, 2-3 cm Tongranulat (4-8 mm) zu verwenden, da dieses leicht ist. Achten Sie darauf, sie vor dem Einsetzen unter flie\u00dfendem Wasser zu waschen, um sie von Staub zu befreien.<\/p>\n<p>Sie k\u00f6nnen ein Drainagevlies auf das Tongranulat legen, um die Drainage vom Substrat zu trennen.<\/p>\n<h3><strong>Welche Pflanzen und welche Erde zu verwenden sind:<\/strong><\/h3>\n<p>Das h\u00e4ngt alles von der Art des \"\u00d6kosystems\" ab, das Sie schaffen wollen. Wenn Sie ein W\u00fcsten- oder eher trockenes Vivarium einrichten wollen, brauchen Sie Pflanzen, die in diesem Klima gedeihen, und den entsprechenden Boden, in dem sie gerne wachsen. F\u00fcr tropische Vivarien gilt nat\u00fcrlich das Gleiche. Versuchen Sie, Pflanzen aus \u00e4hnlichen Regionen und\/oder Klimazonen zu verwenden, damit sie alle in der gleichen Art von Boden und Klima gut gedeihen. Ein gutes Pflanzengesch\u00e4ft sollte immer Informationen \u00fcber das passende Klima und den passenden Boden f\u00fcr die Pflanzen haben, die es verkauft.<\/p>\n<p><strong>Das ist wichtig:<\/strong> Wenn Sie Pflanzen und Tiere zusammen halten wollen, sollten Sie niemals Pflanzen verwenden, von denen Sie nicht wissen, ob sie mit D\u00fcngemitteln oder Pestiziden in Kontakt gekommen sind. Verwenden Sie nur Pflanzen aus Terrariengesch\u00e4ften oder \u00e4hnlichem, die garantiert frei von Pestiziden und D\u00fcngemitteln sind. Diese k\u00f6nnen sonst zum Tod Ihrer Tiere f\u00fchren.<\/p>\n<h3><strong>F\u00fchren Sie eine \"Clean up crew\" ein, um Ihr Vivarium bioaktiv zu machen<\/strong><\/h3>\n<p><strong>Was ist bioaktiv?<\/strong> Was ist bioaktiv? Dies kommt einer selbstversorgenden Einrichtung am n\u00e4chsten. Es geht darum, eine geeignete Bodenmischung und organisches Material hinzuzuf\u00fcgen, damit sich eine Mikroflora bilden kann, sowie die notwendige Mikrofauna, um einen N\u00e4hrstoffkreislauf in Ihrem Vivarium zu schaffen.<\/p>\n<p><strong>Unser Tipp:<\/strong> Unser Tipp: F\u00fcgen Sie immer kleine Lebewesen wie Springschw\u00e4nze und Asseln hinzu. Diese sind nicht nur selbst eine gute \"unendliche\" Nahrungsquelle, wenn Sie andere Tiere in Ihrem Vivarium halten wollen. Sie ern\u00e4hren sich vor allem von Schimmelpilzen, die sich aufgrund der hohen Luftfeuchtigkeit bilden k\u00f6nnen, und reichern den Boden mit N\u00e4hrstoffen an, die wiederum ein gesundes Wachstum der Pflanzen erm\u00f6glichen.<\/p>\n<p>F\u00fcgen Sie Ihrem Boden etwas Holzkohle hinzu, die die Besiedlung durch Mikroben f\u00f6rdert. Moos und Korkrinde oder wei\u00dfes, verrottetes Holz sowie Laubstreu sehen nicht nur nat\u00fcrlich aus, sie bieten auch Nahrung f\u00fcr Ihre \"Putzkolonne\", Versteck- und Brutm\u00f6glichkeiten f\u00fcr sie und lassen sich leicht in N\u00e4hrstoffe f\u00fcr Ihre Pflanzen umwandeln.<\/p>\n<p><strong>In der Natur dreht sich alles um das Gleichgewicht<\/strong><br \/>\nEs ist jedoch nicht ratsam, bestimmte Isopodenarten zu verwenden, ohne etwas hinzuzuf\u00fcgen, das sie jagt, da eine Isopodenpopulation ohne Fressfeinde wie z. B. Ameisen gerne aus dem Ruder l\u00e4uft und die Pflanzen in Ihrem Vivarium dann schnell zu einer unerw\u00fcnschten Nahrungsquelle werden. In der Natur dreht sich alles um das Gleichgewicht.<\/p>\n<p><strong>Weitere Informationen:<\/strong><br \/>\nDas Glas ist nach DIN 1249 mit einer Toleranz von +\/- 1mm geschliffen. F\u00fcr extrem kleine Ameisenarten ist ein zus\u00e4tzlicher Ausbruchsschutz erforderlich.<\/p>\n<div class=\"row\"  id=\"row-2142908375\">\n\n\t<div id=\"col-2015802131\" class=\"col small-12 large-12\"  >\n\t\t\t\t<div class=\"col-inner\"  >\n\t\t\t\n\t\t\t\n\t<div id=\"text-978427469\" class=\"text\">\n\t\t\n<h2>Nachstehend finden Sie einige Gesch\u00e4fte, die wir empfehlen k\u00f6nnen, sowie weitere Informationen dar\u00fcber, wie Sie einen einzigartigen und bioaktiven PLANTCUBE herstellen k\u00f6nnen:<\/h2>\n\t\t\n<style>\n#text-978427469 {\n  font-size: 1rem;\n  text-align: center;\n}\n<\/style>\n\t<\/div>\n\t\n\t<div id=\"gap-464808206\" class=\"gap-element clearfix\" style=\"display:block; height:auto;\">\n\t\t\n<style>\n#gap-464808206 {\n  padding-top: 40px;\n}\n<\/style>\n\t<\/div>\n\t\n\t\t<\/div>\n\t\t\t\t\n<style>\n#col-2015802131 > .col-inner {\n  padding: 30px 0px 0px 0px;\n}\n<\/style>\n\t<\/div>\n\n\t\n\n\t<div id=\"col-46507948\" class=\"col medium-6 small-12 large-6\"  >\n\t\t\t\t<div class=\"col-inner\"  >\n\t\t\t\n\t\t\t\n\n\t<section class=\"section\" id=\"section_1437373717\">\n\t\t<div class=\"section-bg fill\" >\n\t\t\t<img data-recalc-dims=\"1\" loading=\"lazy\" decoding=\"async\" width=\"1020\" height=\"574\" src=\"https:\/\/i0.wp.com\/antcube.shop\/wp-content\/uploads\/2024\/10\/2560x1440_youtube-Banner-2.png?resize=1020%2C574&#038;ssl=1\" class=\"bg attachment- size-\" alt=\"\" \/>\t\t\t\t\t\t\n\t\t\t\n\n\t\t<\/div>\n\n\t\t\n\n\t\t<div class=\"section-content relative\">\n\t\t\t\n<div class=\"row align-center\"  id=\"row-1347071082\">\n\n\t<div id=\"col-1969217674\" class=\"col medium-10 small-12 large-10\"  >\n\t\t\t\t<div class=\"col-inner text-center\"  >\n\t\t\t\n\t\t\t\n<h2 class=\"uppercase\">Schritt-f\u00fcr-Schritt-Anleitung in unserem Blog<\/h2>\n<a href=\"https:\/\/antcube.shop\/en\/2024\/10\/22\/how-to-create-your-bioactive-vivarium\/\" class=\"button primary\" >\n\t\t<span>BLOG<\/span>\n\t<\/a>\n\n\t\t<\/div>\n\t\t\t\t\n<style>\n#col-1969217674 > .col-inner {\n  margin: -150px 0px 0px 0px;\n}\n@media (min-width:550px) {\n  #col-1969217674 > .col-inner {\n    margin: -200px 0px 0px 0px;\n  }\n}\n<\/style>\n\t<\/div>\n\n\t\n<\/div>\n\t\t<\/div>\n\n\t\t\n<style>\n#section_1437373717 {\n  padding-top: 60px;\n  padding-bottom: 60px;\n  min-height: 300px;\n  background-color: rgb(255,255,255);\n}\n#section_1437373717 .section-bg img {\n  object-position: 50% 0%;\n}\n<\/style>\n\t<\/section>\n\t\n\t\t<\/div>\n\t\t\t\t\t<\/div>\n\n\t\n\n\t<div id=\"col-1028288515\" class=\"col medium-6 small-12 large-6\"  >\n\t\t\t\t<div class=\"col-inner\"  >\n\t\t\t\n\t\t\t\n\n\t<section class=\"section\" id=\"section_37082871\">\n\t\t<div class=\"section-bg fill\" >\n\t\t\t<img data-recalc-dims=\"1\" loading=\"lazy\" decoding=\"async\" width=\"1020\" height=\"680\" src=\"https:\/\/i0.wp.com\/antcube.shop\/wp-content\/uploads\/2024\/10\/Collage_FULL-HD_-2-scaled.jpg?resize=1020%2C680&#038;ssl=1\" class=\"bg attachment-original size-original\" alt=\"\" \/>\t\t\t\t\t\t\n\t\t\t\n\n\t\t<\/div>\n\n\t\t\n\n\t\t<div class=\"section-content relative\">\n\t\t\t\n<div class=\"row align-center\"  id=\"row-1428886500\">\n\n\t<div id=\"col-1943747421\" class=\"col medium-10 small-12 large-10\"  >\n\t\t\t\t<div class=\"col-inner text-center\"  >\n\t\t\t\n\t\t\t\n<h2 class=\"uppercase\">Weitere Informationen \u00fcber plantcube<\/h2>\n<a href=\"https:\/\/antcube.shop\/en\/plantcube\/\" class=\"button primary\" >\n\t\t<span>Pflanzenw\u00fcrfel<\/span>\n\t<\/a>\n\n\t\t<\/div>\n\t\t\t\t\n<style>\n#col-1943747421 > .col-inner {\n  margin: -150px 0px 0px 0px;\n}\n@media (min-width:550px) {\n  #col-1943747421 > .col-inner {\n    margin: -200px 0px 0px 0px;\n  }\n}\n<\/style>\n\t<\/div>\n\n\t\n<\/div>\n\t\t<\/div>\n\n\t\t\n<style>\n#section_37082871 {\n  padding-top: 60px;\n  padding-bottom: 60px;\n  min-height: 300px;\n}\n#section_37082871 .section-bg img {\n  object-position: 51% 0%;\n}\n<\/style>\n\t<\/section>\n\t\n\t\t<\/div>\n\t\t\t\t\t<\/div>\n\n\t\n<\/div>","protected":false},"excerpt":{"rendered":"<p>Dieses B\u00fcndel besteht aus 12 Teilen<\/p>","protected":false},"featured_media":9924,"comment_status":"open","ping_status":"closed","template":"","meta":{"_acf_changed":false,"content-type":"","_monsterinsights_skip_tracking":false,"_monsterinsights_sitenote_active":false,"_monsterinsights_sitenote_note":"","_monsterinsights_sitenote_category":0},"product_brand":[483],"product_cat":[257,341],"product_tag":[],"class_list":{"0":"post-9880","1":"product","2":"type-product","3":"status-publish","4":"has-post-thumbnail","6":"product_brand-plantcube","7":"product_cat-new-innovatve-products","8":"product_cat-vivariums","10":"first","11":"instock","12":"taxable","13":"shipping-taxable","14":"purchasable","15":"product-type-simple"},"acf":[],"aioseo_notices":[],"jetpack_sharing_enabled":true,"_links":{"self":[{"href":"https:\/\/antcube.shop\/de\/wp-json\/wp\/v2\/product\/9880","targetHints":{"allow":["GET"]}}],"collection":[{"href":"https:\/\/antcube.shop\/de\/wp-json\/wp\/v2\/product"}],"about":[{"href":"https:\/\/antcube.shop\/de\/wp-json\/wp\/v2\/types\/product"}],"replies":[{"embeddable":true,"href":"https:\/\/antcube.shop\/de\/wp-json\/wp\/v2\/comments?post=9880"}],"wp:featuredmedia":[{"embeddable":true,"href":"https:\/\/antcube.shop\/de\/wp-json\/wp\/v2\/media\/9924"}],"wp:attachment":[{"href":"https:\/\/antcube.shop\/de\/wp-json\/wp\/v2\/media?parent=9880"}],"wp:term":[{"taxonomy":"product_brand","embeddable":true,"href":"https:\/\/antcube.shop\/de\/wp-json\/wp\/v2\/product_brand?post=9880"},{"taxonomy":"product_cat","embeddable":true,"href":"https:\/\/antcube.shop\/de\/wp-json\/wp\/v2\/product_cat?post=9880"},{"taxonomy":"product_tag","embeddable":true,"href":"https:\/\/antcube.shop\/de\/wp-json\/wp\/v2\/product_tag?post=9880"}],"curies":[{"name":"wp","href":"https:\/\/api.w.org\/{rel}","templated":true}]}}