{"id":9354,"date":"2024-09-17T16:30:08","date_gmt":"2024-09-17T14:30:08","guid":{"rendered":"https:\/\/antcube.shop\/en\/product\/tranke-cylinder-klein\/"},"modified":"2026-04-22T12:31:12","modified_gmt":"2026-04-22T10:31:12","slug":"tranke-zylinder-klein","status":"publish","type":"product","link":"https:\/\/antcube.shop\/de\/produkt\/tranke-zylinder-klein\/","title":{"rendered":"Tr\u00e4nketrog Zylinder klein"},"content":{"rendered":"<p><strong>Gr\u00f6\u00dfe:<\/strong> 25x16x18 mm, 2ml<\/p>\n<p><strong>Farbe:<\/strong> kristallklar<\/p>\n<p><strong>Material:<\/strong> PMMA<\/p>\n<p><strong>Beschreibung:<\/strong> So k\u00f6nnen sich die Ameisen in ihrem Formicarium mit ausreichend Feuchtigkeit versorgen. Die Oberfl\u00e4chenspannung des Wassers verhindert, dass die Tr\u00e4nke ausl\u00e4uft.<\/p>\n<p><strong>Vorsicht!<\/strong><br \/>\nBei kleinen Ameisenarten sollte zur Sicherheit ein Schwamm, ein Gitter oder feiner Sand vor den Ausgang der Tr\u00e4nke gelegt werden. Sonst k\u00f6nnen einzelne Arbeiterinnen in die Tr\u00e4nke gelangen. Ein 14-mm-Schwamm passt perfekt.<\/p>","protected":false},"excerpt":{"rendered":"<p><strong>Abmessungen:<\/strong> 25x16x18 mm, 2ml<\/p>","protected":false},"featured_media":9439,"comment_status":"open","ping_status":"closed","template":"","meta":{"_acf_changed":false,"content-type":"","_monsterinsights_skip_tracking":false,"_monsterinsights_sitenote_active":false,"_monsterinsights_sitenote_note":"","_monsterinsights_sitenote_category":0},"product_brand":[],"product_cat":[115,117],"product_tag":[],"class_list":{"0":"post-9354","1":"product","2":"type-product","3":"status-publish","4":"has-post-thumbnail","6":"product_cat-food-and-feeding","7":"product_cat-drinkers-for-ants","9":"first","10":"instock","11":"taxable","12":"shipping-taxable","13":"purchasable","14":"product-type-simple"},"acf":[],"aioseo_notices":[],"jetpack_sharing_enabled":true,"_links":{"self":[{"href":"https:\/\/antcube.shop\/de\/wp-json\/wp\/v2\/product\/9354","targetHints":{"allow":["GET"]}}],"collection":[{"href":"https:\/\/antcube.shop\/de\/wp-json\/wp\/v2\/product"}],"about":[{"href":"https:\/\/antcube.shop\/de\/wp-json\/wp\/v2\/types\/product"}],"replies":[{"embeddable":true,"href":"https:\/\/antcube.shop\/de\/wp-json\/wp\/v2\/comments?post=9354"}],"wp:featuredmedia":[{"embeddable":true,"href":"https:\/\/antcube.shop\/de\/wp-json\/wp\/v2\/media\/9439"}],"wp:attachment":[{"href":"https:\/\/antcube.shop\/de\/wp-json\/wp\/v2\/media?parent=9354"}],"wp:term":[{"taxonomy":"product_brand","embeddable":true,"href":"https:\/\/antcube.shop\/de\/wp-json\/wp\/v2\/product_brand?post=9354"},{"taxonomy":"product_cat","embeddable":true,"href":"https:\/\/antcube.shop\/de\/wp-json\/wp\/v2\/product_cat?post=9354"},{"taxonomy":"product_tag","embeddable":true,"href":"https:\/\/antcube.shop\/de\/wp-json\/wp\/v2\/product_tag?post=9354"}],"curies":[{"name":"wp","href":"https:\/\/api.w.org\/{rel}","templated":true}]}}