{"id":9349,"date":"2024-09-17T16:27:32","date_gmt":"2024-09-17T14:27:32","guid":{"rendered":"https:\/\/antcube.shop\/en\/product\/antcube-popcorn-nest-60x30-l\/"},"modified":"2026-03-02T09:48:53","modified_gmt":"2026-03-02T08:48:53","slug":"antcube-popcorn-nest-60x30-l","status":"publish","type":"product","link":"https:\/\/antcube.shop\/de\/produkt\/antcube-popcorn-nest-60x30-l\/","title":{"rendered":"ANTCUBE - Popcorn-Nest 60\u00d730 - L"},"content":{"rendered":"<p><strong>Abmessungen:<\/strong> 583x237x19 mm<\/p>\n<p><strong>Material:<\/strong> Mit Saccharose und Eiwei\u00df gepresstes Popcorn<\/p>\n<p><strong>Passt nur in<\/strong> unsere Gr\u00f6\u00dfe L Ameisenfarmen<\/p>\n<p><strong>Beschreibung:<\/strong> Dieses Popcornnest mit vorgefertigten G\u00e4ngen und Kammern eignet sich perfekt als Kornspeicher, zum Beispiel f\u00fcr Messor-Ameisen, aber auch f\u00fcr andere Ameisenarten, die K\u00f6rner sammeln. Es hat ein Loch f\u00fcr den Zugang zum Nest. Das Popcornnest nimmt Feuchtigkeit auf und kann dadurch schrumpfen, so dass<strong> es sollte immer trocken gehalten werden.<\/strong> Messor barbarus nimmt unser ANTCUBE Popcornnest sehr gut als Kornkammer an. Mit der Zeit beginnen die Ameisen, das Popcornnest zu erweitern und sich durch das Nistmaterial zu fressen.<\/p>\n<p>Das Popcornnest sollte nur f\u00fcr Ameisenarten verwendet werden, die sehr wenig bis gar keine Feuchtigkeit im Nestbereich ben\u00f6tigen.<\/p>","protected":false},"excerpt":{"rendered":"<p><strong>Gr\u00f6\u00dfe: L<\/strong><\/p>","protected":false},"featured_media":9449,"comment_status":"open","ping_status":"closed","template":"","meta":{"_acf_changed":false,"content-type":"","_monsterinsights_skip_tracking":false,"_monsterinsights_sitenote_active":false,"_monsterinsights_sitenote_note":"","_monsterinsights_sitenote_category":0},"product_brand":[484],"product_cat":[257,344,87],"product_tag":[],"class_list":{"0":"post-9349","1":"product","2":"type-product","3":"status-publish","4":"has-post-thumbnail","6":"product_brand-antcube","7":"product_cat-new-innovatve-products","8":"product_cat-popcorn","9":"product_cat-nest-insets","11":"first","12":"instock","13":"taxable","14":"shipping-taxable","15":"purchasable","16":"product-type-simple"},"acf":[],"aioseo_notices":[],"jetpack_sharing_enabled":true,"_links":{"self":[{"href":"https:\/\/antcube.shop\/de\/wp-json\/wp\/v2\/product\/9349","targetHints":{"allow":["GET"]}}],"collection":[{"href":"https:\/\/antcube.shop\/de\/wp-json\/wp\/v2\/product"}],"about":[{"href":"https:\/\/antcube.shop\/de\/wp-json\/wp\/v2\/types\/product"}],"replies":[{"embeddable":true,"href":"https:\/\/antcube.shop\/de\/wp-json\/wp\/v2\/comments?post=9349"}],"wp:featuredmedia":[{"embeddable":true,"href":"https:\/\/antcube.shop\/de\/wp-json\/wp\/v2\/media\/9449"}],"wp:attachment":[{"href":"https:\/\/antcube.shop\/de\/wp-json\/wp\/v2\/media?parent=9349"}],"wp:term":[{"taxonomy":"product_brand","embeddable":true,"href":"https:\/\/antcube.shop\/de\/wp-json\/wp\/v2\/product_brand?post=9349"},{"taxonomy":"product_cat","embeddable":true,"href":"https:\/\/antcube.shop\/de\/wp-json\/wp\/v2\/product_cat?post=9349"},{"taxonomy":"product_tag","embeddable":true,"href":"https:\/\/antcube.shop\/de\/wp-json\/wp\/v2\/product_tag?post=9349"}],"curies":[{"name":"wp","href":"https:\/\/api.w.org\/{rel}","templated":true}]}}