{"id":9346,"date":"2024-09-17T16:26:01","date_gmt":"2024-09-17T14:26:01","guid":{"rendered":"https:\/\/antcube.shop\/en\/product\/ameisenarena-abdeckung-30x15\/"},"modified":"2026-04-09T14:37:43","modified_gmt":"2026-04-09T12:37:43","slug":"ameisenarena-abdeckung-30x15","status":"publish","type":"product","link":"https:\/\/antcube.shop\/de\/produkt\/ameisenarena-abdeckung-30x15\/","title":{"rendered":"Ameisenarena 30\u00d715"},"content":{"rendered":"<p><strong>Abmessungen (LxBxH):<\/strong> 30x15x0,4 cm<\/p>\n<p><strong>Material:<\/strong> Floatglas<\/p>\n<p><strong>Farbe:<\/strong> kristallklar \/ transparent<\/p>\n<p><strong>Inhalt:<\/strong><br \/>\n1x Ameisen-Arena Abdeckung<br \/>\n1x Befestigungspunkte \u00e0 4 Stk.<\/p>\n<p><strong>Beschreibung:<\/strong><br \/>\nGlasabdeckung f\u00fcr die Ameisenarena als Fluchtschutz. Geeignet f\u00fcr unsere Wand-Ameisenarenen.<\/p>\n<p><strong>Anwendung:<\/strong><br \/>\nDie gl\u00e4serne Ameisenarena-Abdeckung wird auf eine Ameisenarena aufgesetzt und dient auch der Klimaregulierung.<br \/>\nIn die 50-mm-\u00d6ffnungen k\u00f6nnen verschiedene Module zur Klimatisierung eingesetzt werden, z.B. L\u00fcftungsgitter, Beleuchtung oder Befeuchtung.<br \/>\nUm zu verhindern, dass Ameisen durch die \u00d6ffnungen ausbrechen, sollte auf der Unterseite um die L\u00f6cher herum ein Fluchtschutz (\u00d6l, Pulver oder Lack) aufgetragen werden.<\/p>\n<p><strong>Anmerkung:<\/strong><br \/>\nDa der Gegenstand aus Glas besteht und daher zerbrechlich ist, sollte er mit gro\u00dfer Sorgfalt behandelt werden.<\/p>","protected":false},"excerpt":{"rendered":"<p>Abmessungen (LxBxH): 30x15x0,4 cm Material: Floatglas Farbe: glasklar \/ transparent Inhalt: 1x Ameisenhallendeckel 1x Befestigungspunkte \u00e0 4 Stk. Beschreibung: Glasabdeckung f\u00fcr die Ameisenarena als Fluchtschutz. Passend f\u00fcr unsere Wand-Ameisenarenen. Anwendung: Die gl\u00e4serne Ameisenarena-Abdeckung wird auf eine Ameisenarena aufgesetzt und dient auch als","protected":false},"featured_media":9465,"comment_status":"open","ping_status":"closed","template":"","meta":{"_acf_changed":false,"content-type":"","_monsterinsights_skip_tracking":false,"_monsterinsights_sitenote_active":false,"_monsterinsights_sitenote_note":"","_monsterinsights_sitenote_category":0},"product_brand":[484],"product_cat":[91,92],"product_tag":[],"class_list":{"0":"post-9346","1":"product","2":"type-product","3":"status-publish","4":"has-post-thumbnail","6":"product_brand-antcube","7":"product_cat-formicarium-modules","8":"product_cat-arena-cover","10":"first","11":"instock","12":"taxable","13":"shipping-taxable","14":"purchasable","15":"product-type-simple"},"acf":[],"aioseo_notices":[],"jetpack_sharing_enabled":true,"_links":{"self":[{"href":"https:\/\/antcube.shop\/de\/wp-json\/wp\/v2\/product\/9346","targetHints":{"allow":["GET"]}}],"collection":[{"href":"https:\/\/antcube.shop\/de\/wp-json\/wp\/v2\/product"}],"about":[{"href":"https:\/\/antcube.shop\/de\/wp-json\/wp\/v2\/types\/product"}],"replies":[{"embeddable":true,"href":"https:\/\/antcube.shop\/de\/wp-json\/wp\/v2\/comments?post=9346"}],"wp:featuredmedia":[{"embeddable":true,"href":"https:\/\/antcube.shop\/de\/wp-json\/wp\/v2\/media\/9465"}],"wp:attachment":[{"href":"https:\/\/antcube.shop\/de\/wp-json\/wp\/v2\/media?parent=9346"}],"wp:term":[{"taxonomy":"product_brand","embeddable":true,"href":"https:\/\/antcube.shop\/de\/wp-json\/wp\/v2\/product_brand?post=9346"},{"taxonomy":"product_cat","embeddable":true,"href":"https:\/\/antcube.shop\/de\/wp-json\/wp\/v2\/product_cat?post=9346"},{"taxonomy":"product_tag","embeddable":true,"href":"https:\/\/antcube.shop\/de\/wp-json\/wp\/v2\/product_tag?post=9346"}],"curies":[{"name":"wp","href":"https:\/\/api.w.org\/{rel}","templated":true}]}}