{"id":9330,"date":"2024-09-17T16:18:59","date_gmt":"2024-09-17T14:18:59","guid":{"rendered":"https:\/\/antcube.shop\/en\/product\/alpha-ants-mini-scheibenmagnet-eckig\/"},"modified":"2026-03-31T18:19:04","modified_gmt":"2026-03-31T16:19:04","slug":"alpha-ameisen-mini-scheibenmagnet-eckig","status":"publish","type":"product","link":"https:\/\/antcube.shop\/de\/produkt\/alpha-ameisen-mini-scheibenmagnet-eckig\/","title":{"rendered":"Alpha Ameisen Mini-Scheibenmagnet - quadratisch"},"content":{"rendered":"<p><strong>Beschreibung:<\/strong> Kennen Sie das Problem: Ihre Ameisen haben mal wieder die Scheiben im Nest verunreinigt oder mit Sand bedeckt? Mit diesem kleinen Mini-Scheibenmagneten k\u00f6nnen Sie die G\u00e4nge und Kammern im Becken frei machen.<\/p>\n<p>Es handelt sich um extra starke Qualit\u00e4tsmagnete. Sie k\u00f6nnen einen F\u00fchrungsmagneten verwenden, um den kleinen Reinigungsmagneten um das Formicarium herum zu bewegen und verschmutzte Scheiben von innen zu reinigen.<\/p>\n<p><strong>Anmerkung:<\/strong> Achten Sie darauf, dass die Magnete nicht aneinandersto\u00dfen, da sie zerbrechlich sind.<\/p>\n<p><strong>Inhalt:<\/strong> 2 extra starke Scheibenmagnete (10x10x4 mm und 3x2x2 mm)<\/p>","protected":false},"excerpt":{"rendered":"<p>Beschreibung: Kennen Sie das Problem: Ihre Ameisen haben mal wieder die Scheiben im Nest verunreinigt oder mit Sand bedeckt? Mit diesem kleinen Mini-Scheibenmagneten k\u00f6nnen Sie die G\u00e4nge und Kammern im Becken freimachen. Es handelt sich um extra starke Qualit\u00e4tsmagnete. Sie k\u00f6nnen einen F\u00fchrungsmagneten verwenden, um die","protected":false},"featured_media":9804,"comment_status":"open","ping_status":"closed","template":"","meta":{"_acf_changed":false,"content-type":"","_monsterinsights_skip_tracking":false,"_monsterinsights_sitenote_active":false,"_monsterinsights_sitenote_note":"","_monsterinsights_sitenote_category":0},"product_brand":[],"product_cat":[237],"product_tag":[],"class_list":{"0":"post-9330","1":"product","2":"type-product","3":"status-publish","4":"has-post-thumbnail","6":"product_cat-tools","8":"first","9":"instock","10":"taxable","11":"shipping-taxable","12":"purchasable","13":"product-type-simple"},"acf":[],"aioseo_notices":[],"jetpack_sharing_enabled":true,"_links":{"self":[{"href":"https:\/\/antcube.shop\/de\/wp-json\/wp\/v2\/product\/9330","targetHints":{"allow":["GET"]}}],"collection":[{"href":"https:\/\/antcube.shop\/de\/wp-json\/wp\/v2\/product"}],"about":[{"href":"https:\/\/antcube.shop\/de\/wp-json\/wp\/v2\/types\/product"}],"replies":[{"embeddable":true,"href":"https:\/\/antcube.shop\/de\/wp-json\/wp\/v2\/comments?post=9330"}],"wp:featuredmedia":[{"embeddable":true,"href":"https:\/\/antcube.shop\/de\/wp-json\/wp\/v2\/media\/9804"}],"wp:attachment":[{"href":"https:\/\/antcube.shop\/de\/wp-json\/wp\/v2\/media?parent=9330"}],"wp:term":[{"taxonomy":"product_brand","embeddable":true,"href":"https:\/\/antcube.shop\/de\/wp-json\/wp\/v2\/product_brand?post=9330"},{"taxonomy":"product_cat","embeddable":true,"href":"https:\/\/antcube.shop\/de\/wp-json\/wp\/v2\/product_cat?post=9330"},{"taxonomy":"product_tag","embeddable":true,"href":"https:\/\/antcube.shop\/de\/wp-json\/wp\/v2\/product_tag?post=9330"}],"curies":[{"name":"wp","href":"https:\/\/api.w.org\/{rel}","templated":true}]}}