{"id":9329,"date":"2024-09-17T16:18:36","date_gmt":"2024-09-17T14:18:36","guid":{"rendered":"https:\/\/antcube.shop\/en\/product\/alpha-ants-mini-scheibenmagnet-rund\/"},"modified":"2026-03-02T09:49:08","modified_gmt":"2026-03-02T08:49:08","slug":"alpha-ants-mini-scheibenmagnet-rund-2","status":"publish","type":"product","link":"https:\/\/antcube.shop\/de\/produkt\/alpha-ants-mini-scheibenmagnet-rund-2\/","title":{"rendered":"Alpha Ameisen Mini-Scheibenmagnet - rund"},"content":{"rendered":"<p><strong>Beschreibung:<\/strong> Kennen Sie das Problem: Ihre Ameisen haben mal wieder die Scheiben im Nest verunreinigt oder mit Sand bedeckt? Mit diesen kleinen Mini-Scheibenmagneten 10x10x4 mm und 4x4x2 mm k\u00f6nnen Sie die G\u00e4nge und Kammern im Becken wieder frei machen.<\/p>\n<p>Es handelt sich um extra starke Qualit\u00e4tsmagnete. Sie k\u00f6nnen einen F\u00fchrungsmagneten verwenden, um den kleinen Reinigungsmagneten um das Formicarium herum zu bewegen und verschmutzte Scheiben von innen zu reinigen.<\/p>\n<p><strong>Anmerkung:<\/strong> Achten Sie darauf, dass die Magnete nicht aneinandersto\u00dfen, da sie zerbrechlich sind.<\/p>\n<p><strong>Inhalt:<\/strong> 2x filzbeschichtete extra starke Scheibenmagnete.<\/p>","protected":false},"excerpt":{"rendered":"<p>Beschreibung: Kennen Sie das Problem: Ihre Ameisen haben wieder einmal die Scheiben im Nest verschmutzt oder mit Sand bedeckt? Mit diesen kleinen Mini-Scheibenmagneten 10x10x4 mm und 4x4x2 mm k\u00f6nnen Sie die G\u00e4nge und Kammern im Becken wieder frei machen. Es handelt sich um extra starke Qualit\u00e4tsmagnete. Sie","protected":false},"featured_media":9810,"comment_status":"open","ping_status":"closed","template":"","meta":{"_acf_changed":false,"content-type":"","_monsterinsights_skip_tracking":false,"_monsterinsights_sitenote_active":false,"_monsterinsights_sitenote_note":"","_monsterinsights_sitenote_category":0},"product_brand":[],"product_cat":[237],"product_tag":[],"class_list":{"0":"post-9329","1":"product","2":"type-product","3":"status-publish","4":"has-post-thumbnail","6":"product_cat-tools","8":"first","9":"instock","10":"taxable","11":"shipping-taxable","12":"purchasable","13":"product-type-simple"},"acf":[],"aioseo_notices":[],"jetpack_sharing_enabled":true,"_links":{"self":[{"href":"https:\/\/antcube.shop\/de\/wp-json\/wp\/v2\/product\/9329","targetHints":{"allow":["GET"]}}],"collection":[{"href":"https:\/\/antcube.shop\/de\/wp-json\/wp\/v2\/product"}],"about":[{"href":"https:\/\/antcube.shop\/de\/wp-json\/wp\/v2\/types\/product"}],"replies":[{"embeddable":true,"href":"https:\/\/antcube.shop\/de\/wp-json\/wp\/v2\/comments?post=9329"}],"wp:featuredmedia":[{"embeddable":true,"href":"https:\/\/antcube.shop\/de\/wp-json\/wp\/v2\/media\/9810"}],"wp:attachment":[{"href":"https:\/\/antcube.shop\/de\/wp-json\/wp\/v2\/media?parent=9329"}],"wp:term":[{"taxonomy":"product_brand","embeddable":true,"href":"https:\/\/antcube.shop\/de\/wp-json\/wp\/v2\/product_brand?post=9329"},{"taxonomy":"product_cat","embeddable":true,"href":"https:\/\/antcube.shop\/de\/wp-json\/wp\/v2\/product_cat?post=9329"},{"taxonomy":"product_tag","embeddable":true,"href":"https:\/\/antcube.shop\/de\/wp-json\/wp\/v2\/product_tag?post=9329"}],"curies":[{"name":"wp","href":"https:\/\/api.w.org\/{rel}","templated":true}]}}