{"id":9323,"date":"2024-09-17T16:16:22","date_gmt":"2024-09-17T14:16:22","guid":{"rendered":"https:\/\/antcube.shop\/en\/product\/greifzange-60-cm\/"},"modified":"2026-04-09T09:58:37","modified_gmt":"2026-04-09T07:58:37","slug":"greifer-60-cm","status":"publish","type":"product","link":"https:\/\/antcube.shop\/de\/produkt\/greifer-60-cm\/","title":{"rendered":"Greifer 60 cm"},"content":{"rendered":"<p><strong>L\u00e4nge:<\/strong> 60 cm<\/p>\n<p><strong>Beschreibung:<\/strong> Mit diesem Greifarm kann man an Stellen arbeiten, die f\u00fcr die H\u00e4nde unzug\u00e4nglich sind, und Teile aus Rohren oder Schl\u00e4uchen entnehmen. Vorderer Durchmesser 10,5 mm. Passt durch ein 11-mm-Loch. Die Greiferklemmen haben eine Spannweite von 20 mm.<\/p>\n<p><strong>Anmerkung:<\/strong><br \/>\nEs besteht Verletzungsgefahr, wenn sich K\u00f6rperteile in der Zange verfangen.<\/p>","protected":false},"excerpt":{"rendered":"<p>L\u00e4nge: 60 cm Beschreibung: Dieser Greifarm kann verwendet werden, um an Stellen zu arbeiten, die f\u00fcr die H\u00e4nde unzug\u00e4nglich sind, und um Teile aus Rohren oder Schl\u00e4uchen zu entfernen. Vorderer Durchmesser 10,5 mm. Passt durch ein 11-mm-Loch. Die Greifzangen haben eine Spannweite von 20 mm. Hinweis: Es besteht Verletzungsgefahr, wenn K\u00f6rperteile","protected":false},"featured_media":9580,"comment_status":"open","ping_status":"closed","template":"","meta":{"_acf_changed":false,"content-type":"","_monsterinsights_skip_tracking":false,"_monsterinsights_sitenote_active":false,"_monsterinsights_sitenote_note":"","_monsterinsights_sitenote_category":0},"product_brand":[],"product_cat":[237],"product_tag":[],"class_list":{"0":"post-9323","1":"product","2":"type-product","3":"status-publish","4":"has-post-thumbnail","6":"product_cat-tools","8":"first","9":"instock","10":"taxable","11":"shipping-taxable","12":"purchasable","13":"product-type-simple"},"acf":[],"aioseo_notices":[],"jetpack_sharing_enabled":true,"_links":{"self":[{"href":"https:\/\/antcube.shop\/de\/wp-json\/wp\/v2\/product\/9323","targetHints":{"allow":["GET"]}}],"collection":[{"href":"https:\/\/antcube.shop\/de\/wp-json\/wp\/v2\/product"}],"about":[{"href":"https:\/\/antcube.shop\/de\/wp-json\/wp\/v2\/types\/product"}],"replies":[{"embeddable":true,"href":"https:\/\/antcube.shop\/de\/wp-json\/wp\/v2\/comments?post=9323"}],"wp:featuredmedia":[{"embeddable":true,"href":"https:\/\/antcube.shop\/de\/wp-json\/wp\/v2\/media\/9580"}],"wp:attachment":[{"href":"https:\/\/antcube.shop\/de\/wp-json\/wp\/v2\/media?parent=9323"}],"wp:term":[{"taxonomy":"product_brand","embeddable":true,"href":"https:\/\/antcube.shop\/de\/wp-json\/wp\/v2\/product_brand?post=9323"},{"taxonomy":"product_cat","embeddable":true,"href":"https:\/\/antcube.shop\/de\/wp-json\/wp\/v2\/product_cat?post=9323"},{"taxonomy":"product_tag","embeddable":true,"href":"https:\/\/antcube.shop\/de\/wp-json\/wp\/v2\/product_tag?post=9323"}],"curies":[{"name":"wp","href":"https:\/\/api.w.org\/{rel}","templated":true}]}}