{"id":9322,"date":"2024-09-17T16:15:47","date_gmt":"2024-09-17T14:15:47","guid":{"rendered":"https:\/\/antcube.shop\/en\/product\/formicarienunterlage-60x6cm\/"},"modified":"2026-04-05T01:10:14","modified_gmt":"2026-04-04T23:10:14","slug":"formicarium-unterlage-60x6cm","status":"publish","type":"product","link":"https:\/\/antcube.shop\/de\/produkt\/formicarium-unterlage-60x6cm\/","title":{"rendered":"Formicarium Unterlage - 60x6cm"},"content":{"rendered":"<p><strong>Abmessungen:<\/strong> 590 x 60 x 4 mm<\/p>\n<p><strong>Material:<\/strong> PE-Schaumstoff<\/p>\n<p><strong>Farbe:<\/strong> grau<\/p>\n<p><strong>Inhalt:<\/strong> 1 Stk.<\/p>\n<p><strong>Beschreibung:<\/strong><br \/>\nDie formicarium-Teppichunterlage ist aus weichem Schaumstoff gefertigt.<br \/>\nSie sch\u00fctzt sowohl das Formicarium als auch das M\u00f6belst\u00fcck, auf dem das Formicarium steht, vor Kratzern.<br \/>\nDie Teppichunterlage dient auch als W\u00e4rmed\u00e4mmung, die kleinste Unebenheiten ausgleicht und zudem vor Vibrationen sch\u00fctzt.<\/p>","protected":false},"excerpt":{"rendered":"<p>Abmessungen: 590 x 60 x 4mm Material: PE-Schaumstoff Farbe: grau Inhalt: 1 Stk. Beschreibung: Die Formicarium Teppichunterlage ist aus weichem Schaumstoff gefertigt. Sie sch\u00fctzt sowohl das Formicarium als auch die M\u00f6bel, auf denen das Formicarium steht, vor Kratzern. Die Teppichunterlage dient auch als W\u00e4rmed\u00e4mmung, die kleinste Unebenheiten ausgleicht und","protected":false},"featured_media":9823,"comment_status":"open","ping_status":"closed","template":"","meta":{"_acf_changed":false,"content-type":"","_monsterinsights_skip_tracking":false,"_monsterinsights_sitenote_active":false,"_monsterinsights_sitenote_note":"","_monsterinsights_sitenote_category":0},"product_brand":[484],"product_cat":[119,239],"product_tag":[],"class_list":{"0":"post-9322","1":"product","2":"type-product","3":"status-publish","4":"has-post-thumbnail","6":"product_brand-antcube","7":"product_cat-formicarium-components","8":"product_cat-useful-additions","10":"first","11":"instock","12":"taxable","13":"shipping-taxable","14":"purchasable","15":"product-type-simple"},"acf":[],"aioseo_notices":[],"jetpack_sharing_enabled":true,"_links":{"self":[{"href":"https:\/\/antcube.shop\/de\/wp-json\/wp\/v2\/product\/9322","targetHints":{"allow":["GET"]}}],"collection":[{"href":"https:\/\/antcube.shop\/de\/wp-json\/wp\/v2\/product"}],"about":[{"href":"https:\/\/antcube.shop\/de\/wp-json\/wp\/v2\/types\/product"}],"replies":[{"embeddable":true,"href":"https:\/\/antcube.shop\/de\/wp-json\/wp\/v2\/comments?post=9322"}],"wp:featuredmedia":[{"embeddable":true,"href":"https:\/\/antcube.shop\/de\/wp-json\/wp\/v2\/media\/9823"}],"wp:attachment":[{"href":"https:\/\/antcube.shop\/de\/wp-json\/wp\/v2\/media?parent=9322"}],"wp:term":[{"taxonomy":"product_brand","embeddable":true,"href":"https:\/\/antcube.shop\/de\/wp-json\/wp\/v2\/product_brand?post=9322"},{"taxonomy":"product_cat","embeddable":true,"href":"https:\/\/antcube.shop\/de\/wp-json\/wp\/v2\/product_cat?post=9322"},{"taxonomy":"product_tag","embeddable":true,"href":"https:\/\/antcube.shop\/de\/wp-json\/wp\/v2\/product_tag?post=9322"}],"curies":[{"name":"wp","href":"https:\/\/api.w.org\/{rel}","templated":true}]}}