{"id":9321,"date":"2024-09-17T16:15:23","date_gmt":"2024-09-17T14:15:23","guid":{"rendered":"https:\/\/antcube.shop\/en\/product\/formicarienunterlage-60x30cm\/"},"modified":"2026-04-13T09:32:24","modified_gmt":"2026-04-13T07:32:24","slug":"formicarium-unterlage-60x30cm","status":"publish","type":"product","link":"https:\/\/antcube.shop\/de\/produkt\/formicarium-unterlage-60x30cm\/","title":{"rendered":"Formicarium Unterlage - 60x30cm"},"content":{"rendered":"<p><strong>Abmessungen:<\/strong> 600 x 300 x 4 mm<\/p>\n<p><strong>Material:<\/strong> PE-Schaumstoff<\/p>\n<p><strong>Farbe:<\/strong> grau<\/p>\n<p><strong>Inhalt:<\/strong> 1 Stk.<\/p>\n<p><strong>Beschreibung:<\/strong><br \/>\nDas Formicarium-Polster ist aus weichem Schaumstoff gefertigt.<br \/>\nSie sch\u00fctzt das Formicarium und das M\u00f6belst\u00fcck, auf dem das Formicarium steht, vor Kratzern.<br \/>\nDie Teppichunterlage dient auch als W\u00e4rmed\u00e4mmung, die kleinste Unebenheiten ausgleicht und zudem vor Vibrationen sch\u00fctzt.<\/p>","protected":false},"excerpt":{"rendered":"<p>Abmessungen: 600 x 300 x 4mm Material: PE-Schaumstoff Farbe: grau Inhalt: 1 Stk. Beschreibung: Die Formicariumunterlage ist aus weichem Schaumstoff gefertigt. Sie sch\u00fctzt das Formicarium und das M\u00f6belst\u00fcck, auf dem das Formicarium steht, vor Kratzern. Die Teppichunterlage dient auch als W\u00e4rmed\u00e4mmung, die kleinste Unebenheiten ausgleicht und auch","protected":false},"featured_media":9584,"comment_status":"open","ping_status":"closed","template":"","meta":{"_acf_changed":false,"content-type":"","_monsterinsights_skip_tracking":false,"_monsterinsights_sitenote_active":false,"_monsterinsights_sitenote_note":"","_monsterinsights_sitenote_category":0},"product_brand":[484],"product_cat":[119,239],"product_tag":[],"class_list":{"0":"post-9321","1":"product","2":"type-product","3":"status-publish","4":"has-post-thumbnail","6":"product_brand-antcube","7":"product_cat-formicarium-components","8":"product_cat-useful-additions","10":"first","11":"instock","12":"taxable","13":"shipping-taxable","14":"purchasable","15":"product-type-simple"},"acf":[],"aioseo_notices":[],"jetpack_sharing_enabled":true,"_links":{"self":[{"href":"https:\/\/antcube.shop\/de\/wp-json\/wp\/v2\/product\/9321","targetHints":{"allow":["GET"]}}],"collection":[{"href":"https:\/\/antcube.shop\/de\/wp-json\/wp\/v2\/product"}],"about":[{"href":"https:\/\/antcube.shop\/de\/wp-json\/wp\/v2\/types\/product"}],"replies":[{"embeddable":true,"href":"https:\/\/antcube.shop\/de\/wp-json\/wp\/v2\/comments?post=9321"}],"wp:featuredmedia":[{"embeddable":true,"href":"https:\/\/antcube.shop\/de\/wp-json\/wp\/v2\/media\/9584"}],"wp:attachment":[{"href":"https:\/\/antcube.shop\/de\/wp-json\/wp\/v2\/media?parent=9321"}],"wp:term":[{"taxonomy":"product_brand","embeddable":true,"href":"https:\/\/antcube.shop\/de\/wp-json\/wp\/v2\/product_brand?post=9321"},{"taxonomy":"product_cat","embeddable":true,"href":"https:\/\/antcube.shop\/de\/wp-json\/wp\/v2\/product_cat?post=9321"},{"taxonomy":"product_tag","embeddable":true,"href":"https:\/\/antcube.shop\/de\/wp-json\/wp\/v2\/product_tag?post=9321"}],"curies":[{"name":"wp","href":"https:\/\/api.w.org\/{rel}","templated":true}]}}