{"id":9318,"date":"2024-09-17T16:14:20","date_gmt":"2024-09-17T14:14:20","guid":{"rendered":"https:\/\/antcube.shop\/en\/product\/antcube-rote-folie-20x10-filter\/"},"modified":"2026-04-02T09:54:33","modified_gmt":"2026-04-02T07:54:33","slug":"antcube-rote-folie-20x10-filter","status":"publish","type":"product","link":"https:\/\/antcube.shop\/de\/produkt\/antcube-rote-folie-20x10-filter\/","title":{"rendered":"ANTCUBE - Rote Folie 20\u00d710 - Filter"},"content":{"rendered":"<p><strong>Abmessungen:<\/strong> 19x6cm<\/p>\n<p><strong>Material:<\/strong> PVC<\/p>\n<p><strong>Beschreibung:<\/strong> Die rot-transparente Folie wird verwendet, um den Ameisen ein Gef\u00fchl von Untergrund zu vermitteln. Wir empfehlen daher, dieses Produkt zumindest teilweise im Nestbereich einzusetzen. Trotzdem k\u00f6nnen die Ameisen im Nest noch gut beobachtet werden. Passgenau zugeschnitten auf ANTCUBE \"Ameisenfarm 20x10cm S\/M\/L - stehend\".<\/p>\n<p>Diese Filterfolie hat eine bessere Lichtfilterwirkung als die normale Abdeckfolie. Temperaturbest\u00e4ndig bis zu 180\u00b0C<\/p>\n<p>Die Filterfolie haftet mit leichtem, gleichm\u00e4\u00dfigem Druck von selbst auf der Farm- oder Nestfl\u00e4che. Alternativ eignet sich auch transparentes Klebeband zur Befestigung. Einfach mit zwei kleinen Streifen an den oberen Ecken fixieren, damit die Folie sp\u00e4ter f\u00fcr einen besseren Blick in den Nistbereich abgezogen werden kann.<\/p>","protected":false},"excerpt":{"rendered":"<p>Abmessungen: 19x6cm Material: PVC Beschreibung: Die rot-transparente Folie wird verwendet, um den Ameisen ein Gef\u00fchl von Untergrund zu vermitteln. Wir empfehlen daher, dieses Produkt zumindest teilweise im Nestbereich zu verwenden. Trotzdem k\u00f6nnen die Ameisen im Nest noch gut beobachtet werden. Passgenau zugeschnitten auf ANTCUBE \"Ameisenfarm 20x10cm S\/M\/L - stehend\". Dieser Filter","protected":false},"featured_media":9826,"comment_status":"open","ping_status":"closed","template":"","meta":{"_acf_changed":false,"content-type":"","_monsterinsights_skip_tracking":false,"_monsterinsights_sitenote_active":false,"_monsterinsights_sitenote_note":"","_monsterinsights_sitenote_category":0},"product_brand":[484],"product_cat":[119,239],"product_tag":[],"class_list":{"0":"post-9318","1":"product","2":"type-product","3":"status-publish","4":"has-post-thumbnail","6":"product_brand-antcube","7":"product_cat-formicarium-components","8":"product_cat-useful-additions","10":"first","11":"instock","12":"taxable","13":"shipping-taxable","14":"purchasable","15":"product-type-simple"},"acf":[],"aioseo_notices":[],"jetpack_sharing_enabled":true,"_links":{"self":[{"href":"https:\/\/antcube.shop\/de\/wp-json\/wp\/v2\/product\/9318","targetHints":{"allow":["GET"]}}],"collection":[{"href":"https:\/\/antcube.shop\/de\/wp-json\/wp\/v2\/product"}],"about":[{"href":"https:\/\/antcube.shop\/de\/wp-json\/wp\/v2\/types\/product"}],"replies":[{"embeddable":true,"href":"https:\/\/antcube.shop\/de\/wp-json\/wp\/v2\/comments?post=9318"}],"wp:featuredmedia":[{"embeddable":true,"href":"https:\/\/antcube.shop\/de\/wp-json\/wp\/v2\/media\/9826"}],"wp:attachment":[{"href":"https:\/\/antcube.shop\/de\/wp-json\/wp\/v2\/media?parent=9318"}],"wp:term":[{"taxonomy":"product_brand","embeddable":true,"href":"https:\/\/antcube.shop\/de\/wp-json\/wp\/v2\/product_brand?post=9318"},{"taxonomy":"product_cat","embeddable":true,"href":"https:\/\/antcube.shop\/de\/wp-json\/wp\/v2\/product_cat?post=9318"},{"taxonomy":"product_tag","embeddable":true,"href":"https:\/\/antcube.shop\/de\/wp-json\/wp\/v2\/product_tag?post=9318"}],"curies":[{"name":"wp","href":"https:\/\/api.w.org\/{rel}","templated":true}]}}