{"id":9316,"date":"2024-09-17T16:13:38","date_gmt":"2024-09-17T14:13:38","guid":{"rendered":"https:\/\/antcube.shop\/en\/product\/ameisen-ausbruchsschutz-lack-10ml\/"},"modified":"2026-04-22T10:31:42","modified_gmt":"2026-04-22T08:31:42","slug":"ameisen-ausbruchsschutz-lack-10ml","status":"publish","type":"product","link":"https:\/\/antcube.shop\/de\/produkt\/ameisen-ausbruchsschutz-lack-10ml\/","title":{"rendered":"Ameisenausbruchsschutzlack 10ml"},"content":{"rendered":"<p><strong>Inhalt:<\/strong> 10 ml (reicht unverd\u00fcnnt f\u00fcr ca. 10 Meter eines 20 mm breiten Streifens)<\/p>\n<p><strong>Farbe:<\/strong> milchig wei\u00df<\/p>\n<p><strong>Material:<\/strong> PTFE-basiert<\/p>\n<p><strong>Beschreibung:<\/strong> Der Lack ist der ideale Ausbruchsschutz f\u00fcr Ameisen; eine Kunststoffart, die auch oft als Anti-Haftmittel verwendet wird - auch von den Wissenschaftlern H\u00f6lldobler und Wilson als Ausbruchsschutz in der Ameisenhaltung empfohlen. Die Ameisen finden auf der aufgebrachten Folie keinen Halt und rutschen ab. Die Beschichtung ist lange haltbar und muss daher nicht so oft erneuert werden wie andere Alternativen.<\/p>\n<p><strong>Vorteil:<\/strong><br \/>\n- Bei sauberer Anwendung ist keine Erneuerung erforderlich.<br \/>\n- Ideal f\u00fcr Glasfl\u00e4chen.<\/p>\n<p><strong>Nachteil:<\/strong><br \/>\n- Nicht geeignet f\u00fcr Formikarien mit hoher Luftfeuchtigkeit, da der Lack wasserl\u00f6slich ist.<br \/>\n- Der Lack ist nicht so gut f\u00fcr Kunststoffoberfl\u00e4chen geeignet, da diese selbstfettend sind.<br \/>\n- Das Auftragen muss vorher ge\u00fcbt werden, da die \"lackierte\" Oberfl\u00e4che nicht rau oder zerkratzt werden darf.<\/p>\n<p><strong>Anwendung:<\/strong> Vor Gebrauch gut sch\u00fctteln. Der Lack kann so verwendet werden, wie er geliefert wird, oder mit Wasser bis zu einem Verh\u00e4ltnis von 1:10 verd\u00fcnnt werden. Er kann mit einem Pinsel aufgetragen oder einfach vorsichtig auf die zu behandelnden Fl\u00e4chen getropft werden. Der Film sollte am Rand etwa dreimal so breit sein wie die Ameisen lang sind. Am einfachsten ist es, die Fl\u00e4che mit Klebeband abzukleben und die Farbe seitlich liegend auf den Beh\u00e4lter aufzutragen. Die Trocknungszeit pro Seite betr\u00e4gt ca. 45 Minuten, kann aber je nach Dicke des Auftrags leicht variieren.<\/p>\n<p><strong>Wichtiger Hinweis:<\/strong> Vermeiden Sie den Kontakt mit den Augen. Bei Ber\u00fchrung mit den Augen sofort mit viel Wasser aussp\u00fclen und einen Arzt aufsuchen. W\u00e4hrend der Anwendung nicht rauchen. Nur in gut bel\u00fcfteten R\u00e4umen verwenden. Au\u00dferhalb der Reichweite von Kindern aufbewahren! Die Farbe kann bei Minustemperaturen ihre Konsistenz irreversibel ver\u00e4ndern. Wir versenden daher nur bei Temperaturen \u00fcber 0\u00b0C!<\/p>\n<p><a href=\"https:\/\/www.antstore.net\/shop\/images\/documents\/ant%20escape%20protection%20lacquer%20EN.pdf\">Sicherheitsdatenblatt f\u00fcr Ameisenausbruchsschutzfarbe (Englisch) , (PDF 0.2 MB)<\/a><br \/>\n(Enth\u00e4lt: Sicherheitshinweise)<\/p>\n<p>&nbsp;<\/p>","protected":false},"excerpt":{"rendered":"<p>Inhalt: 10 ml (reicht unverd\u00fcnnt f\u00fcr ca. 10 Meter eines 20 mm breiten Streifens) Farbe: milchig wei\u00df Material: PTFE-basiert Beschreibung: Der Lack ist der ideale Ausbruchsschutz f\u00fcr Ameisen; eine Kunststoffart, die auch oft als Antihaftmittel verwendet wird - auch von den Wissenschaftlern H\u00f6lldobler und Wilson als Ausbruchsschutz bei Ameisen empfohlen","protected":false},"featured_media":9592,"comment_status":"open","ping_status":"closed","template":"","meta":{"_acf_changed":false,"content-type":"","_monsterinsights_skip_tracking":false,"_monsterinsights_sitenote_active":false,"_monsterinsights_sitenote_note":"","_monsterinsights_sitenote_category":0},"product_brand":[484],"product_cat":[237],"product_tag":[],"class_list":{"0":"post-9316","1":"product","2":"type-product","3":"status-publish","4":"has-post-thumbnail","6":"product_brand-antcube","7":"product_cat-tools","9":"first","10":"instock","11":"taxable","12":"shipping-taxable","13":"purchasable","14":"product-type-simple"},"acf":[],"aioseo_notices":[],"jetpack_sharing_enabled":true,"_links":{"self":[{"href":"https:\/\/antcube.shop\/de\/wp-json\/wp\/v2\/product\/9316","targetHints":{"allow":["GET"]}}],"collection":[{"href":"https:\/\/antcube.shop\/de\/wp-json\/wp\/v2\/product"}],"about":[{"href":"https:\/\/antcube.shop\/de\/wp-json\/wp\/v2\/types\/product"}],"replies":[{"embeddable":true,"href":"https:\/\/antcube.shop\/de\/wp-json\/wp\/v2\/comments?post=9316"}],"wp:featuredmedia":[{"embeddable":true,"href":"https:\/\/antcube.shop\/de\/wp-json\/wp\/v2\/media\/9592"}],"wp:attachment":[{"href":"https:\/\/antcube.shop\/de\/wp-json\/wp\/v2\/media?parent=9316"}],"wp:term":[{"taxonomy":"product_brand","embeddable":true,"href":"https:\/\/antcube.shop\/de\/wp-json\/wp\/v2\/product_brand?post=9316"},{"taxonomy":"product_cat","embeddable":true,"href":"https:\/\/antcube.shop\/de\/wp-json\/wp\/v2\/product_cat?post=9316"},{"taxonomy":"product_tag","embeddable":true,"href":"https:\/\/antcube.shop\/de\/wp-json\/wp\/v2\/product_tag?post=9316"}],"curies":[{"name":"wp","href":"https:\/\/api.w.org\/{rel}","templated":true}]}}