{"id":9315,"date":"2024-09-17T16:13:12","date_gmt":"2024-09-17T14:13:12","guid":{"rendered":"https:\/\/antcube.shop\/en\/product\/ameisen-ausbruchsschutz-pulver-10ml\/"},"modified":"2026-04-13T09:34:21","modified_gmt":"2026-04-13T07:34:21","slug":"ameisenflucht-schutzpulver-10ml","status":"publish","type":"product","link":"https:\/\/antcube.shop\/de\/produkt\/ameisenflucht-schutzpulver-10ml\/","title":{"rendered":"Ameisenflucht-Schutzpulver 10ml"},"content":{"rendered":"<p><strong>Inhalt:<\/strong> 8g\/10ml (ausreichend f\u00fcr ca. einen Meter eines 2cm breiten Streifens)<\/p>\n<p><strong>Farbe:<\/strong> wei\u00df, matt<\/p>\n<p><strong>Material:<\/strong> auf Talkumbasis<\/p>\n<p><strong>Beschreibung:<\/strong> Das Pulver verhindert den Ausbruch der Ameisen, indem es mit Wasser vermischt und mit einem Pinsel etwa 1 cm unterhalb des inneren Randes des Ameisenbaus aufgetragen wird. Das Wasser verdunstet und zur\u00fcck bleibt eine feine Schicht Talkumpuder.<\/p>\n<p><strong>Vorteil:<\/strong> sehr wirksam, lang anhaltend<\/p>\n<p><strong>Nachteil:<\/strong> Die Pulverschicht kann sich abl\u00f6sen, wenn das Formicarium gesch\u00fcttelt wird. Im Vergleich zu Ausbruchsschutz\u00f6l oder -lack wird eine relativ gro\u00dfe Menge ben\u00f6tigt<\/p>\n<p><strong>Anwendung:<\/strong> Die Folie sollte am Rand etwa dreimal so breit wie die Ameisen lang sind, angebracht werden.<\/p>","protected":false},"excerpt":{"rendered":"<p>Inhalt: 8g\/10ml (ausreichend f\u00fcr ca. einen Meter eines 2cm breiten Streifens) Farbe: wei\u00df, matt Material: auf Talkumbasis Beschreibung: Das Pulver verhindert den Ausbruch von Ameisen, indem es mit Wasser vermischt und mit einem Pinsel ca. 1 cm unterhalb des inneren Randes des Formicariums aufgetragen wird. Das Wasser verdunstet und eine feine Schicht aus","protected":false},"featured_media":9596,"comment_status":"open","ping_status":"closed","template":"","meta":{"_acf_changed":false,"content-type":"","_monsterinsights_skip_tracking":false,"_monsterinsights_sitenote_active":false,"_monsterinsights_sitenote_note":"","_monsterinsights_sitenote_category":0},"product_brand":[],"product_cat":[237],"product_tag":[],"class_list":{"0":"post-9315","1":"product","2":"type-product","3":"status-publish","4":"has-post-thumbnail","6":"product_cat-tools","8":"first","9":"instock","10":"taxable","11":"shipping-taxable","12":"purchasable","13":"product-type-simple"},"acf":[],"aioseo_notices":[],"jetpack_sharing_enabled":true,"_links":{"self":[{"href":"https:\/\/antcube.shop\/de\/wp-json\/wp\/v2\/product\/9315","targetHints":{"allow":["GET"]}}],"collection":[{"href":"https:\/\/antcube.shop\/de\/wp-json\/wp\/v2\/product"}],"about":[{"href":"https:\/\/antcube.shop\/de\/wp-json\/wp\/v2\/types\/product"}],"replies":[{"embeddable":true,"href":"https:\/\/antcube.shop\/de\/wp-json\/wp\/v2\/comments?post=9315"}],"wp:featuredmedia":[{"embeddable":true,"href":"https:\/\/antcube.shop\/de\/wp-json\/wp\/v2\/media\/9596"}],"wp:attachment":[{"href":"https:\/\/antcube.shop\/de\/wp-json\/wp\/v2\/media?parent=9315"}],"wp:term":[{"taxonomy":"product_brand","embeddable":true,"href":"https:\/\/antcube.shop\/de\/wp-json\/wp\/v2\/product_brand?post=9315"},{"taxonomy":"product_cat","embeddable":true,"href":"https:\/\/antcube.shop\/de\/wp-json\/wp\/v2\/product_cat?post=9315"},{"taxonomy":"product_tag","embeddable":true,"href":"https:\/\/antcube.shop\/de\/wp-json\/wp\/v2\/product_tag?post=9315"}],"curies":[{"name":"wp","href":"https:\/\/api.w.org\/{rel}","templated":true}]}}