{"id":9311,"date":"2024-09-17T16:11:32","date_gmt":"2024-09-17T14:11:32","guid":{"rendered":"https:\/\/antcube.shop\/en\/product\/gitterkappe-40mm-edelstahl\/"},"modified":"2026-03-16T10:38:12","modified_gmt":"2026-03-16T09:38:12","slug":"gitterabdeckung-40mm-aus-edelstahl","status":"publish","type":"product","link":"https:\/\/antcube.shop\/de\/produkt\/gitterabdeckung-40mm-aus-edelstahl\/","title":{"rendered":"Gitterkappe - 40mm - rostfreier Stahl"},"content":{"rendered":"<p><strong>Menge:<\/strong> 1 St\u00fcck<\/p>\n<p><strong>Abmessungen:<\/strong> 40mm (Innendurchmesser), 50x8mm (Au\u00dfenabmessungen)<\/p>\n<p><strong>Farbe:<\/strong> transparent<\/p>\n<p><strong>Material:<\/strong> Edelstahl, Acrylglas<\/p>\n<p><strong>Beschreibung:<\/strong><br \/>\nDiese Gitterkappe mit einem sehr feinen Edelstahlgitter (0,2 mm) kann an einer Muffe, einem Rohr oder einem Schlauchende befestigt werden und sorgt f\u00fcr eine gute Bel\u00fcftung des Formicariums, ohne dass die Ameisen entkommen k\u00f6nnen. Sowohl das Edelstahlgitter als auch der Acrylglasrahmen sind transparent.<\/p>\n<p><strong>Anmerkung:<\/strong> Auch f\u00fcr sehr bissige Arten wie Blattschneiderameisen geeignet!<\/p>","protected":false},"excerpt":{"rendered":"<p>Menge: 1 St\u00fcck Abmessungen: 40mm (Innendurchmesser), 50x8mm (Au\u00dfenma\u00dfe) Farbe: transparent Material: Edelstahl, Acrylglas Beschreibung: Diese Gitterkappe mit einem sehr feinen Edelstahlgitter (0,2 mm) l\u00e4sst sich an einem Stutzen, Rohr oder Schlauchende befestigen und sorgt f\u00fcr eine gute Bel\u00fcftung des Formicariums, ohne dass die Ameisen entkommen k\u00f6nnen. Sowohl der rostfreie Stahl","protected":false},"featured_media":9598,"comment_status":"open","ping_status":"closed","template":"","meta":{"_acf_changed":false,"content-type":"","_monsterinsights_skip_tracking":false,"_monsterinsights_sitenote_active":false,"_monsterinsights_sitenote_note":"","_monsterinsights_sitenote_category":0},"product_brand":[485],"product_cat":[119,238],"product_tag":[],"class_list":{"0":"post-9311","1":"product","2":"type-product","3":"status-publish","4":"has-post-thumbnail","6":"product_brand-antstore","7":"product_cat-formicarium-components","8":"product_cat-grid-caps-plugs-and-inserts","10":"first","11":"instock","12":"taxable","13":"shipping-taxable","14":"purchasable","15":"product-type-simple"},"acf":[],"aioseo_notices":[],"jetpack_sharing_enabled":true,"_links":{"self":[{"href":"https:\/\/antcube.shop\/de\/wp-json\/wp\/v2\/product\/9311","targetHints":{"allow":["GET"]}}],"collection":[{"href":"https:\/\/antcube.shop\/de\/wp-json\/wp\/v2\/product"}],"about":[{"href":"https:\/\/antcube.shop\/de\/wp-json\/wp\/v2\/types\/product"}],"replies":[{"embeddable":true,"href":"https:\/\/antcube.shop\/de\/wp-json\/wp\/v2\/comments?post=9311"}],"wp:featuredmedia":[{"embeddable":true,"href":"https:\/\/antcube.shop\/de\/wp-json\/wp\/v2\/media\/9598"}],"wp:attachment":[{"href":"https:\/\/antcube.shop\/de\/wp-json\/wp\/v2\/media?parent=9311"}],"wp:term":[{"taxonomy":"product_brand","embeddable":true,"href":"https:\/\/antcube.shop\/de\/wp-json\/wp\/v2\/product_brand?post=9311"},{"taxonomy":"product_cat","embeddable":true,"href":"https:\/\/antcube.shop\/de\/wp-json\/wp\/v2\/product_cat?post=9311"},{"taxonomy":"product_tag","embeddable":true,"href":"https:\/\/antcube.shop\/de\/wp-json\/wp\/v2\/product_tag?post=9311"}],"curies":[{"name":"wp","href":"https:\/\/api.w.org\/{rel}","templated":true}]}}