{"id":9309,"date":"2024-09-17T16:10:44","date_gmt":"2024-09-17T14:10:44","guid":{"rendered":"https:\/\/antcube.shop\/en\/product\/einsteckeinsatz-fein-fur-gittereinsatz-acryl-50-mm\/"},"modified":"2026-03-24T16:45:14","modified_gmt":"2026-03-24T15:45:14","slug":"einsteckeinsatz-fein-fur-gittereinsatz-acryl-50-mm","status":"publish","type":"product","link":"https:\/\/antcube.shop\/de\/produkt\/einsteckeinsatz-fein-fur-gittereinsatz-acryl-50-mm\/","title":{"rendered":"Feineinsatz - f\u00fcr Acrylgittereinsatz 50 mm"},"content":{"rendered":"<p><strong>Menge:<\/strong> 1 St\u00fcck<\/p>\n<p><strong>Abmessungen:<\/strong> 50x10mm<\/p>\n<p><strong>Farbe:<\/strong> transparent<\/p>\n<p><strong>Material:<\/strong> Kunststoff<\/p>\n<p><strong>Beschreibung:<\/strong><br \/>\nDieser Einsatz mit sehr feiner Maschenweite (0,2-0,3 mm) f\u00fcr den \"Gittereinsatz Acryl 50 mm - klar\" verhindert, dass kleine Ameisen durch die breiten L\u00fcftungsschlitze des Gittereinsatzes entkommen k\u00f6nnen. Der Einsatz wird von unten in den Gittereinsatz eingesetzt.<\/p>\n<p>Auch f\u00fcr sehr bissige Arten wie Blattschneiderameisen geeignet!<\/p>\n<p><strong>Anmerkung:<\/strong> Bitte beachten Sie, dass Sie diesen Artikel nur in Verbindung mit dem Artikel verwenden k\u00f6nnen: \"005044 Gittereinsatz Acryl 50 mm - klar\"!<\/p>","protected":false},"excerpt":{"rendered":"<p>Menge: 1 St\u00fcck Abmessungen: 50x10mm Farbe: transparent Material: Kunststoff Beschreibung: Dieser Einsatz mit sehr feiner Maschenweite (0,2-0,3 mm) f\u00fcr den \"Gittereinsatz Acryl 50 mm - klar\" verhindert, dass kleine Ameisen durch die breiten L\u00fcftungsschlitze des Gittereinsatzes entkommen k\u00f6nnen. Der Einsatz wird von unten in den Gittereinsatz eingesetzt. Auch geeignet f\u00fcr sehr","protected":false},"featured_media":9842,"comment_status":"open","ping_status":"closed","template":"","meta":{"_acf_changed":false,"content-type":"","_monsterinsights_skip_tracking":false,"_monsterinsights_sitenote_active":false,"_monsterinsights_sitenote_note":"","_monsterinsights_sitenote_category":0},"product_brand":[],"product_cat":[119,238],"product_tag":[],"class_list":{"0":"post-9309","1":"product","2":"type-product","3":"status-publish","4":"has-post-thumbnail","6":"product_cat-formicarium-components","7":"product_cat-grid-caps-plugs-and-inserts","9":"first","10":"outofstock","11":"taxable","12":"shipping-taxable","13":"purchasable","14":"product-type-simple"},"acf":[],"aioseo_notices":[],"jetpack_sharing_enabled":true,"_links":{"self":[{"href":"https:\/\/antcube.shop\/de\/wp-json\/wp\/v2\/product\/9309","targetHints":{"allow":["GET"]}}],"collection":[{"href":"https:\/\/antcube.shop\/de\/wp-json\/wp\/v2\/product"}],"about":[{"href":"https:\/\/antcube.shop\/de\/wp-json\/wp\/v2\/types\/product"}],"replies":[{"embeddable":true,"href":"https:\/\/antcube.shop\/de\/wp-json\/wp\/v2\/comments?post=9309"}],"wp:featuredmedia":[{"embeddable":true,"href":"https:\/\/antcube.shop\/de\/wp-json\/wp\/v2\/media\/9842"}],"wp:attachment":[{"href":"https:\/\/antcube.shop\/de\/wp-json\/wp\/v2\/media?parent=9309"}],"wp:term":[{"taxonomy":"product_brand","embeddable":true,"href":"https:\/\/antcube.shop\/de\/wp-json\/wp\/v2\/product_brand?post=9309"},{"taxonomy":"product_cat","embeddable":true,"href":"https:\/\/antcube.shop\/de\/wp-json\/wp\/v2\/product_cat?post=9309"},{"taxonomy":"product_tag","embeddable":true,"href":"https:\/\/antcube.shop\/de\/wp-json\/wp\/v2\/product_tag?post=9309"}],"curies":[{"name":"wp","href":"https:\/\/api.w.org\/{rel}","templated":true}]}}