{"id":9307,"date":"2024-09-17T16:10:04","date_gmt":"2024-09-17T14:10:04","guid":{"rendered":"https:\/\/antcube.shop\/en\/product\/formicarienstopfen-fur-13mm-bohrung\/"},"modified":"2026-04-23T13:02:10","modified_gmt":"2026-04-23T11:02:10","slug":"formicarienstopfen-fur-13mm-bohrung","status":"publish","type":"product","link":"https:\/\/antcube.shop\/de\/produkt\/formicarienstopfen-fur-13mm-bohrung\/","title":{"rendered":"Formicarium-Stopfen f\u00fcr 13 mm Loch"},"content":{"rendered":"<p><strong>Menge:<\/strong> 1 St\u00fcck<\/p>\n<p><strong>Abmessungen:<\/strong> 18\u00d79 mm<\/p>\n<p><strong>Material:<\/strong> PE-Kunststoff<\/p>\n<p><strong>Farbe:<\/strong> transparent, milchig<\/p>\n<p><strong>Beschreibung:<\/strong> Zum Verschlie\u00dfen von runden \u00d6ffnungen in Formikarien mit einem Durchmesser von 4 mm<br \/>\nAuf Wunsch und gegen Aufpreis k\u00f6nnen wir auch L\u00f6cher in die Stopfen schneiden.<br \/>\nDie folgenden Ausschnitte werden z. B. f\u00fcr die folgenden Gegenst\u00e4nde empfohlen:<br \/>\n10mm z.B. f\u00fcr Schlauch oder Rohr 10mm<\/p>","protected":false},"excerpt":{"rendered":"<p>Menge: 1 St\u00fcck Abmessungen: 18x9 mm Material: PE-Kunststoff Farbe: transparent, milchig Beschreibung: Zum Verschlie\u00dfen von runden \u00d6ffnungen in Formicarien mit einem Durchmesser von 13 mm. Auf Wunsch und gegen Aufpreis k\u00f6nnen wir auch L\u00f6cher in die Stopfen schneiden. Folgende Ausschnitte werden empfohlen, z.B.: 10mm z.B. f\u00fcr Schlauch oder","protected":false},"featured_media":9849,"comment_status":"open","ping_status":"closed","template":"","meta":{"_acf_changed":false,"content-type":"","_monsterinsights_skip_tracking":false,"_monsterinsights_sitenote_active":false,"_monsterinsights_sitenote_note":"","_monsterinsights_sitenote_category":0},"product_brand":[],"product_cat":[119,238],"product_tag":[],"class_list":{"0":"post-9307","1":"product","2":"type-product","3":"status-publish","4":"has-post-thumbnail","6":"product_cat-formicarium-components","7":"product_cat-grid-caps-plugs-and-inserts","9":"first","10":"instock","11":"taxable","12":"shipping-taxable","13":"purchasable","14":"product-type-simple"},"acf":[],"aioseo_notices":[],"jetpack_sharing_enabled":true,"_links":{"self":[{"href":"https:\/\/antcube.shop\/de\/wp-json\/wp\/v2\/product\/9307","targetHints":{"allow":["GET"]}}],"collection":[{"href":"https:\/\/antcube.shop\/de\/wp-json\/wp\/v2\/product"}],"about":[{"href":"https:\/\/antcube.shop\/de\/wp-json\/wp\/v2\/types\/product"}],"replies":[{"embeddable":true,"href":"https:\/\/antcube.shop\/de\/wp-json\/wp\/v2\/comments?post=9307"}],"wp:featuredmedia":[{"embeddable":true,"href":"https:\/\/antcube.shop\/de\/wp-json\/wp\/v2\/media\/9849"}],"wp:attachment":[{"href":"https:\/\/antcube.shop\/de\/wp-json\/wp\/v2\/media?parent=9307"}],"wp:term":[{"taxonomy":"product_brand","embeddable":true,"href":"https:\/\/antcube.shop\/de\/wp-json\/wp\/v2\/product_brand?post=9307"},{"taxonomy":"product_cat","embeddable":true,"href":"https:\/\/antcube.shop\/de\/wp-json\/wp\/v2\/product_cat?post=9307"},{"taxonomy":"product_tag","embeddable":true,"href":"https:\/\/antcube.shop\/de\/wp-json\/wp\/v2\/product_tag?post=9307"}],"curies":[{"name":"wp","href":"https:\/\/api.w.org\/{rel}","templated":true}]}}