{"id":9292,"date":"2024-09-17T15:59:51","date_gmt":"2024-09-17T13:59:51","guid":{"rendered":"https:\/\/antcube.shop\/en\/product\/pilz-von-atta-cephalotes\/"},"modified":"2026-04-14T07:58:08","modified_gmt":"2026-04-14T05:58:08","slug":"pilz-von-atta-cephalotes","status":"publish","type":"product","link":"https:\/\/antcube.shop\/de\/produkt\/pilz-von-atta-cephalotes\/","title":{"rendered":"Pilz von Atta cephalotes"},"content":{"rendered":"<p><span data-text-color=\"alert\"><strong>Versand nur innerhalb Deutschlands m\u00f6glich!<\/strong><\/span><\/p>\n<p><strong>Menge:<\/strong> (Satz)<br \/>\n1x Transportrohr<br \/>\n1x luftdurchl\u00e4ssiger Stopfen<br \/>\n1x frischer Pilz, mindestens 1cm\u00b3<\/p>\n<p><strong>Beschreibung:<\/strong> Wir bieten einen Ersatzpilz f\u00fcr Notf\u00e4lle an, in denen der Pilz der Blattschneiderameisen aufgrund von falscher Temperatur, Feuchtigkeit oder anderen Gr\u00fcnden zur\u00fcckgeht oder abstirbt.<br \/>\nEine Einheit von 1 cm\u00b3 reicht aus, um eine Kolonie von 11-25 Tieren wieder in Gang zu bringen.<br \/>\nDer gelieferte Pilz kann kleine Pilzpfleger (Miniarbeiter) enthalten.<br \/>\nDiese kleinen Mini-Arbeiter sind kein Problem f\u00fcr die bestehende Kolonie, da sie sich nur um den Pilz k\u00fcmmern.<\/p>\n<p><strong>Verwendung:<\/strong><br \/>\nPilz = f\u00fcr pilzfressende Ameisenarten<br \/>\nDies ist ein Alleinfuttermittel (Einzelfuttermittel)<br \/>\nDer Transportbeh\u00e4lter wird ge\u00f6ffnet und neben das Ameisenvolk gestellt. Die Tiere tragen dann die Pilzst\u00fccke selbst\u00e4ndig heraus.<\/p>\n<p><strong>Lagerung:<\/strong> 25\u00b0C und 90% Feuchtigkeit<\/p>\n<p><strong>Enth\u00e4lt:<\/strong><br \/>\nfrische und originelle Pilzst\u00fccke der genannten Ameisenarten.<\/p>\n<p><strong>Anmerkung:<\/strong><br \/>\nWeitere Informationen entnehmen Sie bitte der Packungsbeilage.<\/p>\n<p>Informations-Hotline +49 30 439703870<\/p>\n<p><strong>Zust\u00e4ndiges Veterin\u00e4r- und Lebensmittelinspektorat:<\/strong><br \/>\nVeterin\u00e4ramt Steglitz<br \/>\nK\u00f6nigin-Luise-Str. 92<br \/>\n14195 Berlin<\/p>","protected":false},"excerpt":{"rendered":"<p>Alleinfuttermittel<\/p>","protected":false},"featured_media":9777,"comment_status":"open","ping_status":"closed","template":"","meta":{"_acf_changed":false,"content-type":"","_monsterinsights_skip_tracking":false,"_monsterinsights_sitenote_active":false,"_monsterinsights_sitenote_note":"","_monsterinsights_sitenote_category":0},"product_brand":[],"product_cat":[115,116],"product_tag":[],"class_list":{"0":"post-9292","1":"product","2":"type-product","3":"status-publish","4":"has-post-thumbnail","6":"product_cat-food-and-feeding","7":"product_cat-food","9":"first","10":"instock","11":"taxable","12":"shipping-taxable","13":"purchasable","14":"product-type-simple"},"acf":[],"aioseo_notices":[],"jetpack_sharing_enabled":true,"_links":{"self":[{"href":"https:\/\/antcube.shop\/de\/wp-json\/wp\/v2\/product\/9292","targetHints":{"allow":["GET"]}}],"collection":[{"href":"https:\/\/antcube.shop\/de\/wp-json\/wp\/v2\/product"}],"about":[{"href":"https:\/\/antcube.shop\/de\/wp-json\/wp\/v2\/types\/product"}],"replies":[{"embeddable":true,"href":"https:\/\/antcube.shop\/de\/wp-json\/wp\/v2\/comments?post=9292"}],"wp:featuredmedia":[{"embeddable":true,"href":"https:\/\/antcube.shop\/de\/wp-json\/wp\/v2\/media\/9777"}],"wp:attachment":[{"href":"https:\/\/antcube.shop\/de\/wp-json\/wp\/v2\/media?parent=9292"}],"wp:term":[{"taxonomy":"product_brand","embeddable":true,"href":"https:\/\/antcube.shop\/de\/wp-json\/wp\/v2\/product_brand?post=9292"},{"taxonomy":"product_cat","embeddable":true,"href":"https:\/\/antcube.shop\/de\/wp-json\/wp\/v2\/product_cat?post=9292"},{"taxonomy":"product_tag","embeddable":true,"href":"https:\/\/antcube.shop\/de\/wp-json\/wp\/v2\/product_tag?post=9292"}],"curies":[{"name":"wp","href":"https:\/\/api.w.org\/{rel}","templated":true}]}}