{"id":9291,"date":"2024-09-17T15:59:27","date_gmt":"2024-09-17T13:59:27","guid":{"rendered":"https:\/\/antcube.shop\/en\/product\/brombeerblatter-100g-frisch\/"},"modified":"2026-03-31T20:25:10","modified_gmt":"2026-03-31T18:25:10","slug":"brombeerblatter-100g-frisch","status":"publish","type":"product","link":"https:\/\/antcube.shop\/de\/produkt\/brombeerblatter-100g-frisch\/","title":{"rendered":"Brombeerbl\u00e4tter 100g - frisch"},"content":{"rendered":"<p><strong>Inhalt:<\/strong> 100 g frische Brombeerbl\u00e4tter<\/p>\n<p><strong>Beschreibung:<\/strong> Brombeerbl\u00e4tter als Brutst\u00e4tte f\u00fcr pilzbewohnende Ameisenarten.<\/p>\n<p><strong>Verwendung:<\/strong><br \/>\nBrombeerbl\u00e4tter = f\u00fcr pilzbr\u00fctende Ameisenarten<br \/>\nDies ist ein \"Alleinfuttermittel\" und dient nur als N\u00e4hrboden f\u00fcr den Pilz.<br \/>\nLegen Sie die zu f\u00fctternden Bl\u00e4tter einfach in die Futterkammer.<\/p>\n<p>Lagerung: 5-8\u00b0C \/ 60-90% Luftfeuchtigkeit. (alternativ auch in einer Vase mit Wasser)<\/p>\n<p><strong>Enth\u00e4lt:<\/strong><br \/>\n100% frische Brombeerbl\u00e4tter<\/p>\n<p><strong>Anmerkung:<\/strong><br \/>\nWeitere Informationen entnehmen Sie bitte der Packungsbeilage.<\/p>\n<p>Informations-Hotline +49 30 439703870<\/p>\n<p>Zust\u00e4ndiges Veterin\u00e4r- und Lebensmittelinspektorat:<br \/>\nVeterin\u00e4ramt Steglitz<br \/>\nK\u00f6nigin-Luise-Str. 92<br \/>\n14195 Berlin<\/p>","protected":false},"excerpt":{"rendered":"<p>Inhalt: 100g frische Brombeerbl\u00e4tter Beschreibung: Brombeerbl\u00e4tter als N\u00e4hrboden f\u00fcr pilzbewohnende Ameisenarten. Verwendung: Brombeerbl\u00e4tter = f\u00fcr pilzz\u00fcchtende Ameisenarten Dies ist ein \"Alleinfuttermittel\" und wird nur als N\u00e4hrboden f\u00fcr den Pilz verwendet. Legen Sie einfach die zu f\u00fctternden Bl\u00e4tter in die Futterkammer. Lagerung: 5-8\u00b0C","protected":false},"featured_media":9603,"comment_status":"open","ping_status":"closed","template":"","meta":{"_acf_changed":false,"content-type":"","_monsterinsights_skip_tracking":false,"_monsterinsights_sitenote_active":false,"_monsterinsights_sitenote_note":"","_monsterinsights_sitenote_category":0},"product_brand":[],"product_cat":[115,116],"product_tag":[],"class_list":{"0":"post-9291","1":"product","2":"type-product","3":"status-publish","4":"has-post-thumbnail","6":"product_cat-food-and-feeding","7":"product_cat-food","9":"first","10":"onbackorder","11":"taxable","12":"shipping-taxable","13":"purchasable","14":"product-type-simple"},"acf":[],"aioseo_notices":[],"jetpack_sharing_enabled":true,"_links":{"self":[{"href":"https:\/\/antcube.shop\/de\/wp-json\/wp\/v2\/product\/9291","targetHints":{"allow":["GET"]}}],"collection":[{"href":"https:\/\/antcube.shop\/de\/wp-json\/wp\/v2\/product"}],"about":[{"href":"https:\/\/antcube.shop\/de\/wp-json\/wp\/v2\/types\/product"}],"replies":[{"embeddable":true,"href":"https:\/\/antcube.shop\/de\/wp-json\/wp\/v2\/comments?post=9291"}],"wp:featuredmedia":[{"embeddable":true,"href":"https:\/\/antcube.shop\/de\/wp-json\/wp\/v2\/media\/9603"}],"wp:attachment":[{"href":"https:\/\/antcube.shop\/de\/wp-json\/wp\/v2\/media?parent=9291"}],"wp:term":[{"taxonomy":"product_brand","embeddable":true,"href":"https:\/\/antcube.shop\/de\/wp-json\/wp\/v2\/product_brand?post=9291"},{"taxonomy":"product_cat","embeddable":true,"href":"https:\/\/antcube.shop\/de\/wp-json\/wp\/v2\/product_cat?post=9291"},{"taxonomy":"product_tag","embeddable":true,"href":"https:\/\/antcube.shop\/de\/wp-json\/wp\/v2\/product_tag?post=9291"}],"curies":[{"name":"wp","href":"https:\/\/api.w.org\/{rel}","templated":true}]}}