{"id":9289,"date":"2024-09-17T15:58:27","date_gmt":"2024-09-17T13:58:27","guid":{"rendered":"https:\/\/antcube.shop\/en\/product\/tranke-45ml-65mm-blau\/"},"modified":"2026-04-06T11:46:18","modified_gmt":"2026-04-06T09:46:18","slug":"tranke-45ml-65mm-blau","status":"publish","type":"product","link":"https:\/\/antcube.shop\/de\/produkt\/tranke-45ml-65mm-blau\/","title":{"rendered":"Tr\u00e4nktrog 45ml - 65mm - blau"},"content":{"rendered":"<p><strong>L\u00e4nge:<\/strong> 65 mm, 45 ml<\/p>\n<p><strong>Material:<\/strong> Kunststoff<\/p>\n<p><strong>Beschreibung:<\/strong> Damit sich die Ameisen in einem Formicarium mit ausreichend Feuchtigkeit versorgen k\u00f6nnen. Das Wasser kann auch mit Honig gemischt werden. Ideal auch f\u00fcr die Urlaubszeit. Es empfiehlt sich, den Boden der Tr\u00e4nke mit saugf\u00e4higer Baumwolle oder einem Schwamm abzudecken, damit die Ameisen nicht ertrinken.<\/p>\n<p><strong>Farbe der Basis:<\/strong> wei\u00df<br \/>\n<strong>Farbe des Beh\u00e4lters:<\/strong> blau transparent<\/p>","protected":false},"excerpt":{"rendered":"<p>L\u00e4nge: 65 mm, Material: Kunststoff<\/p>","protected":false},"featured_media":9608,"comment_status":"open","ping_status":"closed","template":"","meta":{"_acf_changed":false,"content-type":"","_monsterinsights_skip_tracking":false,"_monsterinsights_sitenote_active":false,"_monsterinsights_sitenote_note":"","_monsterinsights_sitenote_category":0},"product_brand":[],"product_cat":[115,117],"product_tag":[],"class_list":{"0":"post-9289","1":"product","2":"type-product","3":"status-publish","4":"has-post-thumbnail","6":"product_cat-food-and-feeding","7":"product_cat-drinkers-for-ants","9":"first","10":"instock","11":"taxable","12":"shipping-taxable","13":"purchasable","14":"product-type-simple"},"acf":[],"aioseo_notices":[],"jetpack_sharing_enabled":true,"_links":{"self":[{"href":"https:\/\/antcube.shop\/de\/wp-json\/wp\/v2\/product\/9289","targetHints":{"allow":["GET"]}}],"collection":[{"href":"https:\/\/antcube.shop\/de\/wp-json\/wp\/v2\/product"}],"about":[{"href":"https:\/\/antcube.shop\/de\/wp-json\/wp\/v2\/types\/product"}],"replies":[{"embeddable":true,"href":"https:\/\/antcube.shop\/de\/wp-json\/wp\/v2\/comments?post=9289"}],"wp:featuredmedia":[{"embeddable":true,"href":"https:\/\/antcube.shop\/de\/wp-json\/wp\/v2\/media\/9608"}],"wp:attachment":[{"href":"https:\/\/antcube.shop\/de\/wp-json\/wp\/v2\/media?parent=9289"}],"wp:term":[{"taxonomy":"product_brand","embeddable":true,"href":"https:\/\/antcube.shop\/de\/wp-json\/wp\/v2\/product_brand?post=9289"},{"taxonomy":"product_cat","embeddable":true,"href":"https:\/\/antcube.shop\/de\/wp-json\/wp\/v2\/product_cat?post=9289"},{"taxonomy":"product_tag","embeddable":true,"href":"https:\/\/antcube.shop\/de\/wp-json\/wp\/v2\/product_tag?post=9289"}],"curies":[{"name":"wp","href":"https:\/\/api.w.org\/{rel}","templated":true}]}}