{"id":9273,"date":"2024-09-17T15:00:07","date_gmt":"2024-09-17T13:00:07","guid":{"rendered":"https:\/\/antcube.shop\/en\/product\/mini-thermometer-analog-metall-25mm\/"},"modified":"2026-04-05T12:30:33","modified_gmt":"2026-04-05T10:30:33","slug":"mini-thermometer-analog-metall-25mm","status":"publish","type":"product","link":"https:\/\/antcube.shop\/de\/produkt\/mini-thermometer-analog-metall-25mm\/","title":{"rendered":"Mini-Thermometer analog Metall - 25mm"},"content":{"rendered":"<p><strong>Abmessungen:<\/strong> 25mm<\/p>\n<p><strong>Farbe:<\/strong> Metall, Silber<\/p>\n<p><strong>Messbereich:<\/strong> -20 bis +50\u00b0C \/ -10 bis +130\u00b0F<\/p>\n<p><strong>Genauigkeit:<\/strong> +\/- 2\u00b0C , +\/- 4\u00b0F<\/p>\n<p><strong>Beschreibung:<\/strong><br \/>\nAnaloges Thermometer, das besonders f\u00fcr sehr kleine Formikarien geeignet ist.<br \/>\nEr wird mit dem \"Formicarium-Stopfen f\u00fcr 27-mm-Loch\" mit einem 22-mm-Ausschnitt an einem 27-mm-Loch befestigt.<br \/>\nAndernfalls kann das Thermometer mit doppelseitigem Klebeband (nicht im Lieferumfang enthalten) an der Innenseite der R\u00fcckseite des Formicariums befestigt werden.<\/p>\n<p><strong>Anmerkung:<\/strong><br \/>\nVerschlie\u00dfen Sie die hintere \u00d6ffnung des Thermometers nicht, da dies zu Messfehlern f\u00fchren kann.<\/p>","protected":false},"excerpt":{"rendered":"<p>Messbereich: -20 bis +50\u00b0C \/ -10 bis +130\u00b0F, Durchmesser: 25 mm<\/p>","protected":false},"featured_media":9748,"comment_status":"open","ping_status":"closed","template":"","meta":{"_acf_changed":false,"content-type":"","_monsterinsights_skip_tracking":false,"_monsterinsights_sitenote_active":false,"_monsterinsights_sitenote_note":"","_monsterinsights_sitenote_category":0},"product_brand":[],"product_cat":[359,119],"product_tag":[],"class_list":{"0":"post-9273","1":"product","2":"type-product","3":"status-publish","4":"has-post-thumbnail","6":"product_cat-light-heat-humidity","7":"product_cat-formicarium-components","9":"first","10":"instock","11":"taxable","12":"shipping-taxable","13":"purchasable","14":"product-type-simple"},"acf":[],"aioseo_notices":[],"jetpack_sharing_enabled":true,"_links":{"self":[{"href":"https:\/\/antcube.shop\/de\/wp-json\/wp\/v2\/product\/9273","targetHints":{"allow":["GET"]}}],"collection":[{"href":"https:\/\/antcube.shop\/de\/wp-json\/wp\/v2\/product"}],"about":[{"href":"https:\/\/antcube.shop\/de\/wp-json\/wp\/v2\/types\/product"}],"replies":[{"embeddable":true,"href":"https:\/\/antcube.shop\/de\/wp-json\/wp\/v2\/comments?post=9273"}],"wp:featuredmedia":[{"embeddable":true,"href":"https:\/\/antcube.shop\/de\/wp-json\/wp\/v2\/media\/9748"}],"wp:attachment":[{"href":"https:\/\/antcube.shop\/de\/wp-json\/wp\/v2\/media?parent=9273"}],"wp:term":[{"taxonomy":"product_brand","embeddable":true,"href":"https:\/\/antcube.shop\/de\/wp-json\/wp\/v2\/product_brand?post=9273"},{"taxonomy":"product_cat","embeddable":true,"href":"https:\/\/antcube.shop\/de\/wp-json\/wp\/v2\/product_cat?post=9273"},{"taxonomy":"product_tag","embeddable":true,"href":"https:\/\/antcube.shop\/de\/wp-json\/wp\/v2\/product_tag?post=9273"}],"curies":[{"name":"wp","href":"https:\/\/api.w.org\/{rel}","templated":true}]}}