{"id":9270,"date":"2024-09-17T14:57:58","date_gmt":"2024-09-17T12:57:58","guid":{"rendered":"https:\/\/antcube.shop\/en\/product\/mini-thermo-hygrometer-analog-display-front\/"},"modified":"2026-04-14T12:07:24","modified_gmt":"2026-04-14T10:07:24","slug":"mini-thermo-hygrometer-analoganzeige-front","status":"publish","type":"product","link":"https:\/\/antcube.shop\/de\/produkt\/mini-thermo-hygrometer-analoganzeige-front\/","title":{"rendered":"Mini-Thermo- Hygrometer analog - Anzeige - Vorderseite"},"content":{"rendered":"<p><strong>Abmessungen:<\/strong> 75mm x 60mm, 8mm tief<\/p>\n<p><strong>Material:<\/strong> Metall \/ Acrylglas<\/p>\n<p><strong>Farbe:<\/strong> Metall, silber \/ transparent<\/p>\n<p><strong>Inhalt:<\/strong> 1x Mini-Thermometer analog Metall - 25mm, 1x Mini-Hygrometer analog Metall - 25mm, 1x Acrylglashalter mit Aussparungen f\u00fcr die Messger\u00e4te - 75x45mm, 1x Acrylglasboden - 75x20mm, 2x transparente Klebepads - 30x20mm<\/p>\n<p><strong>Beschreibung:<\/strong><br \/>\nDas Set besteht aus einem analogen Thermometer und Hygrometer aus Metall (25mm), die in eine Acrylglasplatte (75x6mm) eingesetzt sind. Die Befestigung der Anzeige erfolgt \u00fcber zwei transparente Klebepads, mit denen der Sockel an jeder beliebigen Stelle der Beckenwand frontal angebracht werden kann. So kann der Standort der Wertanzeige an die individuellen Bed\u00fcrfnisse angepasst werden.<\/p>\n<p><strong>Anmerkung:<\/strong><br \/>\nDie Messinstrumente auf der R\u00fcckseite m\u00fcssen frei bleiben, da sonst Messfehler auftreten k\u00f6nnen.<\/p>\n<p>Genauigkeit: +\/- 2\u00b0C , +\/- 4\u00b0F<br \/>\nGenauigkeit: +\/- 5%<\/p>","protected":false},"excerpt":{"rendered":"<p>Set aus Thermometer und Hygrometer aus Metall (25mm) eingelegt in Acrylglasplatte (75x45mm)<\/p>","protected":false},"featured_media":9738,"comment_status":"open","ping_status":"closed","template":"","meta":{"_acf_changed":false,"content-type":"","_monsterinsights_skip_tracking":false,"_monsterinsights_sitenote_active":false,"_monsterinsights_sitenote_note":"","_monsterinsights_sitenote_category":0},"product_brand":[],"product_cat":[359,119],"product_tag":[],"class_list":{"0":"post-9270","1":"product","2":"type-product","3":"status-publish","4":"has-post-thumbnail","6":"product_cat-light-heat-humidity","7":"product_cat-formicarium-components","9":"first","10":"instock","11":"taxable","12":"shipping-taxable","13":"purchasable","14":"product-type-simple"},"acf":[],"aioseo_notices":[],"jetpack_sharing_enabled":true,"_links":{"self":[{"href":"https:\/\/antcube.shop\/de\/wp-json\/wp\/v2\/product\/9270","targetHints":{"allow":["GET"]}}],"collection":[{"href":"https:\/\/antcube.shop\/de\/wp-json\/wp\/v2\/product"}],"about":[{"href":"https:\/\/antcube.shop\/de\/wp-json\/wp\/v2\/types\/product"}],"replies":[{"embeddable":true,"href":"https:\/\/antcube.shop\/de\/wp-json\/wp\/v2\/comments?post=9270"}],"wp:featuredmedia":[{"embeddable":true,"href":"https:\/\/antcube.shop\/de\/wp-json\/wp\/v2\/media\/9738"}],"wp:attachment":[{"href":"https:\/\/antcube.shop\/de\/wp-json\/wp\/v2\/media?parent=9270"}],"wp:term":[{"taxonomy":"product_brand","embeddable":true,"href":"https:\/\/antcube.shop\/de\/wp-json\/wp\/v2\/product_brand?post=9270"},{"taxonomy":"product_cat","embeddable":true,"href":"https:\/\/antcube.shop\/de\/wp-json\/wp\/v2\/product_cat?post=9270"},{"taxonomy":"product_tag","embeddable":true,"href":"https:\/\/antcube.shop\/de\/wp-json\/wp\/v2\/product_tag?post=9270"}],"curies":[{"name":"wp","href":"https:\/\/api.w.org\/{rel}","templated":true}]}}