{"id":9268,"date":"2024-09-17T14:52:05","date_gmt":"2024-09-17T12:52:05","guid":{"rendered":"https:\/\/antcube.shop\/en\/product\/heat-pack-alubeutel-36-std\/"},"modified":"2026-02-09T17:52:40","modified_gmt":"2026-02-09T16:52:40","slug":"warmepackung-aluminiumbeutel-36-std","status":"publish","type":"product","link":"https:\/\/antcube.shop\/de\/produkt\/warmepackung-aluminiumbeutel-36-std\/","title":{"rendered":"Heat Pack - Aluminiumbeutel - 36 Std."},"content":{"rendered":"<p><strong>Abmessungen:<\/strong> 16 x 11,5 cm<\/p>\n<p><strong>Beschreibung:<\/strong> W\u00e4rmepackungen erhitzen sich auf max. 45\u00b0C auf, wenn sie mit Sauerstoff in Ber\u00fchrung kommen. Sie werden als W\u00e4rmequelle beim Transport von tropischen Ameisenkolonien eingesetzt, um eine Unterk\u00fchlung der Tiere zu verhindern. Heizleistung f\u00fcr ca. 36 Stunden.<\/p>\n<p>Kann nur einmal verwendet werden!<\/p>\n<p><strong>Zutaten:<\/strong> Eisen, Aktivkohle, Belmilit, Salz, Wasser<\/p>","protected":false},"excerpt":{"rendered":"<p>Heizleistung f\u00fcr 36 Stunden<\/p>","protected":false},"featured_media":9732,"comment_status":"open","ping_status":"closed","template":"","meta":{"_acf_changed":false,"content-type":"","_monsterinsights_skip_tracking":false,"_monsterinsights_sitenote_active":false,"_monsterinsights_sitenote_note":"","_monsterinsights_sitenote_category":0},"product_brand":[],"product_cat":[237],"product_tag":[],"class_list":{"0":"post-9268","1":"product","2":"type-product","3":"status-publish","4":"has-post-thumbnail","6":"product_cat-tools","8":"first","9":"instock","10":"taxable","11":"shipping-taxable","12":"purchasable","13":"product-type-simple"},"acf":[],"aioseo_notices":[],"jetpack_sharing_enabled":true,"_links":{"self":[{"href":"https:\/\/antcube.shop\/de\/wp-json\/wp\/v2\/product\/9268","targetHints":{"allow":["GET"]}}],"collection":[{"href":"https:\/\/antcube.shop\/de\/wp-json\/wp\/v2\/product"}],"about":[{"href":"https:\/\/antcube.shop\/de\/wp-json\/wp\/v2\/types\/product"}],"replies":[{"embeddable":true,"href":"https:\/\/antcube.shop\/de\/wp-json\/wp\/v2\/comments?post=9268"}],"wp:featuredmedia":[{"embeddable":true,"href":"https:\/\/antcube.shop\/de\/wp-json\/wp\/v2\/media\/9732"}],"wp:attachment":[{"href":"https:\/\/antcube.shop\/de\/wp-json\/wp\/v2\/media?parent=9268"}],"wp:term":[{"taxonomy":"product_brand","embeddable":true,"href":"https:\/\/antcube.shop\/de\/wp-json\/wp\/v2\/product_brand?post=9268"},{"taxonomy":"product_cat","embeddable":true,"href":"https:\/\/antcube.shop\/de\/wp-json\/wp\/v2\/product_cat?post=9268"},{"taxonomy":"product_tag","embeddable":true,"href":"https:\/\/antcube.shop\/de\/wp-json\/wp\/v2\/product_tag?post=9268"}],"curies":[{"name":"wp","href":"https:\/\/api.w.org\/{rel}","templated":true}]}}