{"id":9259,"date":"2024-09-17T14:48:17","date_gmt":"2024-09-17T12:48:17","guid":{"rendered":"https:\/\/antcube.shop\/en\/product\/fotoruckwand-regenwald-60x30-quer\/"},"modified":"2026-04-05T20:47:14","modified_gmt":"2026-04-05T18:47:14","slug":"fotoruckwand-regenwald-60x30-quer","status":"publish","type":"product","link":"https:\/\/antcube.shop\/de\/produkt\/fotoruckwand-regenwald-60x30-quer\/","title":{"rendered":"Foto-R\u00fcckwand - Regenwald - 60\u00d730 - Querformat"},"content":{"rendered":"<p><strong>Abmessungen:<\/strong> 60x30cm<\/p>\n<p><strong>Material:<\/strong> Gl\u00e4nzendes Folienpapier<\/p>\n<p><strong>Inhalt:<\/strong> 1x Fotohintergrund<\/p>\n<p><strong>Beschreibung:<\/strong> Diese Fotounterlage wird au\u00dfen auf die R\u00fcckseite des Formicariums geklebt, um den Eindruck einer Umgebung zu vermitteln, die dem nat\u00fcrlichen Lebensraum der Ameisen entspricht.<\/p>","protected":false},"excerpt":{"rendered":"<p>Material: Gl\u00e4nzendes Folienpapier<\/p>","protected":false},"featured_media":9713,"comment_status":"open","ping_status":"closed","template":"","meta":{"_acf_changed":false,"content-type":"","_monsterinsights_skip_tracking":false,"_monsterinsights_sitenote_active":false,"_monsterinsights_sitenote_note":"","_monsterinsights_sitenote_category":0},"product_brand":[],"product_cat":[97,106],"product_tag":[],"class_list":{"0":"post-9259","1":"product","2":"type-product","3":"status-publish","4":"has-post-thumbnail","6":"product_cat-photo-backwalls","7":"product_cat-rainforest-photo-backwall","9":"first","10":"instock","11":"taxable","12":"shipping-taxable","13":"purchasable","14":"product-type-simple"},"acf":[],"aioseo_notices":[],"jetpack_sharing_enabled":true,"_links":{"self":[{"href":"https:\/\/antcube.shop\/de\/wp-json\/wp\/v2\/product\/9259","targetHints":{"allow":["GET"]}}],"collection":[{"href":"https:\/\/antcube.shop\/de\/wp-json\/wp\/v2\/product"}],"about":[{"href":"https:\/\/antcube.shop\/de\/wp-json\/wp\/v2\/types\/product"}],"replies":[{"embeddable":true,"href":"https:\/\/antcube.shop\/de\/wp-json\/wp\/v2\/comments?post=9259"}],"wp:featuredmedia":[{"embeddable":true,"href":"https:\/\/antcube.shop\/de\/wp-json\/wp\/v2\/media\/9713"}],"wp:attachment":[{"href":"https:\/\/antcube.shop\/de\/wp-json\/wp\/v2\/media?parent=9259"}],"wp:term":[{"taxonomy":"product_brand","embeddable":true,"href":"https:\/\/antcube.shop\/de\/wp-json\/wp\/v2\/product_brand?post=9259"},{"taxonomy":"product_cat","embeddable":true,"href":"https:\/\/antcube.shop\/de\/wp-json\/wp\/v2\/product_cat?post=9259"},{"taxonomy":"product_tag","embeddable":true,"href":"https:\/\/antcube.shop\/de\/wp-json\/wp\/v2\/product_tag?post=9259"}],"curies":[{"name":"wp","href":"https:\/\/api.w.org\/{rel}","templated":true}]}}